{"id":1165,"date":"2014-09-15T09:44:32","date_gmt":"2014-09-15T07:44:32","guid":{"rendered":"http:\/\/www.pfsa.unsa.ba\/pf\/?page_id=1165"},"modified":"2026-03-30T10:46:49","modified_gmt":"2026-03-30T08:46:49","slug":"profesori-emeriti","status":"publish","type":"page","link":"https:\/\/pfsa.unsa.ba\/pf\/fakultet\/profesori-emeriti\/","title":{"rendered":"Profesori emeritusi"},"content":{"rendered":"<div class=\"large-6 columns\">\n<div class=\"service-div clearfix\">\n<h5><strong>Dr. Borislav Petrovi\u0107<\/strong><br \/>\nAkademik profesor emeritus<\/h5>\n<p>e-mail: <a href=\"mailto:b.petrovic@pfsa.unsa.ba\" class=\"autohyperlink\">b.petrovic@pfsa.unsa.ba<\/a><br \/>\ntelefon: 033\/483-645<\/p>\n<h5><strong>Dr. Enes Durmi\u0161evi\u0107<\/strong><br \/>\nprofesor emeritus<\/h5>\n<p>e-mail: <a href=\"mailto:e.durmisevic@pfsa.unsa.ba\" class=\"autohyperlink\">e.durmisevic@pfsa.unsa.ba<\/a><\/p>\n<h5><strong>Dr. Hajrija Sijer\u010di\u0107-\u010coli\u0107<\/strong><br \/>\nprofesorica emeritus<\/h5>\n<p>e-mail: <a href=\"mailto:h.sijercic.colic@pfsa.unsa.ba\" class=\"autohyperlink\">h.sijercic.colic@pfsa.unsa.ba<\/a><br \/>\ntelefon: 033\/483-606<\/p>\n<h5><strong>Dr. Meliha Povlaki\u0107<\/strong><br \/>\nprofesorica emeritus<\/h5>\n<p>e-mail: <a href=\"mailto:m.povlakic@pfsa.unsa.ba\" class=\"autohyperlink\">m.povlakic@pfsa.unsa.ba<\/a><br \/>\ntelefon: 033\/483-640<\/p>\n<h5><strong>Dr. Nevenko Misita<\/strong><br \/>\nprofesor emeritus<\/h5>\n<p>e-mail: <a href=\"mailto:n.misita@pfsa.unsa.ba\" class=\"autohyperlink\">n.misita@pfsa.unsa.ba<\/a><br \/>\ntelefon: 033\/483-654<\/p>\n<\/div>\n<\/div>\n","protected":false},"excerpt":{"rendered":"<p>Dr. Borislav Petrovi\u0107 Akademik profesor emeritus e-mail: <a href=\"mailto:b.petrovic@pfsa.unsa.ba\" class=\"autohyperlink\">b.petrovic@pfsa.unsa.ba<\/a> telefon: 033\/483-645 Dr. Enes Durmi\u0161evi\u0107 profesor emeritus e-mail: <a href=\"mailto:e.durmisevic@pfsa.unsa.ba\" class=\"autohyperlink\">e.durmisevic@pfsa.unsa.ba<\/a> Dr. Hajrija Sijer\u010di\u0107-\u010coli\u0107 profesorica emeritus e-mail: <a href=\"mailto:h.sijercic.colic@pfsa.unsa.ba\" class=\"autohyperlink\">h.sijercic.colic@pfsa.unsa.ba<\/a> telefon: 033\/483-606 Dr. Meliha Povlaki\u0107 profesorica emeritus e-mail: <a href=\"mailto:m.povlakic@pfsa.unsa.ba\" class=\"autohyperlink\">m.povlakic@pfsa.unsa.ba<\/a> telefon: 033\/483-640 Dr. Nevenko Misita profesor emeritus e-mail: <a href=\"mailto:n.misita@pfsa.unsa.ba\" class=\"autohyperlink\">n.misita@pfsa.unsa.ba<\/a> telefon: 033\/483-654<\/p>\n","protected":false},"author":1,"featured_media":0,"parent":123,"menu_order":0,"comment_status":"open","ping_status":"open","template":"","meta":{"_eb_attr":"","jetpack_post_was_ever_published":false,"footnotes":""},"class_list":["post-1165","page","type-page","status-publish","hentry","node node-blog clearfix"],"jetpack_shortlink":"https:\/\/wp.me\/P9i2Az-iN","jetpack_sharing_enabled":true,"post_mailing_queue_ids":[],"_links":{"self":[{"href":"https:\/\/pfsa.unsa.ba\/pf\/wp-json\/wp\/v2\/pages\/1165","targetHints":{"allow":["GET"]}}],"collection":[{"href":"https:\/\/pfsa.unsa.ba\/pf\/wp-json\/wp\/v2\/pages"}],"about":[{"href":"https:\/\/pfsa.unsa.ba\/pf\/wp-json\/wp\/v2\/types\/page"}],"author":[{"embeddable":true,"href":"https:\/\/pfsa.unsa.ba\/pf\/wp-json\/wp\/v2\/users\/1"}],"replies":[{"embeddable":true,"href":"https:\/\/pfsa.unsa.ba\/pf\/wp-json\/wp\/v2\/comments?post=1165"}],"version-history":[{"count":56,"href":"https:\/\/pfsa.unsa.ba\/pf\/wp-json\/wp\/v2\/pages\/1165\/revisions"}],"predecessor-version":[{"id":76299,"href":"https:\/\/pfsa.unsa.ba\/pf\/wp-json\/wp\/v2\/pages\/1165\/revisions\/76299"}],"up":[{"embeddable":true,"href":"https:\/\/pfsa.unsa.ba\/pf\/wp-json\/wp\/v2\/pages\/123"}],"wp:attachment":[{"href":"https:\/\/pfsa.unsa.ba\/pf\/wp-json\/wp\/v2\/media?parent=1165"}],"curies":[{"name":"wp","href":"https:\/\/api.w.org\/{rel}","templated":true}]}}