{"id":1280,"date":"2014-09-18T14:08:12","date_gmt":"2014-09-18T12:08:12","guid":{"rendered":"http:\/\/www.pfsa.unsa.ba\/pf\/?page_id=1280"},"modified":"2019-05-17T14:17:23","modified_gmt":"2019-05-17T12:17:23","slug":"referentni_dokumenti","status":"publish","type":"page","link":"https:\/\/pfsa.unsa.ba\/pf\/studenti\/referentni_dokumenti\/","title":{"rendered":"Referentni dokumenti\/Obrasci"},"content":{"rendered":"<div class=\"large-8 columns\">\n<div class=\"service-div clearfix\">\n<div class=\"icon-container bg\"><\/div>\n<p><a href=\"http:\/\/www.pfsa.unsa.ba\/pf\/wp-content\/uploads\/2018\/03\/Sexualno-uznemiravanje-Pravni-fakultet-ZA-PRESS.pdf\"><img loading=\"lazy\" decoding=\"async\" class=\"alignleft wp-image-22838 size-medium\" src=\"http:\/\/www.pfsa.unsa.ba\/pf\/wp-content\/uploads\/2018\/03\/smjernice-213x300.png\" alt=\"\" width=\"213\" height=\"300\" srcset=\"https:\/\/pfsa.unsa.ba\/pf\/wp-content\/uploads\/2018\/03\/smjernice-213x300.png 213w, https:\/\/pfsa.unsa.ba\/pf\/wp-content\/uploads\/2018\/03\/smjernice.png 617w\" sizes=\"auto, (max-width: 213px) 100vw, 213px\" \/><\/a><\/p>\n<div>Savjetnica za prevenciju seksualnog i rodno zasnovanog uznemiravanja<\/div>\n<div><\/div>\n<div>\n<p><strong>Prof. dr. Jasna Bak\u0161i\u0107 &#8211; Mufti\u0107<\/strong><\/p>\n<p>kontakt informacije:<br \/>\ne mail: <a href=\"mailto:j.baksic.muftic@pfsa.unsa.ba\" target=\"_blank\" rel=\"noopener\">j.baksic.muftic@pfsa.unsa.ba<\/a><br \/>\ne mail: <a href=\"mailto:jasnabm@gmail.com\" target=\"_blank\" rel=\"noopener\">jasnabm@gmail.com<\/a><br \/>\ntel: <a href=\"tel:033%20206-350\" target=\"_blank\" rel=\"noopener\">+387 33 206 350<\/a> (lok.255)<br \/>\nadresa: Obala Kulina bana 7<\/p>\n<\/div>\n<\/div>\n<\/div>\n<p>&nbsp;<\/p>\n<p>&nbsp;<\/p>\n<p>&nbsp;<\/p>\n<p>&nbsp;<\/p>\n<p>&nbsp;<\/p>\n<p>&nbsp;<\/p>\n","protected":false},"excerpt":{"rendered":"<p>Savjetnica za prevenciju seksualnog i rodno zasnovanog uznemiravanja Prof. dr. Jasna Bak\u0161i\u0107 &#8211; Mufti\u0107 kontakt informacije: e mail: <a href=\"mailto:j.baksic.muftic@pfsa.unsa.ba\" class=\"autohyperlink\">j.baksic.muftic@pfsa.unsa.ba<\/a> e mail: <a href=\"mailto:jasnabm@gmail.com\" class=\"autohyperlink\">jasnabm@gmail.com<\/a> tel: +387 33 206 350 (lok.255) adresa: Obala Kulina bana 7 &nbsp; &nbsp; &nbsp; &nbsp; &nbsp; &nbsp;<\/p>\n","protected":false},"author":1,"featured_media":0,"parent":133,"menu_order":36,"comment_status":"open","ping_status":"open","template":"","meta":{"_eb_attr":"","jetpack_post_was_ever_published":false,"footnotes":""},"class_list":["post-1280","page","type-page","status-publish","hentry","node node-blog clearfix"],"jetpack_shortlink":"https:\/\/wp.me\/P9i2Az-kE","jetpack_sharing_enabled":true,"post_mailing_queue_ids":[],"_links":{"self":[{"href":"https:\/\/pfsa.unsa.ba\/pf\/wp-json\/wp\/v2\/pages\/1280","targetHints":{"allow":["GET"]}}],"collection":[{"href":"https:\/\/pfsa.unsa.ba\/pf\/wp-json\/wp\/v2\/pages"}],"about":[{"href":"https:\/\/pfsa.unsa.ba\/pf\/wp-json\/wp\/v2\/types\/page"}],"author":[{"embeddable":true,"href":"https:\/\/pfsa.unsa.ba\/pf\/wp-json\/wp\/v2\/users\/1"}],"replies":[{"embeddable":true,"href":"https:\/\/pfsa.unsa.ba\/pf\/wp-json\/wp\/v2\/comments?post=1280"}],"version-history":[{"count":25,"href":"https:\/\/pfsa.unsa.ba\/pf\/wp-json\/wp\/v2\/pages\/1280\/revisions"}],"predecessor-version":[{"id":31089,"href":"https:\/\/pfsa.unsa.ba\/pf\/wp-json\/wp\/v2\/pages\/1280\/revisions\/31089"}],"up":[{"embeddable":true,"href":"https:\/\/pfsa.unsa.ba\/pf\/wp-json\/wp\/v2\/pages\/133"}],"wp:attachment":[{"href":"https:\/\/pfsa.unsa.ba\/pf\/wp-json\/wp\/v2\/media?parent=1280"}],"curies":[{"name":"wp","href":"https:\/\/api.w.org\/{rel}","templated":true}]}}