{"id":129,"date":"2014-08-20T13:53:59","date_gmt":"2014-08-20T11:53:59","guid":{"rendered":"http:\/\/www.pfsa.unsa.ba\/pf\/?page_id=129"},"modified":"2026-02-23T16:11:34","modified_gmt":"2026-02-23T15:11:34","slug":"aktivnosti","status":"publish","type":"page","link":"https:\/\/pfsa.unsa.ba\/pf\/aktivnosti\/","title":{"rendered":"Aktivnosti"},"content":{"rendered":"  \r\n  <div class=\"row  blog-page\">\r\n    <div class=\"view view-blog view-id-blog\">\r\n      <div class=\"view-content\"><!-- Poste -->\r\n         <ul id=\"i-scroll\" class=\"small-block-grid-1 large-block-grid-2\">            \r\n          \r\n            <li class=\"\">        \r\n              <article class=\"article\">\r\n                <a href=\"https:\/\/pfsa.unsa.ba\/pf\/np-obavjestenje-o-ispitu-20-4-2026-godine\/\" title=\"NP &#8211; obavje\u0161tenje o ispitu, 20.4.2026. godine\"><\/a>\r\n                <div class=\"post-body\">\r\n                  <h2><a href=\"https:\/\/pfsa.unsa.ba\/pf\/np-obavjestenje-o-ispitu-20-4-2026-godine\/\">NP &#8211; obavje\u0161tenje o ispitu, 20.4.2026. godine<\/a><\/h2>\r\n                  <p> Drage kolegice i kolege, ovim putem vas obavje\u0161tavamo da \u0107e se ispit iz predmeta Nasljedno pravo odr\u017eati u ponedjeljak, 20.4.&hellip; <\/p>\r\n                <\/div>\r\n                <\/article>         \r\n              <\/li>\r\n            \r\n            <li class=\"\">        \r\n              <article class=\"article\">\r\n                <a href=\"https:\/\/pfsa.unsa.ba\/pf\/we-mind-unapredjenje-mentalnog-zdravlja-i-inovacija-u-visokom-obrazovanju-upitnik-za-studente\/\" title=\"WE-MIND: Unapre\u0111enje mentalnog zdravlja i inovacija u visokom obrazovanju &#8211; upitnik za studente\"><\/a>\r\n                <div class=\"post-body\">\r\n                  <h2><a href=\"https:\/\/pfsa.unsa.ba\/pf\/we-mind-unapredjenje-mentalnog-zdravlja-i-inovacija-u-visokom-obrazovanju-upitnik-za-studente\/\">WE-MIND: Unapre\u0111enje mentalnog zdravlja i inovacija u visokom obrazovanju &#8211; upitnik za studente<\/a><\/h2>\r\n                  <p> Po\u0161tovane studentice i studenti, u okviru Erasmus+ projekta WE-MIND: unapre\u0111enje mentalnog zdravlja i inovacija u visokom obrazovanju, trenutno se provodi&hellip; <\/p>\r\n                <\/div>\r\n                <\/article>         \r\n              <\/li>\r\n            \r\n            <li class=\"\">        \r\n              <article class=\"article\">\r\n                <a href=\"https:\/\/pfsa.unsa.ba\/pf\/gpp-obavjestenje-o-ispitu-za-studente-koji-studiraju-po-predbolonjskim-pravilima-studiranja-3-4-2026-godine-gpp-obavjestenje-o-ispitu-za-studente-koji-studiraju-po-predbolonj\/\" title=\"GPP \u2013 Obavje\u0161tenje o ispitu za studente koji studiraju po predbolonjskim pravilima studiranja (3. 4. 2026. godine)\t GPP \u2013 Obavje\u0161tenje o ispitu za studente koji studiraju po predbolonjskim pravilima studiranja (17. 4. 2026. godine)\"><\/a>\r\n                <div class=\"post-body\">\r\n                  <h2><a href=\"https:\/\/pfsa.unsa.ba\/pf\/gpp-obavjestenje-o-ispitu-za-studente-koji-studiraju-po-predbolonjskim-pravilima-studiranja-3-4-2026-godine-gpp-obavjestenje-o-ispitu-za-studente-koji-studiraju-po-predbolonj\/\">GPP \u2013 Obavje\u0161tenje o ispitu za studente koji studiraju po predbolonjskim pravilima studiranja (3. 4. 2026. godine)\t GPP \u2013 Obavje\u0161tenje o ispitu za studente koji studiraju po predbolonjskim pravilima studiranja (17. 4. 2026. godine)<\/a><\/h2>\r\n                  <p> Obavje\u0161tavaju se studenti\/ce koji\/e studiraju u skladu sa predbolonjskim pravilima studiranja da \u0107e se ispit iz predmeta Gra\u0111ansko procesno pravo&hellip; <\/p>\r\n                <\/div>\r\n                <\/article>         \r\n              <\/li>\r\n            \r\n            <li class=\"\">        \r\n              <article class=\"article\">\r\n                <a href=\"https:\/\/pfsa.unsa.ba\/pf\/obavijest-o-javnoj-odbrani-doktorske-disertacije-anise-ruhotine-mr-iur\/\" title=\"Obavijest o javnoj odbrani doktorske disertacije Anise Ruhotine, mr. iur.\"><\/a>\r\n                <div class=\"post-body\">\r\n                  <h2><a href=\"https:\/\/pfsa.unsa.ba\/pf\/obavijest-o-javnoj-odbrani-doktorske-disertacije-anise-ruhotine-mr-iur\/\">Obavijest o javnoj odbrani doktorske disertacije Anise Ruhotine, mr. iur.<\/a><\/h2>\r\n                  <p> Obavijest o javnoj odbrani doktorske disertacije Anise Ruhotine, mr. iur. <\/p>\r\n                <\/div>\r\n                <\/article>         \r\n              <\/li>\r\n            \r\n            <li class=\"\">        \r\n              <article class=\"article\">\r\n                <a href=\"https:\/\/pfsa.unsa.ba\/pf\/gradjansko-pravo-ispit-stari-rezim\/\" title=\"Gra\u0111ansko pravo, ispit (stari re\u017eim)\"><\/a>\r\n                <div class=\"post-body\">\r\n                  <h2><a href=\"https:\/\/pfsa.unsa.ba\/pf\/gradjansko-pravo-ispit-stari-rezim\/\">Gra\u0111ansko pravo, ispit (stari re\u017eim)<\/a><\/h2>\r\n                  <p> Studenti koji su se prijavili na ispit 14.4.2026. godine i namjeravaju pristupiti ispitu, trebaju se obavezno javiti putem emaila a.dzinalic@pfsa.unsa.ba,najkasnije&hellip; <\/p>\r\n                <\/div>\r\n                <\/article>         \r\n              <\/li>\r\n            \r\n            <li class=\"\">        \r\n              <article class=\"article\">\r\n                <a href=\"https:\/\/pfsa.unsa.ba\/pf\/odluka-o-pokretanju-postupka-nabavke-usluge-popravke-i-odrzavanja-vatrogasne-opreme\/\" title=\"Odluka o pokretanju postupka nabavke \u2013 Usluge popravke i odr\u017eavanja vatrogasne opreme\"><\/a>\r\n                <div class=\"post-body\">\r\n                  <h2><a href=\"https:\/\/pfsa.unsa.ba\/pf\/odluka-o-pokretanju-postupka-nabavke-usluge-popravke-i-odrzavanja-vatrogasne-opreme\/\">Odluka o pokretanju postupka nabavke \u2013 Usluge popravke i odr\u017eavanja vatrogasne opreme<\/a><\/h2>\r\n                  <p> ODLUKA O POKRETANJU POSTUPKA NABAVKE - Usluge popravke i odr\u017eavanja vatrogasne opreme <\/p>\r\n                <\/div>\r\n                <\/article>         \r\n              <\/li>\r\n            \r\n            <li class=\"\">        \r\n              <article class=\"article\">\r\n                <a href=\"https:\/\/pfsa.unsa.ba\/pf\/odbrana-zavrsnog-rada-selma-pitic\/\" title=\"Odbrana zavr\u0161nog rada &#8211; Selma Piti\u0107\"><\/a>\r\n                <div class=\"post-body\">\r\n                  <h2><a href=\"https:\/\/pfsa.unsa.ba\/pf\/odbrana-zavrsnog-rada-selma-pitic\/\">Odbrana zavr\u0161nog rada &#8211; Selma Piti\u0107<\/a><\/h2>\r\n                  <p> Na Univerzitetu u Sarajevu - Pravnom fakultetu, Selma Piti\u0107, studentica II ciklusa studija na Katedri za dr\u017eavno i me\u0111unarodno javno&hellip; <\/p>\r\n                <\/div>\r\n                <\/article>         \r\n              <\/li>\r\n            \r\n            <li class=\"\">        \r\n              <article class=\"article\">\r\n                <a href=\"https:\/\/pfsa.unsa.ba\/pf\/poziv-univerziteta-u-sarajevu\/\" title=\"Poziv Univerziteta u Sarajevu\"><\/a>\r\n                <div class=\"post-body\">\r\n                  <h2><a href=\"https:\/\/pfsa.unsa.ba\/pf\/poziv-univerziteta-u-sarajevu\/\">Poziv Univerziteta u Sarajevu<\/a><\/h2>\r\n                  <p> Poziv Univerziteta u Sarajevu <\/p>\r\n                <\/div>\r\n                <\/article>         \r\n              <\/li>\r\n            \r\n            <li class=\"\">        \r\n              <article class=\"article\">\r\n                <a href=\"https:\/\/pfsa.unsa.ba\/pf\/obavijest-o-parcijalnom-ispitu-iz-nastavnog-predmeta-socijalno-pravo-u-vi-semestru-akad-2025-2026-godine-redovni-i-redovno-samofinansirajuci-studij\/\" title=\"Obavijest o parcijalnom ispitu  iz nastavnog predmeta Socijalno pravo u VI semestru akad. 2025\/2026. godine-REDOVNI I REDOVNO-SAMOFINANSIRAJU\u0106I STUDIJ\"><\/a>\r\n                <div class=\"post-body\">\r\n                  <h2><a href=\"https:\/\/pfsa.unsa.ba\/pf\/obavijest-o-parcijalnom-ispitu-iz-nastavnog-predmeta-socijalno-pravo-u-vi-semestru-akad-2025-2026-godine-redovni-i-redovno-samofinansirajuci-studij\/\">Obavijest o parcijalnom ispitu  iz nastavnog predmeta Socijalno pravo u VI semestru akad. 2025\/2026. godine-REDOVNI I REDOVNO-SAMOFINANSIRAJU\u0106I STUDIJ<\/a><\/h2>\r\n                  <p> Parcijalni ispit iz nastavnog predmeta Socijalno pravo u VI semestru akad. 2025\/2026. godine za redovne i redovno-samofinansiraju\u0107e studente\/ice koji su&hellip; <\/p>\r\n                <\/div>\r\n                <\/article>         \r\n              <\/li>\r\n            \r\n            <li class=\"\">        \r\n              <article class=\"article\">\r\n                <a href=\"https:\/\/pfsa.unsa.ba\/pf\/obavijest-o-nacinu-odrzavanja-ispita-iz-predmeta-ekonomska-politika-zakazan-za-15-4-2026-godine\/\" title=\"Obavijest o na\u010dinu odr\u017eavanja ispita iz predmeta Ekonomska politika zakazan za 15.4.2026. godine\"><\/a>\r\n                <div class=\"post-body\">\r\n                  <h2><a href=\"https:\/\/pfsa.unsa.ba\/pf\/obavijest-o-nacinu-odrzavanja-ispita-iz-predmeta-ekonomska-politika-zakazan-za-15-4-2026-godine\/\">Obavijest o na\u010dinu odr\u017eavanja ispita iz predmeta Ekonomska politika zakazan za 15.4.2026. godine<\/a><\/h2>\r\n                  <p> Univerzitet u Sarajevu Pravni fakultet Predbolonjski re\u017eim studiranja Ekonomska politika Prof. dr. Kanita Imamovi\u0107-\u010cizmi\u0107 Sarajevo, 08.04.2026. godine Obavijest o na\u010dinu&hellip; <\/p>\r\n                <\/div>\r\n                <\/article>         \r\n              <\/li>\r\n            \r\n            <li class=\"\">        \r\n              <article class=\"article\">\r\n                <a href=\"https:\/\/pfsa.unsa.ba\/pf\/odbrana-zavrsnog-rada-tanja-hadzagic\/\" title=\"Odbrana zavr\u0161nog rada &#8211; Tanja Had\u017eagi\u0107\"><\/a>\r\n                <div class=\"post-body\">\r\n                  <h2><a href=\"https:\/\/pfsa.unsa.ba\/pf\/odbrana-zavrsnog-rada-tanja-hadzagic\/\">Odbrana zavr\u0161nog rada &#8211; Tanja Had\u017eagi\u0107<\/a><\/h2>\r\n                  <p> Na Univerzitetu u Sarajevu - Pravnom fakultetu, Tanja Had\u017eagi\u0107, studentica II ciklusa studija na Katedri krivi\u010dnog prava, smjer Krivi\u010dno pravo,&hellip; <\/p>\r\n                <\/div>\r\n                <\/article>         \r\n              <\/li>\r\n            \r\n            <li class=\"\">        \r\n              <article class=\"article\">\r\n                <a href=\"https:\/\/pfsa.unsa.ba\/pf\/odbrana-zavrsnog-rada-amila-bradic\/\" title=\"Odbrana zavr\u0161nog rada &#8211; Amila Bradi\u0107\"><\/a>\r\n                <div class=\"post-body\">\r\n                  <h2><a href=\"https:\/\/pfsa.unsa.ba\/pf\/odbrana-zavrsnog-rada-amila-bradic\/\">Odbrana zavr\u0161nog rada &#8211; Amila Bradi\u0107<\/a><\/h2>\r\n                  <p> Na Univerzitetu u Sarajevu - Pravnom fakultetu, Amila Bradi\u0107, studentica II ciklusa studija na Katedri krivi\u010dnog prava, Krivi\u010dnopravni smjer, branit&hellip; <\/p>\r\n                <\/div>\r\n                <\/article>         \r\n              <\/li>\r\n            \r\n            <li class=\"\">        \r\n              <article class=\"article\">\r\n                <a href=\"https:\/\/pfsa.unsa.ba\/pf\/odbrana-zavrsnog-rada-edo-brackovic\/\" title=\"Odbrana zavr\u0161nog rada &#8211; Edo Bra\u010dkovi\u0107\"><\/a>\r\n                <div class=\"post-body\">\r\n                  <h2><a href=\"https:\/\/pfsa.unsa.ba\/pf\/odbrana-zavrsnog-rada-edo-brackovic\/\">Odbrana zavr\u0161nog rada &#8211; Edo Bra\u010dkovi\u0107<\/a><\/h2>\r\n                  <p> Na Univerzitetu u Sarajevu - Pravnom fakultetu, Edo Bra\u010dkovi\u0107, student II ciklusa studija na Katedri krivi\u010dnog prava, smjer Krivi\u010dno pravo,&hellip; <\/p>\r\n                <\/div>\r\n                <\/article>         \r\n              <\/li>\r\n            \r\n            <li class=\"\">        \r\n              <article class=\"article\">\r\n                <a href=\"https:\/\/pfsa.unsa.ba\/pf\/odbrana-zavrsnog-rada-merjem-busnov\/\" title=\"Odbrana zavr\u0161nog rada &#8211; Merjem Busnov\"><\/a>\r\n                <div class=\"post-body\">\r\n                  <h2><a href=\"https:\/\/pfsa.unsa.ba\/pf\/odbrana-zavrsnog-rada-merjem-busnov\/\">Odbrana zavr\u0161nog rada &#8211; Merjem Busnov<\/a><\/h2>\r\n                  <p> Na Univerzitetu u Sarajevu - Pravnom fakultetu, Merjem Busnov, studentica II ciklusa studija na Katedri krivi\u010dnog prava, smjer Krivi\u010dno pravo,&hellip; <\/p>\r\n                <\/div>\r\n                <\/article>         \r\n              <\/li>\r\n            \r\n            <li class=\"\">        \r\n              <article class=\"article\">\r\n                <a href=\"https:\/\/pfsa.unsa.ba\/pf\/vazna-obavijest-instruktivne-vjezbe-i-kabinetske-konsultacije-alternativni-nacini-ostvarivanja-zastite-prava-intelektualnog-vlasnistva-i-individualnih-subjektivnih-prava\/\" title=\"Va\u017ena obavijest &#8211; instruktivne vje\u017ebe i kabinetske konsultacije (Alternativni na\u010dini ostvarivanja za\u0161tite prava intelektualnog vlasni\u0161tva i individualnih subjektivnih prava)\"><\/a>\r\n                <div class=\"post-body\">\r\n                  <h2><a href=\"https:\/\/pfsa.unsa.ba\/pf\/vazna-obavijest-instruktivne-vjezbe-i-kabinetske-konsultacije-alternativni-nacini-ostvarivanja-zastite-prava-intelektualnog-vlasnistva-i-individualnih-subjektivnih-prava\/\">Va\u017ena obavijest &#8211; instruktivne vje\u017ebe i kabinetske konsultacije (Alternativni na\u010dini ostvarivanja za\u0161tite prava intelektualnog vlasni\u0161tva i individualnih subjektivnih prava)<\/a><\/h2>\r\n                  <p> Obavje\u0161tavaju se studenti_ce da \u0107e se u periodu od 20.04.2026. godine do 04.05.2026. godine, kao i u periodu od 11.05.2026.&hellip; <\/p>\r\n                <\/div>\r\n                <\/article>         \r\n              <\/li>\r\n            \r\n            <li class=\"\">        \r\n              <article class=\"article\">\r\n                <a href=\"https:\/\/pfsa.unsa.ba\/pf\/vazna-obavijest-instruktivne-vjezbe-i-kabinetske-konsultacije-naucna-oblast-pravo-intelektualnog-vlasnistva\/\" title=\"VA\u017dNA OBAVIJEST &#8211; instruktivne vje\u017ebe i kabinetske konsultacije (nau\u010dna oblast Pravo intelektualnog vlasni\u0161tva)\"><\/a>\r\n                <div class=\"post-body\">\r\n                  <h2><a href=\"https:\/\/pfsa.unsa.ba\/pf\/vazna-obavijest-instruktivne-vjezbe-i-kabinetske-konsultacije-naucna-oblast-pravo-intelektualnog-vlasnistva\/\">VA\u017dNA OBAVIJEST &#8211; instruktivne vje\u017ebe i kabinetske konsultacije (nau\u010dna oblast Pravo intelektualnog vlasni\u0161tva)<\/a><\/h2>\r\n                  <p> Obavje\u0161tavaju se studenti_ce da \u0107e se u periodu od 20.04.2026. godine do 04.05.2026. godine, kao i u periodu od 11.05.2026.&hellip; <\/p>\r\n                <\/div>\r\n                <\/article>         \r\n              <\/li>\r\n            \r\n            <li class=\"\">        \r\n              <article class=\"article\">\r\n                <a href=\"https:\/\/pfsa.unsa.ba\/pf\/appiv-mjesto-i-vrijeme-odrzavanja-ii-aprilskog-roka-14-04-2\/\" title=\"APPIV \/ Mjesto i vrijeme odr\u017eavanja II. aprilskog roka (14.04.)\"><\/a>\r\n                <div class=\"post-body\">\r\n                  <h2><a href=\"https:\/\/pfsa.unsa.ba\/pf\/appiv-mjesto-i-vrijeme-odrzavanja-ii-aprilskog-roka-14-04-2\/\">APPIV \/ Mjesto i vrijeme odr\u017eavanja II. aprilskog roka (14.04.)<\/a><\/h2>\r\n                  <p> Ovim se obavje\u0161tavaju studenti\/ce predbolonjskog sistema studija da \u0107e se ispit iz obaveznog predmeta Autorsko pravo i pravo industrijske svojine&hellip; <\/p>\r\n                <\/div>\r\n                <\/article>         \r\n              <\/li>\r\n            \r\n            <li class=\"\">        \r\n              <article class=\"article\">\r\n                <a href=\"https:\/\/pfsa.unsa.ba\/pf\/appiv-mjesto-i-vrijeme-odrzavanja-ii-aprilskog-roka-14-04\/\" title=\"APPIV \/ Mjesto i vrijeme odr\u017eavanja II. aprilskog roka (14.04.)\"><\/a>\r\n                <div class=\"post-body\">\r\n                  <h2><a href=\"https:\/\/pfsa.unsa.ba\/pf\/appiv-mjesto-i-vrijeme-odrzavanja-ii-aprilskog-roka-14-04\/\">APPIV \/ Mjesto i vrijeme odr\u017eavanja II. aprilskog roka (14.04.)<\/a><\/h2>\r\n                  <p> Ovim se obavje\u0161tavaju studenti\/ce studenti\/ice predbolonjskog sistema studija da \u0107e se ispit iz obaveznog predmeta Autorsko pravo i pravo industrijske&hellip; <\/p>\r\n                <\/div>\r\n                <\/article>         \r\n              <\/li>\r\n            \r\n            <li class=\"\">        \r\n              <article class=\"article\">\r\n                <a href=\"https:\/\/pfsa.unsa.ba\/pf\/kontinuirano-ucesce-u-nastavi-i-vjezbama-alternativni-nacini-ostvarivanja-zastite-prava-intelektualnog-vlasnistva-i-individualnih-subjektivnih-prava-za-modul-i\/\" title=\"Kontinuirano u\u010de\u0161\u0107e u nastavi i vje\u017ebama &#8211; Alternativni na\u010dini ostvarivanja za\u0161tite prava intelektualnog vlasni\u0161tva i individualnih subjektivnih prava za Modul I\"><\/a>\r\n                <div class=\"post-body\">\r\n                  <h2><a href=\"https:\/\/pfsa.unsa.ba\/pf\/kontinuirano-ucesce-u-nastavi-i-vjezbama-alternativni-nacini-ostvarivanja-zastite-prava-intelektualnog-vlasnistva-i-individualnih-subjektivnih-prava-za-modul-i\/\">Kontinuirano u\u010de\u0161\u0107e u nastavi i vje\u017ebama &#8211; Alternativni na\u010dini ostvarivanja za\u0161tite prava intelektualnog vlasni\u0161tva i individualnih subjektivnih prava za Modul I<\/a><\/h2>\r\n                  <p> Preliminarna lista kont.uc\u030c. ADR <\/p>\r\n                <\/div>\r\n                <\/article>         \r\n              <\/li>\r\n            \r\n            <li class=\"\">        \r\n              <article class=\"article\">\r\n                <a href=\"https:\/\/pfsa.unsa.ba\/pf\/20-04-2026-godine-prva-semestralna-provjera-znanja-alternativni-nacini-ostvarivanja-zastite-prava-intelektualnog-vlasnistva-i-individualnih-subjektivnih-prava-za-modul-i\/\" title=\"20.04.2026. godine &#8211; prva semestralna provjera znanja &#8211; Alternativni na\u010dini ostvarivanja za\u0161tite prava intelektualnog vlasni\u0161tva i individualnih subjektivnih prava za Modul I\"><\/a>\r\n                <div class=\"post-body\">\r\n                  <h2><a href=\"https:\/\/pfsa.unsa.ba\/pf\/20-04-2026-godine-prva-semestralna-provjera-znanja-alternativni-nacini-ostvarivanja-zastite-prava-intelektualnog-vlasnistva-i-individualnih-subjektivnih-prava-za-modul-i\/\">20.04.2026. godine &#8211; prva semestralna provjera znanja &#8211; Alternativni na\u010dini ostvarivanja za\u0161tite prava intelektualnog vlasni\u0161tva i individualnih subjektivnih prava za Modul I<\/a><\/h2>\r\n                  <p> Po\u0161tovani\/e kolege\/ice, usmeni ispit iz obaveznog predmeta Alternativni na\u010dini ostvarivanja za\u0161tite prava intelektualnog vlasni\u0161tva i individualnih subjektivnih prava za Modul&hellip; <\/p>\r\n                <\/div>\r\n                <\/article>         \r\n              <\/li>\r\n                  <\/ul>\r\n      <\/div>\r\n      <div class=\"more-link\">  <\/div>\r\n    <\/div>    \r\n  <\/div>\r\n  \r\n  \n","protected":false},"excerpt":{"rendered":"","protected":false},"author":1,"featured_media":0,"parent":0,"menu_order":1,"comment_status":"open","ping_status":"open","template":"","meta":{"_eb_attr":"","jetpack_post_was_ever_published":false,"footnotes":""},"class_list":["post-129","page","type-page","status-publish","hentry","node node-blog clearfix"],"jetpack_shortlink":"https:\/\/wp.me\/P9i2Az-25","jetpack_sharing_enabled":true,"post_mailing_queue_ids":[],"_links":{"self":[{"href":"https:\/\/pfsa.unsa.ba\/pf\/wp-json\/wp\/v2\/pages\/129","targetHints":{"allow":["GET"]}}],"collection":[{"href":"https:\/\/pfsa.unsa.ba\/pf\/wp-json\/wp\/v2\/pages"}],"about":[{"href":"https:\/\/pfsa.unsa.ba\/pf\/wp-json\/wp\/v2\/types\/page"}],"author":[{"embeddable":true,"href":"https:\/\/pfsa.unsa.ba\/pf\/wp-json\/wp\/v2\/users\/1"}],"replies":[{"embeddable":true,"href":"https:\/\/pfsa.unsa.ba\/pf\/wp-json\/wp\/v2\/comments?post=129"}],"version-history":[{"count":45,"href":"https:\/\/pfsa.unsa.ba\/pf\/wp-json\/wp\/v2\/pages\/129\/revisions"}],"predecessor-version":[{"id":75857,"href":"https:\/\/pfsa.unsa.ba\/pf\/wp-json\/wp\/v2\/pages\/129\/revisions\/75857"}],"wp:attachment":[{"href":"https:\/\/pfsa.unsa.ba\/pf\/wp-json\/wp\/v2\/media?parent=129"}],"curies":[{"name":"wp","href":"https:\/\/api.w.org\/{rel}","templated":true}]}}