{"id":131,"date":"2014-08-20T13:55:37","date_gmt":"2014-08-20T11:55:37","guid":{"rendered":"http:\/\/www.pfsa.unsa.ba\/pf\/?page_id=131"},"modified":"2025-12-17T17:24:11","modified_gmt":"2025-12-17T16:24:11","slug":"biblioteka","status":"publish","type":"page","link":"https:\/\/pfsa.unsa.ba\/pf\/biblioteka\/","title":{"rendered":"Biblioteka"},"content":{"rendered":"<div class=\"large-6 columns\">\n<div class=\"service-div clearfix\">\n<div class=\"icon-container bg\"><i class=\"fa fa-th-large fa-2\"><\/i><\/div>\n<h3>Obavje\u0161tenja, dokumenti i podaci<\/h3>\n<p><a href=\"\/pf\/biblioteka\/baze-podataka\/\" class=\"icon-container yellow-bg small\"><br \/>\n<br \/><i class=\"fa fa-info fa-2\"><\/i><br \/>\n<span>Katalog i baze podataka<\/span><\/a><\/p>\n<p><a href=\"\/pf\/biblioteka\/usluge\/\" class=\"icon-container orange-bg small\"><br \/>\n<br \/><i class=\"fa fa-info fa-2\"><\/i><br \/>\n<span>Usluge<\/span><\/a><\/p>\n<p><a href=\"\/pf\/biblioteka\/izdavacka-djelatnost\/\" class=\"icon-container darkred-bg small\"><br \/>\n<br \/><i class=\"fa fa-info fa-2\"><\/i><br \/>\n<span>Izdava\u010dka djelatnost<\/span><\/a><\/p>\n<\/div>\n<\/div>\n<div class=\"large-6 columns\">\n<div class=\"service-div clearfix\">\n<div class=\"icon-container bg\"><i class=\"fa fa-th-large fa-2\"><\/i><\/div>\n<h3>Slu\u017eba biblioteke<\/h3>\n<p><a href=\"\/pf\/biblioteka\/biblioteka\/\" class=\"icon-container green-bg small\"><br \/>\n<br \/><i class=\"fa fa-info fa-2\"><\/i><br \/>\n<span>Osoblje i radno vrijeme<\/span><br \/>\n<a href=\"\/pf\/category\/biblioteka-obavijesti\/\" class=\"icon-container blue-bg small\"><br \/>\n<br \/><i class=\"fa fa-info fa-2\"><\/i><br \/>\n<span>Obavijesti<\/span><br \/>\n<\/a><\/p>\n<\/div>\n<\/div>\n","protected":false},"excerpt":{"rendered":"<p>Obavje\u0161tenja, dokumenti i podaci Katalog i baze podataka Usluge Izdava\u010dka djelatnost Slu\u017eba biblioteke Osoblje i radno vrijeme Obavijesti<\/p>\n","protected":false},"author":1,"featured_media":0,"parent":0,"menu_order":2,"comment_status":"open","ping_status":"open","template":"","meta":{"_eb_attr":"","jetpack_post_was_ever_published":false,"footnotes":""},"class_list":["post-131","page","type-page","status-publish","hentry","node node-blog clearfix"],"jetpack_shortlink":"https:\/\/wp.me\/P9i2Az-27","jetpack_sharing_enabled":true,"post_mailing_queue_ids":[],"_links":{"self":[{"href":"https:\/\/pfsa.unsa.ba\/pf\/wp-json\/wp\/v2\/pages\/131","targetHints":{"allow":["GET"]}}],"collection":[{"href":"https:\/\/pfsa.unsa.ba\/pf\/wp-json\/wp\/v2\/pages"}],"about":[{"href":"https:\/\/pfsa.unsa.ba\/pf\/wp-json\/wp\/v2\/types\/page"}],"author":[{"embeddable":true,"href":"https:\/\/pfsa.unsa.ba\/pf\/wp-json\/wp\/v2\/users\/1"}],"replies":[{"embeddable":true,"href":"https:\/\/pfsa.unsa.ba\/pf\/wp-json\/wp\/v2\/comments?post=131"}],"version-history":[{"count":98,"href":"https:\/\/pfsa.unsa.ba\/pf\/wp-json\/wp\/v2\/pages\/131\/revisions"}],"predecessor-version":[{"id":75001,"href":"https:\/\/pfsa.unsa.ba\/pf\/wp-json\/wp\/v2\/pages\/131\/revisions\/75001"}],"wp:attachment":[{"href":"https:\/\/pfsa.unsa.ba\/pf\/wp-json\/wp\/v2\/media?parent=131"}],"curies":[{"name":"wp","href":"https:\/\/api.w.org\/{rel}","templated":true}]}}