{"id":13882,"date":"2016-12-03T20:39:49","date_gmt":"2016-12-03T19:39:49","guid":{"rendered":"http:\/\/www.pfsa.unsa.ba\/pf\/?page_id=13882"},"modified":"2021-10-06T11:38:32","modified_gmt":"2021-10-06T09:38:32","slug":"medunarodna-saradnja-i-erasmus","status":"publish","type":"page","link":"https:\/\/pfsa.unsa.ba\/pf\/medunarodna-saradnja-i-erasmus\/","title":{"rendered":"Nau\u010dni skupovi, me\u0111unarodna saradnja, Erasmus i ljetne \u0161kole"},"content":{"rendered":"<div class=\"large-12 columns\">\n<div class=\"service-div clearfix\">\n<div class=\"large-6 columns\">\n<a class=\"icon-container yellow-bg small\" href=\"\/pf\/category\/naucni-skupovi\/\"><br \/>\n<i class=\"fa fa-info fa-2\"><\/i><br \/>\n<span>&nbsp;<br \/>Nau\u010dni skupovi<\/span><br \/>\n<\/a><a class=\"icon-container orange-bg small\" href=\"\/pf\/category\/medunarodna-saradnja\/\"><br \/>\n<i class=\"fa fa-info fa-2\"><\/i><br \/>\n<span>&nbsp;<br \/>Me\u0111unarodna saradnja<\/span><br \/>\n<\/a>\n<\/div>\n<div class=\"large-6 columns\">\n<a class=\"icon-container red-bg small\" href=\"https:\/\/international.unsa.ba\/\"><br \/>\n<i class=\"fa-share-alt  fa fa-2x\"><\/i><br \/>\n<span>&nbsp;<br \/>Erasmus<\/span><br \/>\n<\/a><a class=\"icon-container darkred-bg small\" href=\"\/pf\/category\/ljetna-skola\/\"><br \/>\n<i class=\"fa fa-info fa-2\"><\/i><br \/>\n<span>&nbsp;<br \/>Ljetna \u0161kola<\/span><\/a>\n<\/div>\n<\/div>\n","protected":false},"excerpt":{"rendered":"<p>&nbsp;Nau\u010dni skupovi &nbsp;Me\u0111unarodna saradnja &nbsp;Erasmus &nbsp;Ljetna \u0161kola<\/p>\n","protected":false},"author":1,"featured_media":0,"parent":0,"menu_order":0,"comment_status":"closed","ping_status":"closed","template":"","meta":{"_eb_attr":"","jetpack_post_was_ever_published":false,"footnotes":""},"class_list":["post-13882","page","type-page","status-publish","hentry","node node-blog clearfix"],"jetpack_shortlink":"https:\/\/wp.me\/P9i2Az-3BU","jetpack_sharing_enabled":true,"post_mailing_queue_ids":[],"_links":{"self":[{"href":"https:\/\/pfsa.unsa.ba\/pf\/wp-json\/wp\/v2\/pages\/13882","targetHints":{"allow":["GET"]}}],"collection":[{"href":"https:\/\/pfsa.unsa.ba\/pf\/wp-json\/wp\/v2\/pages"}],"about":[{"href":"https:\/\/pfsa.unsa.ba\/pf\/wp-json\/wp\/v2\/types\/page"}],"author":[{"embeddable":true,"href":"https:\/\/pfsa.unsa.ba\/pf\/wp-json\/wp\/v2\/users\/1"}],"replies":[{"embeddable":true,"href":"https:\/\/pfsa.unsa.ba\/pf\/wp-json\/wp\/v2\/comments?post=13882"}],"version-history":[{"count":136,"href":"https:\/\/pfsa.unsa.ba\/pf\/wp-json\/wp\/v2\/pages\/13882\/revisions"}],"predecessor-version":[{"id":54362,"href":"https:\/\/pfsa.unsa.ba\/pf\/wp-json\/wp\/v2\/pages\/13882\/revisions\/54362"}],"wp:attachment":[{"href":"https:\/\/pfsa.unsa.ba\/pf\/wp-json\/wp\/v2\/media?parent=13882"}],"curies":[{"name":"wp","href":"https:\/\/api.w.org\/{rel}","templated":true}]}}