{"id":184,"date":"2014-08-21T10:27:24","date_gmt":"2014-08-21T08:27:24","guid":{"rendered":"http:\/\/www.pfsa.unsa.ba\/pf\/?page_id=184"},"modified":"2023-07-18T11:58:37","modified_gmt":"2023-07-18T09:58:37","slug":"katedre","status":"publish","type":"page","link":"https:\/\/pfsa.unsa.ba\/pf\/fakultet\/katedre\/","title":{"rendered":"Katedre"},"content":{"rendered":"<div class=\"large-12 columns\">\n<div class=\"service-div clearfix\">\n<div class=\"icon-container bg\">\n\t\t\t<i class=\"fa  fa-th-large fa-2\"><\/i>\n\t\t<\/div>\n<h3>Katedre<\/h3>\n<div class=\"large-6 columns\">\n\t\t<a href=\"\/pf\/fakultet\/katedre\/katedra-gradanskog-prava\" class=\"icon-container yellow-bg small\"><br \/>\n\t\t\t<i class=\"fa fa-info fa-2\"><\/i><br \/>\n\t\t\t<span>Katedra gra\u0111anskog prava<\/span><br \/>\n\t\t<\/a><a href=\"\/pf\/fakultet\/katedre\/katedra-krivicnog-prava\" class=\"icon-container orange-bg small\"><br \/>\n\t\t\t<i class=\"fa fa-info fa-2\"><\/i><br \/>\n\t\t\t<span>Katedra krivi\u010dnog prava<\/span><br \/>\n\t\t<\/a><br \/>\n\t\t<a href=\"\/pf\/fakultet\/katedre\/katedra-pravno-ekonomskih-nauka\" class=\"icon-container red-bg small\"><br \/>\n\t\t\t<i class=\"fa fa-info fa-2\"><\/i><br \/>\n\t\t\t<span>Katedra pravno-ekonomskih nauka<\/span><br \/>\n\t\t<\/a>\n<\/div>\n<div class=\"large-6 columns\"><a href=\"\/pf\/fakultet\/katedre\/katedra-za-drzavno-i-medunarodno-javno-pravo\" class=\"icon-container lightblue-bg small\"><br \/>\n\t\t\t<i class=\"fa fa-info fa-2\"><\/i><br \/>\n\t\t\t<span>Katedra za dr\u017eavno i me\u0111unarodno javno pravo<\/span><br \/>\n\t\t<\/a><a href=\"\/pf\/fakultet\/katedre\/katedra-za-komparativnu-pravnu-historiju-i-komparativno-pravo\" class=\"icon-container blue-bg small\"><br \/>\n\t\t\t<i class=\"fa fa-info fa-2\"><\/i><br \/>\n\t\t\t<span>Katedra za pravnu historiju i komparativno pravo<\/span><br \/>\n\t\t<\/a><\/div>\n<\/p><\/div>\n<\/div>\n","protected":false},"excerpt":{"rendered":"<p>Katedre Katedra gra\u0111anskog prava Katedra krivi\u010dnog prava Katedra pravno-ekonomskih nauka Katedra za dr\u017eavno i me\u0111unarodno javno pravo Katedra za pravnu historiju i komparativno pravo<\/p>\n","protected":false},"author":1,"featured_media":0,"parent":123,"menu_order":3,"comment_status":"open","ping_status":"open","template":"","meta":{"_eb_attr":"","jetpack_post_was_ever_published":false,"footnotes":""},"class_list":["post-184","page","type-page","status-publish","hentry","node node-blog clearfix"],"jetpack_shortlink":"https:\/\/wp.me\/P9i2Az-2Y","jetpack_sharing_enabled":true,"post_mailing_queue_ids":[],"_links":{"self":[{"href":"https:\/\/pfsa.unsa.ba\/pf\/wp-json\/wp\/v2\/pages\/184","targetHints":{"allow":["GET"]}}],"collection":[{"href":"https:\/\/pfsa.unsa.ba\/pf\/wp-json\/wp\/v2\/pages"}],"about":[{"href":"https:\/\/pfsa.unsa.ba\/pf\/wp-json\/wp\/v2\/types\/page"}],"author":[{"embeddable":true,"href":"https:\/\/pfsa.unsa.ba\/pf\/wp-json\/wp\/v2\/users\/1"}],"replies":[{"embeddable":true,"href":"https:\/\/pfsa.unsa.ba\/pf\/wp-json\/wp\/v2\/comments?post=184"}],"version-history":[{"count":88,"href":"https:\/\/pfsa.unsa.ba\/pf\/wp-json\/wp\/v2\/pages\/184\/revisions"}],"predecessor-version":[{"id":64264,"href":"https:\/\/pfsa.unsa.ba\/pf\/wp-json\/wp\/v2\/pages\/184\/revisions\/64264"}],"up":[{"embeddable":true,"href":"https:\/\/pfsa.unsa.ba\/pf\/wp-json\/wp\/v2\/pages\/123"}],"wp:attachment":[{"href":"https:\/\/pfsa.unsa.ba\/pf\/wp-json\/wp\/v2\/media?parent=184"}],"curies":[{"name":"wp","href":"https:\/\/api.w.org\/{rel}","templated":true}]}}