{"id":186,"date":"2014-08-21T10:27:40","date_gmt":"2014-08-21T08:27:40","guid":{"rendered":"http:\/\/www.pfsa.unsa.ba\/pf\/?page_id=186"},"modified":"2026-04-22T16:58:14","modified_gmt":"2026-04-22T14:58:14","slug":"uprava-fakulteta","status":"publish","type":"page","link":"https:\/\/pfsa.unsa.ba\/pf\/fakultet\/uprava-fakulteta\/","title":{"rendered":"Uprava Fakulteta"},"content":{"rendered":"<div class=\"service-div large-11 columns\">\n<div class=\" large-4 columns\">\n<h3>Dekanica<\/h3>\n<p><img loading=\"lazy\" decoding=\"async\" class=\"alignnone wp-image-1353 size-full\" src=\"http:\/\/www.pfsa.unsa.ba\/pf\/wp-content\/uploads\/2014\/08\/IMG_8055-e1445948196986.jpg\" alt=\"\" width=\"205\" height=\"166\" \/><\/p>\n<h4>Dr. Zinka Grbo<\/h4>\n<p>Redovna profesorica<br \/>\nE-mail: <a href=\"mailto:z.grbo@pfsa.unsa.ba\" target=\"_top\" rel=\"noopener\">z.grbo@pfsa.unsa.ba<\/a><\/p>\n<\/div>\n<div class=\" large-4 columns\">\n<h3>Prodekanica za nastavu i studentska pitanja<\/h3>\n<p><img loading=\"lazy\" decoding=\"async\" class=\"align-center centersize-full wp-image-1013\" src=\"https:\/\/pfsa.unsa.ba\/pf\/wp-content\/uploads\/2015\/01\/ferhatovic.png\" alt=\"\" width=\"205\" height=\"166\" \/><\/p>\n<h4>Dr. Amila Ferhatovi\u0107<\/h4>\n<p>Redovna profesorica<br \/>\nEmail: <a href=\"mailto:a.ferhatovic@pfsa.unsa.ba\" target=\"_top\" rel=\"noopener\">a.ferhatovic@pfsa.unsa.ba<\/a><\/p>\n<\/div>\n<div class=\" large-4 columns\">\n<h3>Prodekanica za nau\u010dnoistra\u017eiva\u010dki rad<\/h3>\n<p><img loading=\"lazy\" decoding=\"async\" class=\"align-center centersize-full wp-image-1013\" src=\"https:\/\/pfsa.unsa.ba\/pf\/wp-content\/uploads\/2014\/08\/zdralovic.png\" alt=\"\" width=\"205\" height=\"166\" \/><\/p>\n<h4>Dr. Amila \u017ddralovi\u0107<\/h4>\n<p>Vanredna profesorica<br \/>\nEmail: <a href=\"mailto:a.zdralovic@pfsa.unsa.ba\" target=\"_top\" rel=\"noopener\">a.zdralovic@pfsa.unsa.ba<\/a><\/p>\n<p>&nbsp;<\/p>\n<\/div>\n<div class=\" large-4 columns\">\n<h3>Prodekan za me\u0111unarodnu saradnju<\/h3>\n<p><img loading=\"lazy\" decoding=\"async\" class=\"aligncenter size-full wp-image-1015\" src=\"https:\/\/pfsa.unsa.ba\/pf\/wp-content\/uploads\/2016\/02\/Mirza3.png\" alt=\"\" width=\"205\" height=\"166\" \/><\/p>\n<h4>Dr. Mirza Hebib<\/h4>\n<p>Docent<br \/>\nEmail: <a href=\"mailto:m.hebib@pfsa.unsa.ba\" target=\"_top\" rel=\"noopener\">m.hebib@pfsa.unsa.ba<\/a><\/p>\n<\/div>\n<div class=\" large-4 columns\">\n<h3>Sekretar Fakulteta<\/h3>\n<p><img loading=\"lazy\" decoding=\"async\" class=\"aligncenter size-full wp-image-1015\" src=\"https:\/\/pfsa.unsa.ba\/pf\/wp-content\/uploads\/2026\/04\/Haris-Starhonic.png\" alt=\"\" width=\"205\" height=\"166\" \/><\/p>\n<h4>Haris Starhoni\u0107, BA iur<\/h4>\n<p>Email: <a href=\"mailto:h.starhonic@pfsa.unsa.ba\" target=\"_top\" rel=\"noopener\">h.starhonic@pfsa.unsa.ba<\/a>\n<\/div>\n<div class=\" large-4 columns\"><\/div>\n<\/div>\n","protected":false},"excerpt":{"rendered":"<p>Dekanica Dr. Zinka Grbo Redovna profesorica E-mail: <a href=\"mailto:z.grbo@pfsa.unsa.ba\" class=\"autohyperlink\">z.grbo@pfsa.unsa.ba<\/a> Prodekanica za nastavu i studentska pitanja Dr. Amila Ferhatovi\u0107 Redovna profesorica Email: <a href=\"mailto:a.ferhatovic@pfsa.unsa.ba\" class=\"autohyperlink\">a.ferhatovic@pfsa.unsa.ba<\/a> Prodekanica za nau\u010dnoistra\u017eiva\u010dki rad Dr. Amila \u017ddralovi\u0107 Vanredna profesorica Email: <a href=\"mailto:a.zdralovic@pfsa.unsa.ba\" class=\"autohyperlink\">a.zdralovic@pfsa.unsa.ba<\/a> &nbsp; Prodekan za me\u0111unarodnu saradnju Dr. Mirza Hebib Docent Email: <a href=\"mailto:m.hebib@pfsa.unsa.ba\" class=\"autohyperlink\">m.hebib@pfsa.unsa.ba<\/a> Sekretar Fakulteta Haris Starhoni\u0107, BA iur Email: <a href=\"mailto:h.starhonic@pfsa.unsa.ba\" class=\"autohyperlink\">h.starhonic@pfsa.unsa.ba<\/a><\/p>\n","protected":false},"author":1,"featured_media":0,"parent":123,"menu_order":4,"comment_status":"open","ping_status":"open","template":"","meta":{"_eb_attr":"","jetpack_post_was_ever_published":false,"footnotes":""},"class_list":["post-186","page","type-page","status-publish","hentry","node node-blog clearfix"],"jetpack_shortlink":"https:\/\/wp.me\/P9i2Az-30","jetpack_sharing_enabled":true,"post_mailing_queue_ids":[],"_links":{"self":[{"href":"https:\/\/pfsa.unsa.ba\/pf\/wp-json\/wp\/v2\/pages\/186","targetHints":{"allow":["GET"]}}],"collection":[{"href":"https:\/\/pfsa.unsa.ba\/pf\/wp-json\/wp\/v2\/pages"}],"about":[{"href":"https:\/\/pfsa.unsa.ba\/pf\/wp-json\/wp\/v2\/types\/page"}],"author":[{"embeddable":true,"href":"https:\/\/pfsa.unsa.ba\/pf\/wp-json\/wp\/v2\/users\/1"}],"replies":[{"embeddable":true,"href":"https:\/\/pfsa.unsa.ba\/pf\/wp-json\/wp\/v2\/comments?post=186"}],"version-history":[{"count":138,"href":"https:\/\/pfsa.unsa.ba\/pf\/wp-json\/wp\/v2\/pages\/186\/revisions"}],"predecessor-version":[{"id":76452,"href":"https:\/\/pfsa.unsa.ba\/pf\/wp-json\/wp\/v2\/pages\/186\/revisions\/76452"}],"up":[{"embeddable":true,"href":"https:\/\/pfsa.unsa.ba\/pf\/wp-json\/wp\/v2\/pages\/123"}],"wp:attachment":[{"href":"https:\/\/pfsa.unsa.ba\/pf\/wp-json\/wp\/v2\/media?parent=186"}],"curies":[{"name":"wp","href":"https:\/\/api.w.org\/{rel}","templated":true}]}}