{"id":188,"date":"2014-08-21T10:27:59","date_gmt":"2014-08-21T08:27:59","guid":{"rendered":"http:\/\/www.pfsa.unsa.ba\/pf\/?page_id=188"},"modified":"2026-03-24T14:36:25","modified_gmt":"2026-03-24T13:36:25","slug":"strucne-sluzbe","status":"publish","type":"page","link":"https:\/\/pfsa.unsa.ba\/pf\/fakultet\/strucne-sluzbe\/","title":{"rendered":"Stru\u010dne slu\u017ebe"},"content":{"rendered":"<div class=\"service-div large-11 columns\">\n<div class=\" large-10 columns\"><\/div>\n<style>\ndetails summary {\n    display: flex;\n    align-items: center;\n    cursor: pointer; \/* Pobolj\u0161ava UX *\/\n}<\/p>\n<p>details summary h4 {\n    margin: 0; \/* Uklanja dodatne margine koje mogu uzrokovati probleme *\/\n    padding: 0; \/* Osigurava \u010dist izgled *\/\n}<\/p>\n<p>details[open] summary::marker {\n    transform: rotate(90deg); \/* Opcionalno: prilago\u0111ava strelicu *\/\n}\n<\/style>\n<details>\n<summary>\n<h4><strong>Biblioteka<\/strong><\/h4>\n<\/summary>\n<p><strong>Mr. sc. Mirela Ro\u017eajac-Zul\u010di\u0107<\/strong><br \/>\nRukovoditeljica biblioteke<br \/>\nTel.:     +387 33 483 626<br \/>\nE-mail: <a href=\"mailto:m.rozajac@pfsa.unsa.ba\" class=\"autohyperlink\">m.rozajac@pfsa.unsa.ba<\/a><br \/>\nE-mail: <a href=\"mailto:biblioteka@pfsa.unsa.ba\" class=\"autohyperlink\">biblioteka@pfsa.unsa.ba<\/a><\/p>\n<p><strong>Azemina Mulali\u0107, MA<\/strong><br \/>\nVi\u0161a stru\u010dna saradnica u biblioteci<br \/>\nTel.:     +387 33 483 626<br \/>\nE-mail: <a href=\"mailto:a.mulalic@pfsa.unsa.ba\" class=\"autohyperlink\">a.mulalic@pfsa.unsa.ba<\/a><\/p>\n<p><strong>Saima \u010cau\u0161evi\u0107<\/strong><br \/>\nSamostalna referentica<br \/>\nTel.:     +387 33 483 626<\/p>\n<p><a href=\"https:\/\/pfsa.unsa.ba\/pf\/Biblioteka\">Link do podstranice Biblioteka<\/a><\/p>\n<\/details>\n<details>\n<summary>\n<h4><strong>Slu\u017eba za nastavu<\/strong><\/h4>\n<\/summary>\n<p><strong>Odjel za rad sa studentima I ciklusa studija<\/strong><\/p>\n<p><strong>Raisa Koji\u0107, BA iur.<\/strong><br \/>\n\u0160efica Studentske slu\u017ebe<br \/>\nTel.:     +387 33 223 136<br \/>\nE-mail: <a href=\"mailto:raisa.kojic@pfsa.unsa.ba\" class=\"autohyperlink\">raisa.kojic@pfsa.unsa.ba<\/a><\/p>\n<p><strong>Adi Beganovi\u0107, MA iur.<\/strong><br \/>\nTel.:     +387 33 223 136<br \/>\nE-mail: <a href=\"mailto:studentska@pfsa.unsa.ba\" class=\"autohyperlink\">studentska@pfsa.unsa.ba<\/a><\/p>\n<p><strong>Miralem Kahriman, MA iur.<\/strong><br \/>\nTel.:     +387 33 223 136<br \/>\nE-mail: <a href=\"mailto:studentska@pfsa.unsa.ba\" class=\"autohyperlink\">studentska@pfsa.unsa.ba<\/a><br \/>\n&nbsp;<br \/>\n<strong>Odjel za rad sa studentima II i III ciklusa studija<\/strong><\/p>\n<p><strong>Danica Peji\u0107, Mr. iur<\/strong><br \/>\nTel.:     +387 33 223-973<br \/>\nE-mail: <a href=\"mailto:postdiplomski@pfsa.unsa.ba\" class=\"autohyperlink\">postdiplomski@pfsa.unsa.ba<\/a><\/p>\n<p><strong>D\u017eevad Lili\u0107<\/strong><br \/>\nTel.:     +387 33 223-973<br \/>\nE-mail: <a href=\"mailto:postdiplomski2@pfsa.unsa.ba\" class=\"autohyperlink\">postdiplomski2@pfsa.unsa.ba<\/a><\/p>\n<p><strong>Edna Tuti\u0107, MA iur.<\/strong><br \/>\nTel.:     +387 33 223-973<br \/>\nE-mail: <a href=\"mailto:postdiplomski1@pfsa.unsa.ba\" class=\"autohyperlink\">postdiplomski1@pfsa.unsa.ba<\/a><\/p>\n<p><strong>Sanela Panjeta, dipl. pravnik<\/strong><br \/>\nTel.:     +387 33 223-973<br \/>\nE-mail: <a href=\"mailto:postdiplomski3@pfsa.unsa.ba\" class=\"autohyperlink\">postdiplomski3@pfsa.unsa.ba<\/a><br \/>\n<\/details>\n<details>\n<summary>\n<h4><strong>Slu\u017eba za op\u0107e poslove<\/strong><\/h4>\n<\/summary>\n<p><strong>Hasan Merkez<\/strong><br \/>\n\u0160ef slu\u017ebe za op\u0107e poslove<br \/>\nE-mail: <a href=\"mailto:h.merkez@pfsa.unsa.ba\" class=\"autohyperlink\">h.merkez@pfsa.unsa.ba<\/a><\/p>\n<p><strong>Odjel za op\u0107e i pomo\u0107ne poslove<\/strong><\/p>\n<p><strong>Hasan Begovi\u0107<\/strong><br \/>\nReferent \u2013 domar<br \/>\nTel.:    +387 33 483 601<\/p>\n<p><strong>Ifeta Kaljanac<\/strong><br \/>\nReferent \u2013 kurir<br \/>\nTel.:    +387 33 483 605 <\/p>\n<p><strong>Odjel za poslove obezbje\u0111enja<\/strong><\/p>\n<p>Vi\u0161i referenti \u2013 radnici obezbje\u0111enja<br \/>\nTel.:    +387 33 483 601<\/p>\n<p><strong>Pomo\u0107ni radnici na odr\u017eavanju higijene objekta i opreme<\/strong><br \/>\nTel.:    +387 33 483 641<\/p>\n<\/details>\n<details>\n<summary>\n<h4><strong>Slu\u017eba za pravne poslove<\/strong><\/h4>\n<\/summary>\n<p><strong>Almira Huma\u010dki\u0107<\/strong><br \/>\nVi\u0161i samostalni referent \u2013 administrativni sekretar u dekanatu<br \/>\nTel.:   +387 33 206 360<br \/>\nE-mail: <a href=\"mailto:a.humackic@pfsa.unsa.ba\" class=\"autohyperlink\">a.humackic@pfsa.unsa.ba<\/a><\/p>\n<p><strong>Edin Hastor<\/strong><br \/>\nVi\u0161i samostalni referent za informatiku<br \/>\nTel.:    +387 33 483 646<br \/>\nE-mail:  <a href=\"mailto:e.hastor@pfsa.unsa.ba\" class=\"autohyperlink\">e.hastor@pfsa.unsa.ba<\/a><br \/>\nE-mail:  <a href=\"mailto:podrska@pfsa.unsa.ba\" class=\"autohyperlink\">podrska@pfsa.unsa.ba<\/a><\/p>\n<p><strong>Suada Kalajd\u017ei\u0107<\/strong><br \/>\nSamostalni referent \u2013 arhivar i daktilograf<br \/>\nTel.:  +387 33 483 605<br \/>\nemail: <a href=\"mailto:s.kalajdzic@pfsa.unsa.ba\" class=\"autohyperlink\">s.kalajdzic@pfsa.unsa.ba<\/a><br \/>\n<\/details>\n<details>\n<summary>\n<h4><strong>Slu\u017eba za ra\u010dunovodstvo i finansije<\/strong><\/h4>\n<\/summary>\n<p><strong>Adnan Pijalovi\u0107, dipl. ecc.<\/strong><br \/>\n\u0160ef slu\u017ebe za ra\u010dunovodstvo i finansije<br \/>\nTel. :   +387 33 483 635<br \/>\nemail:   <a href=\"mailto:a.pijalovic@pfsa.unsa.ba\" class=\"autohyperlink\">a.pijalovic@pfsa.unsa.ba<\/a><br \/>\nemail:   <a href=\"mailto:racunovodstvo@pfsa.unsa.ba\" class=\"autohyperlink\">racunovodstvo@pfsa.unsa.ba<\/a><\/p>\n<p><strong>Azira Siv\u010devi\u0107<\/strong><br \/>\nSamostalni referent za blagajni\u010dko poslovanje<br \/>\nTel.:    +387 33 483 635<br \/>\nemail:   <a href=\"mailto:a.sivcevic@pfsa.unsa.ba\" class=\"autohyperlink\">a.sivcevic@pfsa.unsa.ba<\/a><\/p>\n<p><strong>Jasna Torlakovi\u0107, dipl. oec.<\/strong><br \/>\nVi\u0161i stru\u010dni saradnik-finansijski knjigovo\u0111a<br \/>\nTel.:    +387 33 483 635<br \/>\nemail:   <a href=\"mailto:j.torlakovic@pfsa.unsa.ba\" class=\"autohyperlink\">j.torlakovic@pfsa.unsa.ba<\/a><br \/>\nemail:   <a href=\"mailto:racunovodstvo@pfsa.unsa.ba\" class=\"autohyperlink\">racunovodstvo@pfsa.unsa.ba<\/a><\/p>\n<p><strong>Jasna Nali\u0107<\/strong><br \/>\nVi\u0161i stru\u010dni saradnik-finansijski knjigovo\u0111a<br \/>\nTel.: +387 33 483 635<br \/>\nemail:   <a href=\"mailto:j.nalic@pfsa.unsa.ba\" class=\"autohyperlink\">j.nalic@pfsa.unsa.ba<\/a><br \/>\nemail:   <a href=\"mailto:racunovodstvo@pfsa.unsa.ba\" class=\"autohyperlink\">racunovodstvo@pfsa.unsa.ba<\/a><br \/>\n<\/details>\n<\/div>\n","protected":false},"excerpt":{"rendered":"<p>Biblioteka Mr. sc. Mirela Ro\u017eajac-Zul\u010di\u0107 Rukovoditeljica biblioteke Tel.: +387 33 483 626 E-mail: <a href=\"mailto:m.rozajac@pfsa.unsa.ba\" class=\"autohyperlink\">m.rozajac@pfsa.unsa.ba<\/a> E-mail: <a href=\"mailto:biblioteka@pfsa.unsa.ba\" class=\"autohyperlink\">biblioteka@pfsa.unsa.ba<\/a> Azemina Mulali\u0107, MA Vi\u0161a stru\u010dna saradnica u biblioteci Tel.: +387 33 483 626 E-mail: <a href=\"mailto:a.mulalic@pfsa.unsa.ba\" class=\"autohyperlink\">a.mulalic@pfsa.unsa.ba<\/a> Saima \u010cau\u0161evi\u0107 Samostalna referentica Tel.: +387 33 483 626 Link do podstranice Biblioteka Slu\u017eba za nastavu Odjel za rad sa studentima I ciklusa studija [&hellip;]<\/p>\n","protected":false},"author":1,"featured_media":0,"parent":123,"menu_order":5,"comment_status":"open","ping_status":"open","template":"","meta":{"_eb_attr":"","jetpack_post_was_ever_published":false,"footnotes":""},"class_list":["post-188","page","type-page","status-publish","hentry","node node-blog clearfix"],"jetpack_shortlink":"https:\/\/wp.me\/P9i2Az-32","jetpack_sharing_enabled":true,"post_mailing_queue_ids":[],"_links":{"self":[{"href":"https:\/\/pfsa.unsa.ba\/pf\/wp-json\/wp\/v2\/pages\/188","targetHints":{"allow":["GET"]}}],"collection":[{"href":"https:\/\/pfsa.unsa.ba\/pf\/wp-json\/wp\/v2\/pages"}],"about":[{"href":"https:\/\/pfsa.unsa.ba\/pf\/wp-json\/wp\/v2\/types\/page"}],"author":[{"embeddable":true,"href":"https:\/\/pfsa.unsa.ba\/pf\/wp-json\/wp\/v2\/users\/1"}],"replies":[{"embeddable":true,"href":"https:\/\/pfsa.unsa.ba\/pf\/wp-json\/wp\/v2\/comments?post=188"}],"version-history":[{"count":137,"href":"https:\/\/pfsa.unsa.ba\/pf\/wp-json\/wp\/v2\/pages\/188\/revisions"}],"predecessor-version":[{"id":76261,"href":"https:\/\/pfsa.unsa.ba\/pf\/wp-json\/wp\/v2\/pages\/188\/revisions\/76261"}],"up":[{"embeddable":true,"href":"https:\/\/pfsa.unsa.ba\/pf\/wp-json\/wp\/v2\/pages\/123"}],"wp:attachment":[{"href":"https:\/\/pfsa.unsa.ba\/pf\/wp-json\/wp\/v2\/media?parent=188"}],"curies":[{"name":"wp","href":"https:\/\/api.w.org\/{rel}","templated":true}]}}