{"id":192,"date":"2014-08-21T10:28:45","date_gmt":"2014-08-21T08:28:45","guid":{"rendered":"http:\/\/www.pfsa.unsa.ba\/pf\/?page_id=192"},"modified":"2026-04-22T11:57:36","modified_gmt":"2026-04-22T09:57:36","slug":"biblioteka","status":"publish","type":"page","link":"https:\/\/pfsa.unsa.ba\/pf\/biblioteka\/biblioteka\/","title":{"rendered":"Osoblje i radno vrijeme Biblioteke"},"content":{"rendered":"<div class=\"large-6 columns\">\n<div class=\"service-div clearfix\">\n<div class=\"icon-container bg\"><\/div>\n<h4><strong>Radno vrijeme biblioteke<\/strong><\/h4>\n<h4>Rad s korisnicima<\/h4>\n<p>Radnim danima: 10.00\u201314.00 sati<\/p>\n<h4>Narud\u017eba knjiga<\/h4>\n<p>Ud\u017ebeni\u010dka literatura se posu\u0111uje radnim danima: 10.00\u201314.00 sati<br \/>\nKnjige\u00a0naru\u010dene iz depoa mogu se preuzeti sljede\u0107eg dana u periodu 10.00\u201314.00 sati (knjige naru\u010dene u petak, preuzimaju se u ponedjeljak)<\/p>\n<h4><strong>Osoblje<\/strong><\/h4>\n<p style=\"margin: 0cm\">Mr. sc. Mirela Ro\u017eajac-Zul\u010di\u0107, rukovoditeljica,\u00a0<a href=\"mailto:m.rozajac@pfsa.unsa.ba\" target=\"_blank\" rel=\"noopener\">m.rozajac@pfsa.unsa.ba<\/a><\/p>\n<p style=\"margin: 0cm\">Azemina Mulali\u0107, MA, vi\u0161a stru\u010dna saradnica, <a href=\"mailto:a.mulalic@pfsa.unsa.ba\">a.mulalic@pfsa.unsa.ba<\/a><br \/>\nSaima \u010cau\u0161evi\u0107<\/p>\n<\/div>\n<\/div>\n<div class=\"large-6 columns\">\n<div class=\"service-div\">\n<div class=\"icon-container bg\"><\/div>\n<h4><strong>Kontakt<\/strong><\/h4>\n<p>Tel. + 387 33 483-626<br \/>\nFax. + 387 33 206-355<br \/>\ne-mail: <a href=\"mailto:biblioteka@pfsa.unsa.ba\" target=\"_blank\" rel=\"noopener\">biblioteka@pfsa.unsa.ba<\/a><\/p>\n<h4><\/h4>\n<\/div>\n<\/div>\n","protected":false},"excerpt":{"rendered":"<p>Radno vrijeme biblioteke Rad s korisnicima Radnim danima: 10.00\u201314.00 sati Narud\u017eba knjiga Ud\u017ebeni\u010dka literatura se posu\u0111uje radnim danima: 10.00\u201314.00 sati Knjige\u00a0naru\u010dene iz depoa mogu se preuzeti sljede\u0107eg dana u periodu 10.00\u201314.00 sati (knjige naru\u010dene u petak, preuzimaju se u ponedjeljak) Osoblje Mr. sc. Mirela Ro\u017eajac-Zul\u010di\u0107, rukovoditeljica,\u00a0<a href=\"mailto:m.rozajac@pfsa.unsa.ba\" class=\"autohyperlink\">m.rozajac@pfsa.unsa.ba<\/a> Azemina Mulali\u0107, MA, vi\u0161a stru\u010dna saradnica, <a href=\"mailto:a.mulalic@pfsa.unsa.ba\" class=\"autohyperlink\">a.mulalic@pfsa.unsa.ba<\/a> Saima \u010cau\u0161evi\u0107 [&hellip;]<\/p>\n","protected":false},"author":1,"featured_media":0,"parent":131,"menu_order":3,"comment_status":"open","ping_status":"open","template":"","meta":{"_eb_attr":"","jetpack_post_was_ever_published":false,"footnotes":""},"class_list":["post-192","page","type-page","status-publish","hentry","node node-blog clearfix"],"jetpack_shortlink":"https:\/\/wp.me\/P9i2Az-36","jetpack_sharing_enabled":true,"post_mailing_queue_ids":[],"_links":{"self":[{"href":"https:\/\/pfsa.unsa.ba\/pf\/wp-json\/wp\/v2\/pages\/192","targetHints":{"allow":["GET"]}}],"collection":[{"href":"https:\/\/pfsa.unsa.ba\/pf\/wp-json\/wp\/v2\/pages"}],"about":[{"href":"https:\/\/pfsa.unsa.ba\/pf\/wp-json\/wp\/v2\/types\/page"}],"author":[{"embeddable":true,"href":"https:\/\/pfsa.unsa.ba\/pf\/wp-json\/wp\/v2\/users\/1"}],"replies":[{"embeddable":true,"href":"https:\/\/pfsa.unsa.ba\/pf\/wp-json\/wp\/v2\/comments?post=192"}],"version-history":[{"count":59,"href":"https:\/\/pfsa.unsa.ba\/pf\/wp-json\/wp\/v2\/pages\/192\/revisions"}],"predecessor-version":[{"id":76440,"href":"https:\/\/pfsa.unsa.ba\/pf\/wp-json\/wp\/v2\/pages\/192\/revisions\/76440"}],"up":[{"embeddable":true,"href":"https:\/\/pfsa.unsa.ba\/pf\/wp-json\/wp\/v2\/pages\/131"}],"wp:attachment":[{"href":"https:\/\/pfsa.unsa.ba\/pf\/wp-json\/wp\/v2\/media?parent=192"}],"curies":[{"name":"wp","href":"https:\/\/api.w.org\/{rel}","templated":true}]}}