{"id":200,"date":"2014-08-21T10:30:50","date_gmt":"2014-08-21T08:30:50","guid":{"rendered":"http:\/\/www.pfsa.unsa.ba\/pf\/?page_id=200"},"modified":"2026-01-16T14:43:05","modified_gmt":"2026-01-16T13:43:05","slug":"godisnjak","status":"publish","type":"page","link":"https:\/\/pfsa.unsa.ba\/pf\/biblioteka\/godisnjak\/","title":{"rendered":"Godi\u0161njak"},"content":{"rendered":"<div class=\"service-div clearfix\">\n<div class=\"large-12 columns\">\n<p><strong>Godi\u0161njak Pravnog fakulteta u Sarajevu\/Yearbook of the Law Faculty in Sarajevo<\/strong><\/p>\n<h5><img loading=\"lazy\" decoding=\"async\" class=\"alignleft wp-image-30014 size-medium\" src=\"https:\/\/pfsa.unsa.ba\/pf\/wp-content\/uploads\/2026\/01\/Godisnjak-LXVIII-2025.png\" alt=\"\" width=\"210\" height=\"297\" \/> \u00a0 ISSN 0581-7471,\u00a0 ISSN (online) 2566-4018<\/h5>\n<p><strong><br \/>\nRedakcijski odbor\/Editoral Board Members<\/strong><\/p>\n<p>Prof. dr. Abedin Biki\u0107, prof. dr. Amila Ferhatovi\u0107, prof. dr. Jasna Bak\u0161i\u0107-Mufti\u0107, prof. dr. Edina Sud\u017euka, prof. dr. Ehlimana Memi\u0161evi\u0107 i Dino Kova\u010devi\u0107, Mr. iur., asistent (sekretar Redakcije).<\/p>\n<p><strong>Me\u0111unarodni redakcijski odbor\/International <\/strong><strong>Editoral Board Members<\/strong><\/p>\n<p>Prof. dr. Davor Deren\u010dinovi\u0107 (Pravni fakultet Zagreb), prof. dr. Dubravka Hrabar (Pravni fakultet Zagreb), prof. dr. Anita Kurtovi\u0107-Mi\u0161i\u0107 (Pravni fakultet Split), prof. dr. Janja Hojnik (Pravni fakultet Maribor), prof. dr. Adem S\u00f6z\u00fcer (Pravni fakultet Istanbul), prof. dr. Hana Horak (Ekonomski fakultet Zagreb) i prof. dr. Branko Radulovi\u0107 (Pravni fakultet Beograd).<\/p>\n<p><strong>Glavni i odgovorni urednik\/Editor-in-Chief<\/strong><\/p>\n<p>Prof. dr. Abedin Biki\u0107<\/p>\n<p><strong>Sekretar redakcije i kontakt osoba\/Editorial Board\u00a0Secretary and Contact Person<\/strong><\/p>\n<p>Dino Kova\u010devi\u0107, Mr. iur., asistent<br \/>\nKontakt: <a href=\"mailto:godisnjak@pfsa.unsa.ba\">godisnjak@pfsa.unsa.ba<\/a><br \/>\n<a href=\"mailto:godisnjak2019@pfsa.unsa.ba\">godisnjak2019@pfsa.unsa.ba<\/a><\/p>\n<p><strong>Puni tekst Godi\u0161njaka\/Full-Text of the Yearbook<\/strong><\/p>\n<ul>\n<li><a href=\"https:\/\/pfsa.unsa.ba\/pf\/wp-content\/uploads\/2026\/01\/Godisnjak-PFSA-2025-za-web.pdf\" rel=\"\">Godisnjak 2025 (PDF)<\/a><\/li>\n<li><a href=\"https:\/\/pfsa.unsa.ba\/pf\/wp-content\/uploads\/2025\/01\/Godisnjak-PFSA-2024-28-01-2025-za-web.pdf\" rel=\"\">Godisnjak 2024 (PDF)<\/a><\/li>\n<li><a href=\"https:\/\/pfsa.unsa.ba\/pf\/wp-content\/uploads\/2024\/01\/Godisnjak-Pravnog-fakulteta-2023-za-web.pdf\" rel=\"\">Godisnjak 2023 (PDF)<\/a><\/li>\n<li><a href=\"https:\/\/pfsa.unsa.ba\/pf\/wp-content\/uploads\/2023\/01\/Godi\u0161njak-verzija-za-web.pdf\" rel=\"\">Godisnjak 2022 (PDF)<\/a><\/li>\n<li><a href=\"https:\/\/pfsa.unsa.ba\/pf\/wp-content\/uploads\/2022\/10\/Godisnjak-PFSA-2021-posebni-broj1.pdf\" rel=\"\">Godisnjak 2021 \u2013 posebni broj (PDF)<\/a><\/li>\n<li><a href=\"https:\/\/pfsa.unsa.ba\/pf\/wp-content\/uploads\/2022\/02\/Godisnjak-PFSA-2021-za-web-14-02-2022.pdf\" rel=\"\">Godisnjak 2021 (PDF)<\/a><\/li>\n<li><a href=\"http:\/\/www.pfsa.unsa.ba\/pf\/wp-content\/uploads\/2021\/01\/Godisnjak-PFSA-2020-za-web5-25-01-2021.pdf\" rel=\"\">Godisnjak 2020 (PDF)<\/a><\/li>\n<li><a href=\"http:\/\/www.pfsa.unsa.ba\/pf\/wp-content\/uploads\/2020\/01\/Godisnjak-PFSA-2019-za-web1.pdf\" rel=\"\">Godisnjak 2019 (PDF)<\/a><\/li>\n<li><a href=\"http:\/\/www.pfsa.unsa.ba\/pf\/wp-content\/uploads\/2019\/01\/Godisnjak-PFSA-2018-za-web.pdf\" rel=\"\">Godisnjak 2018 (PDF)<\/a>\u00a0\u00a0\u00a0\u00a0\u00a0\u00a0\u00a0\u00a0\u00a0\u00a0\u00a0\u00a0\u00a0\u00a0\u00a0\u00a0\u00a0\u00a0\u00a0\u00a0\u00a0\u00a0\u00a0\u00a0\u00a0\u00a0\u00a0\u00a0\u00a0\u00a0\u00a0\u00a0\u00a0\u00a0\u00a0\u00a0\u00a0\u00a0\u00a0\u00a0\u00a0\u00a0\u00a0\u00a0\u00a0\u00a0\u00a0\u00a0\u00a0\u00a0\u00a0 <a href=\"http:\/\/www.pfsa.unsa.ba\/pf\/wp-content\/uploads\/2018\/05\/Bibliografija-Godisnjaka-Pravnog-fakulteta.pdf\">Bibliografija Godi\u0161njaka<\/a><\/li>\n<li><a href=\"http:\/\/www.pfsa.unsa.ba\/pf\/wp-content\/uploads\/2014\/08\/Godisnjak-Pravnog-fakulteta-u-Sarajevu-2017.pdf\" rel=\"\">Godisnjak 2017 (PDF)<\/a><\/li>\n<li><a href=\"http:\/\/www.pfsa.unsa.ba\/pf\/wp-content\/uploads\/2017\/01\/Godisnjak2016.pdf\" rel=\"\">Godisnjak 2016 (PDF)<\/a><\/li>\n<li><a href=\"http:\/\/www.pfsa.unsa.ba\/pf\/wp-content\/uploads\/2014\/08\/2015-godisnjak-PFSA.pdf\" rel=\"\">Godisnjak 2015 (PDF)<\/a><\/li>\n<li><a href=\"http:\/\/www.pfsa.unsa.ba\/pf\/wp-content\/uploads\/2014\/08\/Godisnjak-2014.pdf\" rel=\"\">Godisnjak 2014 (PDF)<\/a><\/li>\n<li><a href=\"http:\/\/www.pfsa.unsa.ba\/pf\/wp-content\/uploads\/2014\/08\/Godisnjak-2013.pdf\" rel=\"\">Godisnjak 2013 (PDF)<\/a><\/li>\n<li><a href=\"http:\/\/www.pfsa.unsa.ba\/pf\/wp-content\/uploads\/2014\/08\/Godisnjak-2012.pdf\" rel=\"\">Godisnjak 2012 (PDF)<\/a><\/li>\n<li><a href=\"http:\/\/www.pfsa.unsa.ba\/pf\/wp-content\/uploads\/2014\/08\/Godisnjak-2011.pdf\" rel=\"\">Godisnjak 2011 (PDF)<\/a><\/li>\n<li><a href=\"http:\/\/www.pfsa.unsa.ba\/pf\/wp-content\/uploads\/2014\/08\/Godisnjak-2010.pdf\" rel=\"\">Godisnjak 2010 (PDF)<\/a><\/li>\n<\/ul>\n<p><strong>Izjava o eti\u010dnosti i savjesnosti\/Publication Ethics and Malpractice Statement<\/strong><\/p>\n<p><a href=\"http:\/\/www.pfsa.unsa.ba\/pf\/wp-content\/uploads\/2014\/08\/Izjava-o-eti\u010dnosti-i-savjesnosti-Godi\u0161njaka-Pravnog-fakulteta-u-Sarajevu.pdf\" rel=\"\">Izjava o eti\u010dnosti i savjesnosti Godi\u0161njaka Pravnog fakulteta u Sarajevu<\/a><\/p>\n<p><a href=\"http:\/\/www.pfsa.unsa.ba\/pf\/wp-content\/uploads\/2014\/08\/Ethics-and-Publication-Malpractice-Statement.pdf\">Ethics and Publication Malpractice Statement<\/a><\/p>\n<p><strong>Upute za autore \/ Instructions for authors<\/strong><\/p>\n<p><a href=\"http:\/\/www.pfsa.unsa.ba\/pf\/wp-content\/uploads\/2018\/01\/Upute-za-autore.pdf\" target=\"_blank\" rel=\"attachment noopener wp-att-21170\">Upute za autore (PDF)<\/a><\/p>\n<p><a href=\"http:\/\/www.pfsa.unsa.ba\/pf\/wp-content\/uploads\/2018\/01\/Instructions-for-authors.pdf\" target=\"_blank\" rel=\"attachment noopener wp-att-21171\">Instructions for authors (PDF)<\/a><\/p>\n<\/div>\n<\/div>\n","protected":false},"excerpt":{"rendered":"<p>Godi\u0161njak Pravnog fakulteta u Sarajevu\/Yearbook of the Law Faculty in Sarajevo \u00a0 ISSN 0581-7471,\u00a0 ISSN (online) 2566-4018 Redakcijski odbor\/Editoral Board Members Prof. dr. Abedin Biki\u0107, prof. dr. Amila Ferhatovi\u0107, prof. dr. Jasna Bak\u0161i\u0107-Mufti\u0107, prof. dr. Edina Sud\u017euka, prof. dr. Ehlimana Memi\u0161evi\u0107 i Dino Kova\u010devi\u0107, Mr. iur., asistent (sekretar Redakcije). Me\u0111unarodni redakcijski odbor\/International Editoral Board Members [&hellip;]<\/p>\n","protected":false},"author":1,"featured_media":0,"parent":131,"menu_order":5,"comment_status":"open","ping_status":"open","template":"","meta":{"_eb_attr":"","jetpack_post_was_ever_published":false,"footnotes":""},"class_list":["post-200","page","type-page","status-publish","hentry","node node-blog clearfix"],"jetpack_shortlink":"https:\/\/wp.me\/P9i2Az-3e","jetpack_sharing_enabled":true,"post_mailing_queue_ids":[],"_links":{"self":[{"href":"https:\/\/pfsa.unsa.ba\/pf\/wp-json\/wp\/v2\/pages\/200","targetHints":{"allow":["GET"]}}],"collection":[{"href":"https:\/\/pfsa.unsa.ba\/pf\/wp-json\/wp\/v2\/pages"}],"about":[{"href":"https:\/\/pfsa.unsa.ba\/pf\/wp-json\/wp\/v2\/types\/page"}],"author":[{"embeddable":true,"href":"https:\/\/pfsa.unsa.ba\/pf\/wp-json\/wp\/v2\/users\/1"}],"replies":[{"embeddable":true,"href":"https:\/\/pfsa.unsa.ba\/pf\/wp-json\/wp\/v2\/comments?post=200"}],"version-history":[{"count":169,"href":"https:\/\/pfsa.unsa.ba\/pf\/wp-json\/wp\/v2\/pages\/200\/revisions"}],"predecessor-version":[{"id":75237,"href":"https:\/\/pfsa.unsa.ba\/pf\/wp-json\/wp\/v2\/pages\/200\/revisions\/75237"}],"up":[{"embeddable":true,"href":"https:\/\/pfsa.unsa.ba\/pf\/wp-json\/wp\/v2\/pages\/131"}],"wp:attachment":[{"href":"https:\/\/pfsa.unsa.ba\/pf\/wp-json\/wp\/v2\/media?parent=200"}],"curies":[{"name":"wp","href":"https:\/\/api.w.org\/{rel}","templated":true}]}}