{"id":212,"date":"2014-08-21T10:33:40","date_gmt":"2014-08-21T08:33:40","guid":{"rendered":"http:\/\/www.pfsa.unsa.ba\/pf\/?page_id=212"},"modified":"2023-10-10T12:21:29","modified_gmt":"2023-10-10T10:21:29","slug":"studentska-sluzba-kontakt","status":"publish","type":"page","link":"https:\/\/pfsa.unsa.ba\/pf\/studenti\/studentska-sluzba-kontakt\/","title":{"rendered":"Slu\u017eba za nastavu"},"content":{"rendered":"<div class=\"large-6 columns\">\n<div class=\"service-div clearfix\">\n<div class=\"icon-container bg\"><\/div>\n<div class=\"service-div clearfix\">\n<h4><strong>Odjel za rad sa studentima I ciklusa studija<\/strong><\/h4>\n<p>&nbsp;<\/p>\n<h5><strong>Raisa Koji\u0107, BA iur.<\/strong><br \/>\n\u0160efica Studentske slu\u017ebe<\/h5>\n<p><a href=\"mailto:raisa.kojic@pfsa.unsa.ba\" target=\"_top\" rel=\"noopener\">raisa.kojic@pfsa.unsa.ba<\/a><br \/>\n+387 (0)33 223-136<\/p>\n<h5><strong>Adi Beganovi\u0107, MA iur.<br \/>\n<\/strong><\/h5>\n<p><a href=\"mailto:studentska@pfsa.unsa.ba\" target=\"_top\" rel=\"noopener\">studentska@pfsa.unsa.ba<\/a><br \/>\n+387 (0)33 223-136<\/p>\n<h5><strong>Miralem Kahriman, MA iur.<br \/>\n<\/strong><\/h5>\n<p><a href=\"mailto:studentska@pfsa.unsa.ba\" target=\"_top\" rel=\"noopener\">studentska@pfsa.unsa.ba<\/a><br \/>\n+387 (0)33 223-136<\/p>\n<p>&nbsp;<\/p>\n<h4><strong>Odjel za rad sa studentima II i III ciklusa studija<\/strong><\/h4>\n<p>&nbsp;<\/p>\n<h5><strong>Danica Peji\u0107, dipl. sociolog<br \/>\n<\/strong><\/h5>\n<p><a href=\"mailto:postdiplomski@pfsa.unsa.ba\">postdiplomski@pfsa.unsa.ba<\/a><br \/>\n+387 (0)33 223-973<\/p>\n<h5><strong><br \/>\nEdna Tuti\u0107, MA iur.<br \/>\n<\/strong><\/h5>\n<p><a href=\"mailto:postdiplomski1@pfsa.unsa.ba\">postdiplomski1@pfsa.unsa.ba<\/a><br \/>\n+387 (0)33 223-973<\/p>\n<h5><strong><br \/>\nD\u017eevad Lili\u0107<br \/>\n<\/strong><\/h5>\n<p><a href=\"mailto:postdiplomski2@pfsa.unsa.ba\">postdiplomski2@pfsa.unsa.ba<\/a><br \/>\n+387 (0)33 223-973<\/p>\n<h5><strong><br \/>\nSanela Panjeta, dipl. pravnik<br \/>\n<\/strong><\/h5>\n<p><a href=\"mailto:postdiplomski3@pfsa.unsa.ba\">postdiplomski3@pfsa.unsa.ba<\/a><br \/>\n+387 (0)33 223-973<\/p>\n<\/div>\n<\/div>\n<\/div>\n<div class=\"large-6 columns\">\n<p>&nbsp;<\/p>\n<\/div>\n","protected":false},"excerpt":{"rendered":"<p>Odjel za rad sa studentima I ciklusa studija &nbsp; Raisa Koji\u0107, BA iur. \u0160efica Studentske slu\u017ebe <a href=\"mailto:raisa.kojic@pfsa.unsa.ba\" class=\"autohyperlink\">raisa.kojic@pfsa.unsa.ba<\/a> +387 (0)33 223-136 Adi Beganovi\u0107, MA iur. <a href=\"mailto:studentska@pfsa.unsa.ba\" class=\"autohyperlink\">studentska@pfsa.unsa.ba<\/a> +387 (0)33 223-136 Miralem Kahriman, MA iur. <a href=\"mailto:studentska@pfsa.unsa.ba\" class=\"autohyperlink\">studentska@pfsa.unsa.ba<\/a> +387 (0)33 223-136 &nbsp; Odjel za rad sa studentima II i III ciklusa studija &nbsp; Danica Peji\u0107, dipl. sociolog <a href=\"mailto:postdiplomski@pfsa.unsa.ba\" class=\"autohyperlink\">postdiplomski@pfsa.unsa.ba<\/a> +387 (0)33 [&hellip;]<\/p>\n","protected":false},"author":1,"featured_media":0,"parent":133,"menu_order":34,"comment_status":"open","ping_status":"open","template":"","meta":{"_eb_attr":"","jetpack_post_was_ever_published":false,"footnotes":""},"class_list":["post-212","page","type-page","status-publish","hentry","node node-blog clearfix"],"jetpack_shortlink":"https:\/\/wp.me\/P9i2Az-3q","jetpack_sharing_enabled":true,"post_mailing_queue_ids":[],"_links":{"self":[{"href":"https:\/\/pfsa.unsa.ba\/pf\/wp-json\/wp\/v2\/pages\/212","targetHints":{"allow":["GET"]}}],"collection":[{"href":"https:\/\/pfsa.unsa.ba\/pf\/wp-json\/wp\/v2\/pages"}],"about":[{"href":"https:\/\/pfsa.unsa.ba\/pf\/wp-json\/wp\/v2\/types\/page"}],"author":[{"embeddable":true,"href":"https:\/\/pfsa.unsa.ba\/pf\/wp-json\/wp\/v2\/users\/1"}],"replies":[{"embeddable":true,"href":"https:\/\/pfsa.unsa.ba\/pf\/wp-json\/wp\/v2\/comments?post=212"}],"version-history":[{"count":64,"href":"https:\/\/pfsa.unsa.ba\/pf\/wp-json\/wp\/v2\/pages\/212\/revisions"}],"predecessor-version":[{"id":65512,"href":"https:\/\/pfsa.unsa.ba\/pf\/wp-json\/wp\/v2\/pages\/212\/revisions\/65512"}],"up":[{"embeddable":true,"href":"https:\/\/pfsa.unsa.ba\/pf\/wp-json\/wp\/v2\/pages\/133"}],"wp:attachment":[{"href":"https:\/\/pfsa.unsa.ba\/pf\/wp-json\/wp\/v2\/media?parent=212"}],"curies":[{"name":"wp","href":"https:\/\/api.w.org\/{rel}","templated":true}]}}