{"id":225,"date":"2014-08-21T10:39:23","date_gmt":"2014-08-21T08:39:23","guid":{"rendered":"http:\/\/www.pfsa.unsa.ba\/pf\/?page_id=225"},"modified":"2018-06-08T13:00:05","modified_gmt":"2018-06-08T11:00:05","slug":"ciklus-2","status":"publish","type":"page","link":"https:\/\/pfsa.unsa.ba\/pf\/nastava\/ciklus-2\/","title":{"rendered":"II ciklus"},"content":{"rendered":"<div class=\"large-6 columns\">\n<div class=\"service-div clearfix\">\n<div class=\"icon-container bg\"><i class=\"fa fa-th-large fa-2\"><\/i><\/div>\n<h3>Postdiplomski studij<\/h3>\n<p><a href=\"\/pf\/category\/ii-ciklus-referentni-dokumenti\/\" class=\"icon-container yellow-bg small\"><br \/>\n<br \/><i class=\"fa fa-info fa-2\"><\/i><br \/>\n<span>Referentni<br \/> dokumenti<\/span><br \/>\n<\/a><a href=\"\/pf\/category\/ii-ciklus-obavjestenja\/\" class=\"icon-container orange-bg small\"><br \/>\n<br \/><i class=\"fa fa-info fa-2\"><\/i><br \/>\n<span>Obavje\u0161tenja slu\u017ebe<\/span><br \/>\n<\/a><br \/>\n<a href=\"\/pf\/category\/ii-ciklus-raspored-nastave\/\" class=\"icon-container red-bg small\"><br \/>\n<br \/><i class=\"fa fa-info fa-2\"><\/i><br \/>\n<span>Raspored<br \/> nastave i termini konsultacija<\/span><br \/>\n<\/a><br \/>\n<a href=\"\/pf\/category\/ii-ciklus-raspored-ispita\/\" class=\"icon-container darkred-bg small\"><br \/>\n<br \/><i class=\"fa fa-info fa-2\"><\/i><br \/>\n<span>Raspored<br \/> ispita<\/span><br \/>\n<\/a><br \/>\n<a href=\"\/pf\/category\/zavrsni-radovi\/\" class=\"icon-container lightblue-bg small\"><br \/>\n<br \/><i class=\"fa fa-info fa-2\"><\/i><br \/>\n<span>Zavr\u0161ni radovi<\/span><br \/>\n<\/a><\/p>\n<p><\/a>\n<\/div>\n<\/div>\n<div class=\"large-6 columns\">\n<div class=\"service-div clearfix\">\n<div class=\"icon-container bg\"><i class=\"fa fa-th-large fa-2\"><\/i><\/div>\n<h3>Smjerovi<\/h3>\n<p><a href=\"\/pf\/category\/ii-ciklus-katedra-za-dmjp\/\" class=\"icon-container green-bg small\"><br \/>\n<br \/><i class=\"fa fa-info fa-2\"><\/i><br \/>\n<span>Katedra za dr\u017eavno i me\u0111unarodno javno pravo<\/span><br \/>\n<\/a><a href=\"\/pf\/category\/ii-ciklus-katedra-gp\/\" class=\"icon-container darkgreen-bg small\"><br \/>\n<br \/><i class=\"fa fa-info fa-2\"><\/i><br \/>\n<span>Katedra gra\u0111anskog prava<\/span><br \/>\n<a href=\"\/pf\/category\/ii-ciklus-katedra-kp\/\" class=\"icon-container lila-bg small\"><br \/>\n<br \/><i class=\"fa fa-info fa-2\"><\/i><br \/>\n<span>Katedra krivi\u010dnog prava<\/span><br \/>\n<a href=\"\/pf\/category\/ii-ciklus-katedra-pen\/\" class=\"icon-container lila-dark small\"><br \/>\n<br \/><i class=\"fa fa-info fa-2\"><\/i><br \/>\n<span>Katedra pravno-ekonomskih nauka<\/span><br \/>\n<a href=\"\/pf\/category\/ii-ciklus-katedra-za-phkp\/\" class=\"icon-container grey-bg small\"><br \/>\n<br \/><i class=\"fa fa-info fa-2\"><\/i><br \/>\n<span>Katedra za pravnu historiju i komparativno pravo <\/span><br \/>\n<a href=\"\/pf\/category\/ii-ciklus-metodologija-istrazivanja\/\" class=\"icon-container blue-bg small\"><br \/>\n<br \/><i class=\"fa fa-info fa-2\"><\/i><br \/>\n<span>Metodologija istra\u017eivanja<\/span><br \/>\n<\/a>\n<\/div>\n<\/div>\n","protected":false},"excerpt":{"rendered":"<p>Postdiplomski studij Referentni dokumenti Obavje\u0161tenja slu\u017ebe Raspored nastave i termini konsultacija Raspored ispita Zavr\u0161ni radovi Smjerovi Katedra za dr\u017eavno i me\u0111unarodno javno pravo Katedra gra\u0111anskog prava Katedra krivi\u010dnog prava Katedra pravno-ekonomskih nauka Katedra za pravnu historiju i komparativno pravo Metodologija istra\u017eivanja<\/p>\n","protected":false},"author":1,"featured_media":0,"parent":127,"menu_order":32,"comment_status":"open","ping_status":"open","template":"","meta":{"_eb_attr":"","jetpack_post_was_ever_published":false,"footnotes":""},"class_list":["post-225","page","type-page","status-publish","hentry","node node-blog clearfix"],"jetpack_shortlink":"https:\/\/wp.me\/P9i2Az-3D","jetpack_sharing_enabled":true,"post_mailing_queue_ids":[],"_links":{"self":[{"href":"https:\/\/pfsa.unsa.ba\/pf\/wp-json\/wp\/v2\/pages\/225","targetHints":{"allow":["GET"]}}],"collection":[{"href":"https:\/\/pfsa.unsa.ba\/pf\/wp-json\/wp\/v2\/pages"}],"about":[{"href":"https:\/\/pfsa.unsa.ba\/pf\/wp-json\/wp\/v2\/types\/page"}],"author":[{"embeddable":true,"href":"https:\/\/pfsa.unsa.ba\/pf\/wp-json\/wp\/v2\/users\/1"}],"replies":[{"embeddable":true,"href":"https:\/\/pfsa.unsa.ba\/pf\/wp-json\/wp\/v2\/comments?post=225"}],"version-history":[{"count":25,"href":"https:\/\/pfsa.unsa.ba\/pf\/wp-json\/wp\/v2\/pages\/225\/revisions"}],"predecessor-version":[{"id":24139,"href":"https:\/\/pfsa.unsa.ba\/pf\/wp-json\/wp\/v2\/pages\/225\/revisions\/24139"}],"up":[{"embeddable":true,"href":"https:\/\/pfsa.unsa.ba\/pf\/wp-json\/wp\/v2\/pages\/127"}],"wp:attachment":[{"href":"https:\/\/pfsa.unsa.ba\/pf\/wp-json\/wp\/v2\/media?parent=225"}],"curies":[{"name":"wp","href":"https:\/\/api.w.org\/{rel}","templated":true}]}}