{"id":241,"date":"2014-08-21T10:54:20","date_gmt":"2014-08-21T08:54:20","guid":{"rendered":"http:\/\/www.pfsa.unsa.ba\/pf\/?page_id=241"},"modified":"2015-09-08T16:50:38","modified_gmt":"2015-09-08T14:50:38","slug":"dlstudij","status":"publish","type":"page","link":"https:\/\/pfsa.unsa.ba\/pf\/dlstudij\/","title":{"rendered":"DL studij"},"content":{"rendered":"<p><code>\u00a0<\/code><\/p>\n<div class=\"large-4 columns \">\n<div class=\"service-div clearfix\"><a class=\"icon-container green-bg small\" href=\"http:\/\/dl.pfsa.unsa.ba\/login\/index.php\" target=\"_blank\"><br \/>\n<i class=\"fa-laptop fa fa-2x\"><\/i><br \/>\n<strong><span style=\"color: #ffffff;\">DL login<\/span><\/strong><br \/>\n<\/a><\/div>\n<\/div>\n<div class=\"large-8 columns\">\n<div class=\"service-div\">\n<p style=\"text-align: left;\">Dana\u0161nje doba modernih tehnologija i globalizacije donosi brze promjene u svim aspektima ljudskog \u017eivota. Zbog toga se javlja potreba za \u0161to br\u017eim i pravovremenim obrazovanjem koje \u0107e istovremeno biti \u0161iroko dostupno.<br \/>\nDL studij odnosno e-learning mo\u017eemo definisati kao kori\u0161tenje informaciono-komunikacionih tehnologija u cilju prijenosa znanja bez obzira na vrijeme i mjesto polaznika edukacije s jedne i predava\u010da s druge strane. E-learning donosi mnogo prednosti kao \u0161to su:<br \/>\nOmogu\u0107ava korisnicima kvalitetno sudjelovanje u nastavi i kada udaljenost, raspored i sli\u010dne okolnosti to \u010dine nemogu\u0107im. \u0160iroka dostupnost istovremeno omogu\u0107ava i istovremeno sudjelovanje velikog broja korisnika.<br \/>\nE-learning kursevi su dostupni 24 sata dnevno \u0161to omogu\u0107ava najefikasnije mogu\u0107e iskori\u0161tavanje vremena. Polaznici sami biraju kada \u0107e i kako pristupiti kursevima s obzirom da imaju stalan pristup materijalima i nastavi koju poha\u0111aju.<br \/>\nE-learning omogu\u0107ava posebno dinami\u010dnu interakciju izme\u0111u predava\u010da i studenata kao i studenata me\u0111usobno. Svaki pojedinac doprinosi nastavi pokretanjem, odnosno sudjelovanjem u raspravama koje se ti\u010du odre\u0111ene teme.<br \/>\nU sklopu sistema omogu\u0107ena je integracija i pristup drugim izvorima bitnim za gradivo koje se podu\u010dava i prou\u010dava.<br \/>\nVjerujemo da \u0107e ovaj na\u010din poha\u0111anja nastave u mnogome olak\u0161ati studij studentima koji su zaposleni te ostalima kojima druge obaveze ne dozvoljavaju prisustvo na predavanjima u u\u010dionici.<\/p>\n<p>Vi\u0161e informacija o DL-u (u\u010denju na daljinu) na I ciklusu studija na Pravnom fakultetu mo\u017eete dobiti na sljede\u0107oj e-mail adresi: <a href=\"mailto:studentska@pfsa.unsa.ba\" target=\"_top\">studentska@pfsa.unsa.ba<\/a>.<\/p>\n<p>Informacije o DL-u (u\u010denju na daljinu) na II ciklusu studija mo\u017eete dobiti putem sljede\u0107e e-mail adrese:  <a href=\"mailto:postdiplomski@pfsa.unsa.ba\" target=\"_top\">postdiplomski@pfsa.unsa.ba<\/a>.<\/p>\n<p>Ukoliko imate tehni\u010dkih problema sa pristupom na DL platformu, molimo Vas da se obratite putem e-mail adrese:  <a href=\"mailto:podrska@pfsa.unsa.ba\" target=\"_top\">podrska@pfsa.unsa.ba<\/a>.<\/p>\n<\/div>\n<\/div>\n","protected":false},"excerpt":{"rendered":"<p>\u00a0 DL login Dana\u0161nje doba modernih tehnologija i globalizacije donosi brze promjene u svim aspektima ljudskog \u017eivota. Zbog toga se javlja potreba za \u0161to br\u017eim i pravovremenim obrazovanjem koje \u0107e istovremeno biti \u0161iroko dostupno. DL studij odnosno e-learning mo\u017eemo definisati kao kori\u0161tenje informaciono-komunikacionih tehnologija u cilju prijenosa znanja bez obzira na vrijeme i mjesto polaznika [&hellip;]<\/p>\n","protected":false},"author":1,"featured_media":0,"parent":0,"menu_order":6,"comment_status":"open","ping_status":"open","template":"","meta":{"_eb_attr":"","jetpack_post_was_ever_published":false,"footnotes":""},"class_list":["post-241","page","type-page","status-publish","hentry","node node-blog clearfix"],"jetpack_shortlink":"https:\/\/wp.me\/P9i2Az-3T","jetpack_sharing_enabled":true,"post_mailing_queue_ids":[],"_links":{"self":[{"href":"https:\/\/pfsa.unsa.ba\/pf\/wp-json\/wp\/v2\/pages\/241","targetHints":{"allow":["GET"]}}],"collection":[{"href":"https:\/\/pfsa.unsa.ba\/pf\/wp-json\/wp\/v2\/pages"}],"about":[{"href":"https:\/\/pfsa.unsa.ba\/pf\/wp-json\/wp\/v2\/types\/page"}],"author":[{"embeddable":true,"href":"https:\/\/pfsa.unsa.ba\/pf\/wp-json\/wp\/v2\/users\/1"}],"replies":[{"embeddable":true,"href":"https:\/\/pfsa.unsa.ba\/pf\/wp-json\/wp\/v2\/comments?post=241"}],"version-history":[{"count":64,"href":"https:\/\/pfsa.unsa.ba\/pf\/wp-json\/wp\/v2\/pages\/241\/revisions"}],"predecessor-version":[{"id":6682,"href":"https:\/\/pfsa.unsa.ba\/pf\/wp-json\/wp\/v2\/pages\/241\/revisions\/6682"}],"wp:attachment":[{"href":"https:\/\/pfsa.unsa.ba\/pf\/wp-json\/wp\/v2\/media?parent=241"}],"curies":[{"name":"wp","href":"https:\/\/api.w.org\/{rel}","templated":true}]}}