{"id":280,"date":"2014-08-21T15:21:42","date_gmt":"2014-08-21T13:21:42","guid":{"rendered":"http:\/\/www.pfsa.unsa.ba\/pf\/?page_id=280"},"modified":"2019-10-16T16:49:19","modified_gmt":"2019-10-16T14:49:19","slug":"prva-godina","status":"publish","type":"page","link":"https:\/\/pfsa.unsa.ba\/pf\/nastava\/ciklus-1\/prva-godina\/","title":{"rendered":"Prva godina"},"content":{"rendered":"<div class=\"large-6 columns\">\n<div class=\"service-div clearfix\">\n<div class=\"icon-container bg\"><i class=\"fa fa-th-large fa-2\"><\/i><\/div>\n<h3>Predmeti<\/h3>\n<p><a href=\"\/pf\/category\/i-god-institucije-rimskog-prava\/\" class=\"icon-container yellow-bg small\"><br \/>\n<br \/><i class=\"fa fa-info fa-2\"><\/i><br \/>\n<span>Rimsko pravo I i II<\/span><br \/>\n<\/a><a href=\"\/pf\/category\/i-god-historija-drzave-BIH-historija-prava-bih\/\" class=\"icon-container orange-bg small\"><br \/>\n<br \/><i class=\"fa fa-info fa-2\"><\/i><br \/>\n<span>Historija dr\u017eave BiH i Historija prava BiH<\/span><br \/>\n<\/a><br \/>\n<a href=\"\/pf\/category\/i-god-sociologija-i-sociologija-prava\/\" class=\"icon-container red-bg small\"><br \/>\n<br \/><i class=\"fa fa-info fa-2\"><\/i><br \/>\n<span>Sociologija i pravo<\/span><br \/>\n<\/a><br \/>\n<a href=\"\/pf\/category\/i-god-ekonomske-osnove-drzave-i-prava\/\" class=\"icon-container darkred-bg small\"><br \/>\n<br \/><i class=\"fa fa-info fa-2\"><\/i><br \/>\n<span>Ekonomske osnove dr\u017eave i prava<\/span><br \/>\n<\/a><br \/>\n<a href=\"\/pf\/category\/uvod-u-nauku-o-drzavi-i-pravu-i-struktura-prava\/\" class=\"icon-container lila-bg small\"><br \/>\n<br \/><i class=\"fa fa-info fa-2\"><\/i><br \/>\n<span>Uvod u nauku o dr\u017eavi i pravu i Struktura prava<\/span><br \/>\n<\/a><br \/>\n<a href=\"\/pf\/category\/i-god-komparativna-pravna-historija\/\" class=\"icon-container blue-bg small\"><br \/>\n<br \/><i class=\"fa fa-info fa-2\"><\/i><br \/>\n<span>Komparativna pravna historija i Moderne pravne kodifikacije<\/span><br \/>\n<\/a><\/p>\n<\/div>\n<\/div>\n<div class=\"large-6 columns\">\n<div class=\"service-div clearfix\">\n<div class=\"icon-container bg\"><i class=\"fa fa-th-large fa-2\"><\/i><\/div>\n<h3>Raspored nastave, ispita i termini konsultacija<\/h3>\n<p><a href=\"\/pf\/category\/i-god-raspored-nastave\/\" class=\"icon-container green-bg small\"><br \/>\n<br \/><i class=\"fa fa-info fa-2\"><\/i><br \/>\n<span>Raspored nastave i termini konsultacija<\/span><br \/>\n<\/a><a href=\"\/pf\/category\/i-god-raspored-ispita\/\" class=\"icon-container darkgreen-bg small\"><br \/>\n<br \/><i class=\"fa fa-info fa-2\"><\/i><br \/>\n<span>Raspored ispita<\/span><br \/>\n<\/a><\/p>\n<\/div>\n<\/div>\n","protected":false},"excerpt":{"rendered":"<p>Predmeti Rimsko pravo I i II Historija dr\u017eave BiH i Historija prava BiH Sociologija i pravo Ekonomske osnove dr\u017eave i prava Uvod u nauku o dr\u017eavi i pravu i Struktura prava Komparativna pravna historija i Moderne pravne kodifikacije Raspored nastave, ispita i termini konsultacija Raspored nastave i termini konsultacija Raspored ispita<\/p>\n","protected":false},"author":1,"featured_media":0,"parent":223,"menu_order":25,"comment_status":"open","ping_status":"open","template":"","meta":{"_eb_attr":"","jetpack_post_was_ever_published":false,"footnotes":""},"class_list":["post-280","page","type-page","status-publish","hentry","node node-blog clearfix"],"jetpack_shortlink":"https:\/\/wp.me\/P9i2Az-4w","jetpack_sharing_enabled":true,"post_mailing_queue_ids":[],"_links":{"self":[{"href":"https:\/\/pfsa.unsa.ba\/pf\/wp-json\/wp\/v2\/pages\/280","targetHints":{"allow":["GET"]}}],"collection":[{"href":"https:\/\/pfsa.unsa.ba\/pf\/wp-json\/wp\/v2\/pages"}],"about":[{"href":"https:\/\/pfsa.unsa.ba\/pf\/wp-json\/wp\/v2\/types\/page"}],"author":[{"embeddable":true,"href":"https:\/\/pfsa.unsa.ba\/pf\/wp-json\/wp\/v2\/users\/1"}],"replies":[{"embeddable":true,"href":"https:\/\/pfsa.unsa.ba\/pf\/wp-json\/wp\/v2\/comments?post=280"}],"version-history":[{"count":95,"href":"https:\/\/pfsa.unsa.ba\/pf\/wp-json\/wp\/v2\/pages\/280\/revisions"}],"predecessor-version":[{"id":33705,"href":"https:\/\/pfsa.unsa.ba\/pf\/wp-json\/wp\/v2\/pages\/280\/revisions\/33705"}],"up":[{"embeddable":true,"href":"https:\/\/pfsa.unsa.ba\/pf\/wp-json\/wp\/v2\/pages\/223"}],"wp:attachment":[{"href":"https:\/\/pfsa.unsa.ba\/pf\/wp-json\/wp\/v2\/media?parent=280"}],"curies":[{"name":"wp","href":"https:\/\/api.w.org\/{rel}","templated":true}]}}