{"id":38653,"date":"2020-04-01T11:29:38","date_gmt":"2020-04-01T09:29:38","guid":{"rendered":"http:\/\/www.pfsa.unsa.ba\/pf\/?page_id=38653"},"modified":"2024-06-20T09:49:23","modified_gmt":"2024-06-20T07:49:23","slug":"prijava-za-news-feed","status":"publish","type":"page","link":"https:\/\/pfsa.unsa.ba\/pf\/prijava-za-news-feed\/","title":{"rendered":"Prijava za primanje obavijesti"},"content":{"rendered":"<div class=\"large-12 columns\">\n<div class=\"service-div clearfix\">\n<p>Ovdje mo\u017eete izvr\u0161iti prijavu za primanje obavje\u0161tenja sa web stranice Pravnog fakulteta putem e-maila odabirom \u017eeljenih kategorija.<\/p>\n<p><code><div class=\"emaillist\" id=\"es_form_f1-n1\"><form action=\"\/pf\/wp-json\/wp\/v2\/pages\/38653#es_form_f1-n1\" method=\"post\" class=\"es_subscription_form es_shortcode_form  es_ajax_subscription_form\" id=\"es_subscription_form_69e38f805af77\" data-source=\"ig-es\" data-form-id=\"1\"><div class=\"es-field-wrap\"><label>Ime i Prezime*<br \/><input type=\"text\" name=\"esfpx_name\" class=\"ig_es_form_field_name\" placeholder=\"\" value=\"\" required=\"required\" \/><\/label><\/div><div class=\"es-field-wrap ig-es-form-field\"><label class=\"es-field-label\">Email*<br \/><input class=\"es_required_field es_txt_email ig_es_form_field_email ig-es-form-input\" type=\"email\" name=\"esfpx_email\" value=\"\" placeholder=\"\" required=\"required\" \/><\/label><\/div><div class=\"es-field-wrap es-list-field\"><p><b style=\"font-weight: 600; color: #374151; font-size: 14px; display: block; margin-bottom: 8px;\">Lists*<\/b><\/p><div style=\"margin-bottom: 8px;\"><label for=\"list_123_69e38f805b3af\" style=\"display: flex; align-items: center; cursor: pointer; user-select: none;\"><div style=\"position: relative; display: inline-flex; align-items: center; justify-content: center; width: 20px; height: 20px; margin-right: 8px;\"><input type=\"checkbox\" id=\"list_123_69e38f805b3af\" name=\"esfpx_lists[]\" value=\"deb05f09a457\" style=\"position: absolute; opacity: 0; width: 100%; height: 100%; cursor: pointer; margin: 0;\" \/><div style=\"width: 20px; height: 20px; border: 2px solid #d1d5db; border-radius: 4px; background: white; transition: all 0.2s; pointer-events: none;\"><\/div><svg viewBox=\"0 0 12 9\"><path d=\"M10.28.28a.75.75 0 0 1 .976.073l.084.094a.75.75 0 0 1-.073.976l-.094.084-6.5 5.25a.75.75 0 0 1-.871.031l-.088-.062-3.25-2.75a.75.75 0 0 1 .896-1.198l.081.06 2.807 2.375L10.28.28Z\"><\/path><\/svg><\/div><span style=\"color: #4b5563; font-size: 14px;\">Biblioteka \u2013 Obavijesti<\/span><\/label><\/div><div style=\"margin-bottom: 8px;\"><label for=\"list_104_69e38f805b3c7\" style=\"display: flex; align-items: center; cursor: pointer; user-select: none;\"><div style=\"position: relative; display: inline-flex; align-items: center; justify-content: center; width: 20px; height: 20px; margin-right: 8px;\"><input type=\"checkbox\" id=\"list_104_69e38f805b3c7\" name=\"esfpx_lists[]\" value=\"5ae21aae3816\" style=\"position: absolute; opacity: 0; width: 100%; height: 100%; cursor: pointer; margin: 0;\" \/><div style=\"width: 20px; height: 20px; border: 2px solid #d1d5db; border-radius: 4px; background: white; transition: all 0.2s; pointer-events: none;\"><\/div><svg viewBox=\"0 0 12 9\"><path d=\"M10.28.28a.75.75 0 0 1 .976.073l.084.094a.75.75 0 0 1-.073.976l-.094.084-6.5 5.25a.75.75 0 0 1-.871.031l-.088-.062-3.25-2.75a.75.75 0 0 1 .896-1.198l.081.06 2.807 2.375L10.28.28Z\"><\/path><\/svg><\/div><span style=\"color: #4b5563; font-size: 14px;\">I godina<\/span><\/label><\/div><div style=\"margin-bottom: 8px;\"><label for=\"list_105_69e38f805b3d0\" style=\"display: flex; align-items: center; cursor: pointer; user-select: none;\"><div style=\"position: relative; display: inline-flex; align-items: center; justify-content: center; width: 20px; height: 20px; margin-right: 8px;\"><input type=\"checkbox\" id=\"list_105_69e38f805b3d0\" name=\"esfpx_lists[]\" value=\"bbd556daaaf9\" style=\"position: absolute; opacity: 0; width: 100%; height: 100%; cursor: pointer; margin: 0;\" \/><div style=\"width: 20px; height: 20px; border: 2px solid #d1d5db; border-radius: 4px; background: white; transition: all 0.2s; pointer-events: none;\"><\/div><svg viewBox=\"0 0 12 9\"><path d=\"M10.28.28a.75.75 0 0 1 .976.073l.084.094a.75.75 0 0 1-.073.976l-.094.084-6.5 5.25a.75.75 0 0 1-.871.031l-.088-.062-3.25-2.75a.75.75 0 0 1 .896-1.198l.081.06 2.807 2.375L10.28.28Z\"><\/path><\/svg><\/div><span style=\"color: #4b5563; font-size: 14px;\">II godina<\/span><\/label><\/div><div style=\"margin-bottom: 8px;\"><label for=\"list_106_69e38f805b3d8\" style=\"display: flex; align-items: center; cursor: pointer; user-select: none;\"><div style=\"position: relative; display: inline-flex; align-items: center; justify-content: center; width: 20px; height: 20px; margin-right: 8px;\"><input type=\"checkbox\" id=\"list_106_69e38f805b3d8\" name=\"esfpx_lists[]\" value=\"6f3d41281ca9\" style=\"position: absolute; opacity: 0; width: 100%; height: 100%; cursor: pointer; margin: 0;\" \/><div style=\"width: 20px; height: 20px; border: 2px solid #d1d5db; border-radius: 4px; background: white; transition: all 0.2s; pointer-events: none;\"><\/div><svg viewBox=\"0 0 12 9\"><path d=\"M10.28.28a.75.75 0 0 1 .976.073l.084.094a.75.75 0 0 1-.073.976l-.094.084-6.5 5.25a.75.75 0 0 1-.871.031l-.088-.062-3.25-2.75a.75.75 0 0 1 .896-1.198l.081.06 2.807 2.375L10.28.28Z\"><\/path><\/svg><\/div><span style=\"color: #4b5563; font-size: 14px;\">III godina<\/span><\/label><\/div><div style=\"margin-bottom: 8px;\"><label for=\"list_107_69e38f805b3de\" style=\"display: flex; align-items: center; cursor: pointer; user-select: none;\"><div style=\"position: relative; display: inline-flex; align-items: center; justify-content: center; width: 20px; height: 20px; margin-right: 8px;\"><input type=\"checkbox\" id=\"list_107_69e38f805b3de\" name=\"esfpx_lists[]\" value=\"6061c1f3def9\" style=\"position: absolute; opacity: 0; width: 100%; height: 100%; cursor: pointer; margin: 0;\" \/><div style=\"width: 20px; height: 20px; border: 2px solid #d1d5db; border-radius: 4px; background: white; transition: all 0.2s; pointer-events: none;\"><\/div><svg viewBox=\"0 0 12 9\"><path d=\"M10.28.28a.75.75 0 0 1 .976.073l.084.094a.75.75 0 0 1-.073.976l-.094.084-6.5 5.25a.75.75 0 0 1-.871.031l-.088-.062-3.25-2.75a.75.75 0 0 1 .896-1.198l.081.06 2.807 2.375L10.28.28Z\"><\/path><\/svg><\/div><span style=\"color: #4b5563; font-size: 14px;\">IV godina<\/span><\/label><\/div><div style=\"margin-bottom: 8px;\"><label for=\"list_108_69e38f805b3e4\" style=\"display: flex; align-items: center; cursor: pointer; user-select: none;\"><div style=\"position: relative; display: inline-flex; align-items: center; justify-content: center; width: 20px; height: 20px; margin-right: 8px;\"><input type=\"checkbox\" id=\"list_108_69e38f805b3e4\" name=\"esfpx_lists[]\" value=\"13e2c0107970\" style=\"position: absolute; opacity: 0; width: 100%; height: 100%; cursor: pointer; margin: 0;\" \/><div style=\"width: 20px; height: 20px; border: 2px solid #d1d5db; border-radius: 4px; background: white; transition: all 0.2s; pointer-events: none;\"><\/div><svg viewBox=\"0 0 12 9\"><path d=\"M10.28.28a.75.75 0 0 1 .976.073l.084.094a.75.75 0 0 1-.073.976l-.094.084-6.5 5.25a.75.75 0 0 1-.871.031l-.088-.062-3.25-2.75a.75.75 0 0 1 .896-1.198l.081.06 2.807 2.375L10.28.28Z\"><\/path><\/svg><\/div><span style=\"color: #4b5563; font-size: 14px;\">Konkursi i oglasi<\/span><\/label><\/div><div style=\"margin-bottom: 8px;\"><label for=\"list_109_69e38f805b3e9\" style=\"display: flex; align-items: center; cursor: pointer; user-select: none;\"><div style=\"position: relative; display: inline-flex; align-items: center; justify-content: center; width: 20px; height: 20px; margin-right: 8px;\"><input type=\"checkbox\" id=\"list_109_69e38f805b3e9\" name=\"esfpx_lists[]\" value=\"ec1c58120075\" style=\"position: absolute; opacity: 0; width: 100%; height: 100%; cursor: pointer; margin: 0;\" \/><div style=\"width: 20px; height: 20px; border: 2px solid #d1d5db; border-radius: 4px; background: white; transition: all 0.2s; pointer-events: none;\"><\/div><svg viewBox=\"0 0 12 9\"><path d=\"M10.28.28a.75.75 0 0 1 .976.073l.084.094a.75.75 0 0 1-.073.976l-.094.084-6.5 5.25a.75.75 0 0 1-.871.031l-.088-.062-3.25-2.75a.75.75 0 0 1 .896-1.198l.081.06 2.807 2.375L10.28.28Z\"><\/path><\/svg><\/div><span style=\"color: #4b5563; font-size: 14px;\">Ljetna \u0161kola, nau\u010dni skupovi i me\u0111unarodna saradnja<\/span><\/label><\/div><div style=\"margin-bottom: 8px;\"><label for=\"list_112_69e38f805b3ee\" style=\"display: flex; align-items: center; cursor: pointer; user-select: none;\"><div style=\"position: relative; display: inline-flex; align-items: center; justify-content: center; width: 20px; height: 20px; margin-right: 8px;\"><input type=\"checkbox\" id=\"list_112_69e38f805b3ee\" name=\"esfpx_lists[]\" value=\"64a71fdcc02c\" style=\"position: absolute; opacity: 0; width: 100%; height: 100%; cursor: pointer; margin: 0;\" \/><div style=\"width: 20px; height: 20px; border: 2px solid #d1d5db; border-radius: 4px; background: white; transition: all 0.2s; pointer-events: none;\"><\/div><svg viewBox=\"0 0 12 9\"><path d=\"M10.28.28a.75.75 0 0 1 .976.073l.084.094a.75.75 0 0 1-.073.976l-.094.084-6.5 5.25a.75.75 0 0 1-.871.031l-.088-.062-3.25-2.75a.75.75 0 0 1 .896-1.198l.081.06 2.807 2.375L10.28.28Z\"><\/path><\/svg><\/div><span style=\"color: #4b5563; font-size: 14px;\">Predbolonjski studij<\/span><\/label><\/div><div style=\"margin-bottom: 8px;\"><label for=\"list_113_69e38f805b3f5\" style=\"display: flex; align-items: center; cursor: pointer; user-select: none;\"><div style=\"position: relative; display: inline-flex; align-items: center; justify-content: center; width: 20px; height: 20px; margin-right: 8px;\"><input type=\"checkbox\" id=\"list_113_69e38f805b3f5\" name=\"esfpx_lists[]\" value=\"253f0ed2ab87\" style=\"position: absolute; opacity: 0; width: 100%; height: 100%; cursor: pointer; margin: 0;\" \/><div style=\"width: 20px; height: 20px; border: 2px solid #d1d5db; border-radius: 4px; background: white; transition: all 0.2s; pointer-events: none;\"><\/div><svg viewBox=\"0 0 12 9\"><path d=\"M10.28.28a.75.75 0 0 1 .976.073l.084.094a.75.75 0 0 1-.073.976l-.094.084-6.5 5.25a.75.75 0 0 1-.871.031l-.088-.062-3.25-2.75a.75.75 0 0 1 .896-1.198l.081.06 2.807 2.375L10.28.28Z\"><\/path><\/svg><\/div><span style=\"color: #4b5563; font-size: 14px;\">Studenti<\/span><\/label><\/div><div style=\"margin-bottom: 8px;\"><label for=\"list_114_69e38f805b3fa\" style=\"display: flex; align-items: center; cursor: pointer; user-select: none;\"><div style=\"position: relative; display: inline-flex; align-items: center; justify-content: center; width: 20px; height: 20px; margin-right: 8px;\"><input type=\"checkbox\" id=\"list_114_69e38f805b3fa\" name=\"esfpx_lists[]\" value=\"0a48db84d14a\" style=\"position: absolute; opacity: 0; width: 100%; height: 100%; cursor: pointer; margin: 0;\" \/><div style=\"width: 20px; height: 20px; border: 2px solid #d1d5db; border-radius: 4px; background: white; transition: all 0.2s; pointer-events: none;\"><\/div><svg viewBox=\"0 0 12 9\"><path d=\"M10.28.28a.75.75 0 0 1 .976.073l.084.094a.75.75 0 0 1-.073.976l-.094.084-6.5 5.25a.75.75 0 0 1-.871.031l-.088-.062-3.25-2.75a.75.75 0 0 1 .896-1.198l.081.06 2.807 2.375L10.28.28Z\"><\/path><\/svg><\/div><span style=\"color: #4b5563; font-size: 14px;\">Zavr\u0161ni radovi<\/span><\/label><\/div><div style=\"margin-bottom: 8px;\"><label for=\"list_115_69e38f805b3ff\" style=\"display: flex; align-items: center; cursor: pointer; user-select: none;\"><div style=\"position: relative; display: inline-flex; align-items: center; justify-content: center; width: 20px; height: 20px; margin-right: 8px;\"><input type=\"checkbox\" id=\"list_115_69e38f805b3ff\" name=\"esfpx_lists[]\" value=\"fe7913352caf\" style=\"position: absolute; opacity: 0; width: 100%; height: 100%; cursor: pointer; margin: 0;\" \/><div style=\"width: 20px; height: 20px; border: 2px solid #d1d5db; border-radius: 4px; background: white; transition: all 0.2s; pointer-events: none;\"><\/div><svg viewBox=\"0 0 12 9\"><path d=\"M10.28.28a.75.75 0 0 1 .976.073l.084.094a.75.75 0 0 1-.073.976l-.094.084-6.5 5.25a.75.75 0 0 1-.871.031l-.088-.062-3.25-2.75a.75.75 0 0 1 .896-1.198l.081.06 2.807 2.375L10.28.28Z\"><\/path><\/svg><\/div><span style=\"color: #4b5563; font-size: 14px;\">II ciklus \u2013 Katedra GP<\/span><\/label><\/div><div style=\"margin-bottom: 8px;\"><label for=\"list_116_69e38f805b404\" style=\"display: flex; align-items: center; cursor: pointer; user-select: none;\"><div style=\"position: relative; display: inline-flex; align-items: center; justify-content: center; width: 20px; height: 20px; margin-right: 8px;\"><input type=\"checkbox\" id=\"list_116_69e38f805b404\" name=\"esfpx_lists[]\" value=\"9283d292f37b\" style=\"position: absolute; opacity: 0; width: 100%; height: 100%; cursor: pointer; margin: 0;\" \/><div style=\"width: 20px; height: 20px; border: 2px solid #d1d5db; border-radius: 4px; background: white; transition: all 0.2s; pointer-events: none;\"><\/div><svg viewBox=\"0 0 12 9\"><path d=\"M10.28.28a.75.75 0 0 1 .976.073l.084.094a.75.75 0 0 1-.073.976l-.094.084-6.5 5.25a.75.75 0 0 1-.871.031l-.088-.062-3.25-2.75a.75.75 0 0 1 .896-1.198l.081.06 2.807 2.375L10.28.28Z\"><\/path><\/svg><\/div><span style=\"color: #4b5563; font-size: 14px;\">II ciklus \u2013 Katedra KP<\/span><\/label><\/div><div style=\"margin-bottom: 8px;\"><label for=\"list_117_69e38f805b40b\" style=\"display: flex; align-items: center; cursor: pointer; user-select: none;\"><div style=\"position: relative; display: inline-flex; align-items: center; justify-content: center; width: 20px; height: 20px; margin-right: 8px;\"><input type=\"checkbox\" id=\"list_117_69e38f805b40b\" name=\"esfpx_lists[]\" value=\"d7f103baf5d7\" style=\"position: absolute; opacity: 0; width: 100%; height: 100%; cursor: pointer; margin: 0;\" \/><div style=\"width: 20px; height: 20px; border: 2px solid #d1d5db; border-radius: 4px; background: white; transition: all 0.2s; pointer-events: none;\"><\/div><svg viewBox=\"0 0 12 9\"><path d=\"M10.28.28a.75.75 0 0 1 .976.073l.084.094a.75.75 0 0 1-.073.976l-.094.084-6.5 5.25a.75.75 0 0 1-.871.031l-.088-.062-3.25-2.75a.75.75 0 0 1 .896-1.198l.081.06 2.807 2.375L10.28.28Z\"><\/path><\/svg><\/div><span style=\"color: #4b5563; font-size: 14px;\">II ciklus \u2013 Katedra PEN<\/span><\/label><\/div><div style=\"margin-bottom: 8px;\"><label for=\"list_118_69e38f805b410\" style=\"display: flex; align-items: center; cursor: pointer; user-select: none;\"><div style=\"position: relative; display: inline-flex; align-items: center; justify-content: center; width: 20px; height: 20px; margin-right: 8px;\"><input type=\"checkbox\" id=\"list_118_69e38f805b410\" name=\"esfpx_lists[]\" value=\"09af5ea4f939\" style=\"position: absolute; opacity: 0; width: 100%; height: 100%; cursor: pointer; margin: 0;\" \/><div style=\"width: 20px; height: 20px; border: 2px solid #d1d5db; border-radius: 4px; background: white; transition: all 0.2s; pointer-events: none;\"><\/div><svg viewBox=\"0 0 12 9\"><path d=\"M10.28.28a.75.75 0 0 1 .976.073l.084.094a.75.75 0 0 1-.073.976l-.094.084-6.5 5.25a.75.75 0 0 1-.871.031l-.088-.062-3.25-2.75a.75.75 0 0 1 .896-1.198l.081.06 2.807 2.375L10.28.28Z\"><\/path><\/svg><\/div><span style=\"color: #4b5563; font-size: 14px;\">II ciklus \u2013 Katedra za DMJP<\/span><\/label><\/div><div style=\"margin-bottom: 8px;\"><label for=\"list_119_69e38f805b415\" style=\"display: flex; align-items: center; cursor: pointer; user-select: none;\"><div style=\"position: relative; display: inline-flex; align-items: center; justify-content: center; width: 20px; height: 20px; margin-right: 8px;\"><input type=\"checkbox\" id=\"list_119_69e38f805b415\" name=\"esfpx_lists[]\" value=\"430582cc0ccc\" style=\"position: absolute; opacity: 0; width: 100%; height: 100%; cursor: pointer; margin: 0;\" \/><div style=\"width: 20px; height: 20px; border: 2px solid #d1d5db; border-radius: 4px; background: white; transition: all 0.2s; pointer-events: none;\"><\/div><svg viewBox=\"0 0 12 9\"><path d=\"M10.28.28a.75.75 0 0 1 .976.073l.084.094a.75.75 0 0 1-.073.976l-.094.084-6.5 5.25a.75.75 0 0 1-.871.031l-.088-.062-3.25-2.75a.75.75 0 0 1 .896-1.198l.081.06 2.807 2.375L10.28.28Z\"><\/path><\/svg><\/div><span style=\"color: #4b5563; font-size: 14px;\">II ciklus \u2013 Katedra za PHKP<\/span><\/label><\/div><div style=\"margin-bottom: 8px;\"><label for=\"list_120_69e38f805b41b\" style=\"display: flex; align-items: center; cursor: pointer; user-select: none;\"><div style=\"position: relative; display: inline-flex; align-items: center; justify-content: center; width: 20px; height: 20px; margin-right: 8px;\"><input type=\"checkbox\" id=\"list_120_69e38f805b41b\" name=\"esfpx_lists[]\" value=\"155d9988bcf6\" style=\"position: absolute; opacity: 0; width: 100%; height: 100%; cursor: pointer; margin: 0;\" \/><div style=\"width: 20px; height: 20px; border: 2px solid #d1d5db; border-radius: 4px; background: white; transition: all 0.2s; pointer-events: none;\"><\/div><svg viewBox=\"0 0 12 9\"><path d=\"M10.28.28a.75.75 0 0 1 .976.073l.084.094a.75.75 0 0 1-.073.976l-.094.084-6.5 5.25a.75.75 0 0 1-.871.031l-.088-.062-3.25-2.75a.75.75 0 0 1 .896-1.198l.081.06 2.807 2.375L10.28.28Z\"><\/path><\/svg><\/div><span style=\"color: #4b5563; font-size: 14px;\">II ciklus \u2013 Metodologija istra\u017eivanja<\/span><\/label><\/div><div style=\"margin-bottom: 8px;\"><label for=\"list_121_69e38f805b421\" style=\"display: flex; align-items: center; cursor: pointer; user-select: none;\"><div style=\"position: relative; display: inline-flex; align-items: center; justify-content: center; width: 20px; height: 20px; margin-right: 8px;\"><input type=\"checkbox\" id=\"list_121_69e38f805b421\" name=\"esfpx_lists[]\" value=\"ab85dbacd532\" style=\"position: absolute; opacity: 0; width: 100%; height: 100%; cursor: pointer; margin: 0;\" \/><div style=\"width: 20px; height: 20px; border: 2px solid #d1d5db; border-radius: 4px; background: white; transition: all 0.2s; pointer-events: none;\"><\/div><svg viewBox=\"0 0 12 9\"><path d=\"M10.28.28a.75.75 0 0 1 .976.073l.084.094a.75.75 0 0 1-.073.976l-.094.084-6.5 5.25a.75.75 0 0 1-.871.031l-.088-.062-3.25-2.75a.75.75 0 0 1 .896-1.198l.081.06 2.807 2.375L10.28.28Z\"><\/path><\/svg><\/div><span style=\"color: #4b5563; font-size: 14px;\">II ciklus (obavje\u0161tenja i rasporedi)<\/span><\/label><\/div><div style=\"margin-bottom: 8px;\"><label for=\"list_122_69e38f805b427\" style=\"display: flex; align-items: center; cursor: pointer; user-select: none;\"><div style=\"position: relative; display: inline-flex; align-items: center; justify-content: center; width: 20px; height: 20px; margin-right: 8px;\"><input type=\"checkbox\" id=\"list_122_69e38f805b427\" name=\"esfpx_lists[]\" value=\"9ad5f594920b\" style=\"position: absolute; opacity: 0; width: 100%; height: 100%; cursor: pointer; margin: 0;\" \/><div style=\"width: 20px; height: 20px; border: 2px solid #d1d5db; border-radius: 4px; background: white; transition: all 0.2s; pointer-events: none;\"><\/div><svg viewBox=\"0 0 12 9\"><path d=\"M10.28.28a.75.75 0 0 1 .976.073l.084.094a.75.75 0 0 1-.073.976l-.094.084-6.5 5.25a.75.75 0 0 1-.871.031l-.088-.062-3.25-2.75a.75.75 0 0 1 .896-1.198l.081.06 2.807 2.375L10.28.28Z\"><\/path><\/svg><\/div><span style=\"color: #4b5563; font-size: 14px;\">III ciklus (obavje\u0161tenja i rasporedi)<\/span><\/label><\/div><div style=\"margin-bottom: 8px;\"><label for=\"list_124_69e38f805b42c\" style=\"display: flex; align-items: center; cursor: pointer; user-select: none;\"><div style=\"position: relative; display: inline-flex; align-items: center; justify-content: center; width: 20px; height: 20px; margin-right: 8px;\"><input type=\"checkbox\" id=\"list_124_69e38f805b42c\" name=\"esfpx_lists[]\" value=\"b7c0343b7ff4\" style=\"position: absolute; opacity: 0; width: 100%; height: 100%; cursor: pointer; margin: 0;\" \/><div style=\"width: 20px; height: 20px; border: 2px solid #d1d5db; border-radius: 4px; background: white; transition: all 0.2s; pointer-events: none;\"><\/div><svg viewBox=\"0 0 12 9\"><path d=\"M10.28.28a.75.75 0 0 1 .976.073l.084.094a.75.75 0 0 1-.073.976l-.094.084-6.5 5.25a.75.75 0 0 1-.871.031l-.088-.062-3.25-2.75a.75.75 0 0 1 .896-1.198l.081.06 2.807 2.375L10.28.28Z\"><\/path><\/svg><\/div><span style=\"color: #4b5563; font-size: 14px;\">Aktivnosti i aktuelnosti<\/span><\/label><\/div><\/div><style>\n\t\t.es-list-field input[type=\"checkbox\"]:checked + div {\n\t\t\tbackground-color: #3b82f6 !important;\n\t\t\tborder-color: #3b82f6 !important;\n\t\t}\n\t\t.es-list-field input[type=\"checkbox\"]:checked + div + svg {\n\t\t\topacity: 1 !important;\n\t\t}\n\t\t.es-list-field input[type=\"checkbox\"]:hover:not(:checked) + div {\n\t\t\tborder-color: #9ca3af !important;\n\t\t}\n\t\t<\/style><input type=\"hidden\" name=\"esfpx_form_id\" value=\"1\" \/><input type=\"hidden\" name=\"es\" value=\"subscribe\" \/>\n\t\t\t<input type=\"hidden\" name=\"esfpx_es_form_identifier\" value=\"f1-n1\" \/>\n\t\t\t<input type=\"hidden\" name=\"esfpx_es_email_page\" value=\"38653\" \/>\n\t\t\t<input type=\"hidden\" name=\"esfpx_es_email_page_url\" value=\"https:\/\/pfsa.unsa.ba\/pf\/prijava-za-news-feed\/\" \/>\n\t\t\t<input type=\"hidden\" name=\"esfpx_status\" value=\"Unconfirmed\" \/>\n\t\t\t<input type=\"hidden\" name=\"esfpx_es-subscribe\" id=\"es-subscribe-69e38f805af77\" value=\"60872a4b5c\" \/>\n\t\t\t<label style=\"position:absolute;top:-99999px;left:-99999px;z-index:-99;\" aria-hidden=\"true\"><span hidden>Please leave this field empty.<\/span><input type=\"email\" name=\"esfpx_es_hp_email\" class=\"es_required_field\" tabindex=\"-1\" autocomplete=\"-1\" value=\"\" \/><\/label><input type=\"submit\" name=\"submit\" class=\"es_subscription_form_submit es_submit_button es_textbox_button\" id=\"es_subscription_form_submit_69e38f805af77\" value=\"Prijavi se\" \/><span class=\"es_spinner_image\" id=\"spinner-image\"><img decoding=\"async\" src=\"https:\/\/pfsa.unsa.ba\/pf\/wp-content\/plugins\/email-subscribers\/lite\/public\/images\/spinner.gif\" alt=\"Loading\" \/><\/span><\/form><span class=\"es_subscription_message \" id=\"es_subscription_message_69e38f805af77\" role=\"alert\" aria-live=\"assertive\"><\/span><\/div><\/code><\/p>\n<\/div>\n<\/div>\n","protected":false},"excerpt":{"rendered":"<p>Ovdje mo\u017eete izvr\u0161iti prijavu za primanje obavje\u0161tenja sa web stranice Pravnog fakulteta putem e-maila odabirom \u017eeljenih kategorija.<\/p>\n","protected":false},"author":1,"featured_media":0,"parent":0,"menu_order":0,"comment_status":"closed","ping_status":"closed","template":"","meta":{"_eb_attr":"","jetpack_post_was_ever_published":false,"footnotes":""},"class_list":["post-38653","page","type-page","status-publish","hentry","node node-blog clearfix"],"jetpack_shortlink":"https:\/\/wp.me\/P9i2Az-a3r","jetpack_sharing_enabled":true,"post_mailing_queue_ids":[],"_links":{"self":[{"href":"https:\/\/pfsa.unsa.ba\/pf\/wp-json\/wp\/v2\/pages\/38653","targetHints":{"allow":["GET"]}}],"collection":[{"href":"https:\/\/pfsa.unsa.ba\/pf\/wp-json\/wp\/v2\/pages"}],"about":[{"href":"https:\/\/pfsa.unsa.ba\/pf\/wp-json\/wp\/v2\/types\/page"}],"author":[{"embeddable":true,"href":"https:\/\/pfsa.unsa.ba\/pf\/wp-json\/wp\/v2\/users\/1"}],"replies":[{"embeddable":true,"href":"https:\/\/pfsa.unsa.ba\/pf\/wp-json\/wp\/v2\/comments?post=38653"}],"version-history":[{"count":18,"href":"https:\/\/pfsa.unsa.ba\/pf\/wp-json\/wp\/v2\/pages\/38653\/revisions"}],"predecessor-version":[{"id":68608,"href":"https:\/\/pfsa.unsa.ba\/pf\/wp-json\/wp\/v2\/pages\/38653\/revisions\/68608"}],"wp:attachment":[{"href":"https:\/\/pfsa.unsa.ba\/pf\/wp-json\/wp\/v2\/media?parent=38653"}],"curies":[{"name":"wp","href":"https:\/\/api.w.org\/{rel}","templated":true}]}}