{"id":568,"date":"2014-08-25T13:50:55","date_gmt":"2014-08-25T11:50:55","guid":{"rendered":"http:\/\/www.pfsa.unsa.ba\/pf\/?page_id=568"},"modified":"2025-10-09T09:33:00","modified_gmt":"2025-10-09T07:33:00","slug":"druga-godina","status":"publish","type":"page","link":"https:\/\/pfsa.unsa.ba\/pf\/nastava\/ciklus-1\/druga-godina\/","title":{"rendered":"Druga godina"},"content":{"rendered":"<div class=\"large-6 columns\">\n<div class=\"service-div clearfix\">\n<div class=\"icon-container bg\"><i class=\"fa fa-th-large fa-2\"><\/i><\/div>\n<h3>Predmeti<\/h3>\n<p><a href=\"\/pf\/category\/ii-god-ustavno-pravo-i-i-ii\/\" class=\"icon-container yellow-bg small\"><br \/>\n<br \/><i class=\"fa fa-info fa-2\"><\/i><br \/>\n<span>Ustavno pravo I i II<\/span><br \/>\n<\/a><a href=\"\/pf\/category\/ii-god-krivicno-pravo-i-i-ii\/\" class=\"icon-container orange-bg small\"><br \/>\n<br \/><i class=\"fa fa-info fa-2\"><\/i><br \/>\n<span>Krivi\u010dno pravo I i II<\/span><br \/>\n<\/a><br \/>\n<a href=\"\/pf\/category\/ii-god-uvod-u-gradansko-pravo-i-stvarno-pravo\/\" class=\"icon-container red-bg small\"><br \/>\n<br \/><i class=\"fa fa-info fa-2\"><\/i><br \/>\n<span>Uvod u gra\u0111ansko pravo i Stvarno pravo<\/span><br \/>\n<\/a><br \/>\n<a href=\"\/pf\/category\/ii-god-porodicno-pravo-i-i-ii\/\" class=\"icon-container darkred-bg small\"><br \/>\n<br \/><i class=\"fa fa-info fa-2\"><\/i><br \/>\n<span>Porodi\u010dno pravo I i II<\/span><br \/>\n<\/a><br \/>\n<a href=\"\/pf\/category\/ii-god-nasljedno-pravo\/\" class=\"icon-container lightblue-bg small\"><br \/>\n<br \/><i class=\"fa fa-info fa-2\"><\/i><br \/>\n<span>Nasljedno pravo<\/span><br \/>\n<\/a><br \/>\n<a href=\"\/pf\/category\/ii-god-ekonomsko-pravo\/\" class=\"icon-container blue-bg small\"><br \/>\n<br \/><i class=\"fa fa-info fa-2\"><\/i><br \/>\n<span>Ekonomsko pravo<\/span><br \/>\n<\/a><br \/>\n<a href=\"\/pf\/nastava\/ciklus-1\/druga-godina\/izborni-predmeti\/\" class=\"icon-container lila-bg small\"><br \/>\n<br \/><i class=\"fa fa-info fa-2\"><\/i><br \/>\n<span>Izborni predmeti<\/span><br \/>\n<\/a>\n<\/div>\n<\/div>\n<div class=\"large-6 columns\">\n<div class=\"service-div clearfix\">\n<div class=\"icon-container bg\"><i class=\"fa fa-th-large fa-2\"><\/i><\/div>\n<h3>Raspored nastave, ispita i termini konsultacija<\/h3>\n<p><a href=\"\/pf\/category\/ii-god-raspored-nastave\/\" class=\"icon-container green-bg small\"><br \/>\n<br \/><i class=\"fa fa-info fa-2\"><\/i><br \/>\n<span>Raspored nastave i termini konsultacija<\/span><br \/>\n<\/a><a href=\"\/pf\/category\/ii-god-raspored-ispita\/\" class=\"icon-container darkgreen-bg small\"><br \/>\n<br \/><i class=\"fa fa-info fa-2\"><\/i><br \/>\n<span>Raspored ispita<\/span><br \/>\n<\/a>\n<\/div>\n<\/div>\n","protected":false},"excerpt":{"rendered":"<p>Predmeti Ustavno pravo I i II Krivi\u010dno pravo I i II Uvod u gra\u0111ansko pravo i Stvarno pravo Porodi\u010dno pravo I i II Nasljedno pravo Ekonomsko pravo Izborni predmeti Raspored nastave, ispita i termini konsultacija Raspored nastave i termini konsultacija Raspored ispita<\/p>\n","protected":false},"author":1,"featured_media":0,"parent":223,"menu_order":26,"comment_status":"open","ping_status":"open","template":"","meta":{"_eb_attr":"","jetpack_post_was_ever_published":false,"footnotes":""},"class_list":["post-568","page","type-page","status-publish","hentry","node node-blog clearfix"],"jetpack_shortlink":"https:\/\/wp.me\/P9i2Az-9a","jetpack_sharing_enabled":true,"post_mailing_queue_ids":[],"_links":{"self":[{"href":"https:\/\/pfsa.unsa.ba\/pf\/wp-json\/wp\/v2\/pages\/568","targetHints":{"allow":["GET"]}}],"collection":[{"href":"https:\/\/pfsa.unsa.ba\/pf\/wp-json\/wp\/v2\/pages"}],"about":[{"href":"https:\/\/pfsa.unsa.ba\/pf\/wp-json\/wp\/v2\/types\/page"}],"author":[{"embeddable":true,"href":"https:\/\/pfsa.unsa.ba\/pf\/wp-json\/wp\/v2\/users\/1"}],"replies":[{"embeddable":true,"href":"https:\/\/pfsa.unsa.ba\/pf\/wp-json\/wp\/v2\/comments?post=568"}],"version-history":[{"count":43,"href":"https:\/\/pfsa.unsa.ba\/pf\/wp-json\/wp\/v2\/pages\/568\/revisions"}],"predecessor-version":[{"id":74289,"href":"https:\/\/pfsa.unsa.ba\/pf\/wp-json\/wp\/v2\/pages\/568\/revisions\/74289"}],"up":[{"embeddable":true,"href":"https:\/\/pfsa.unsa.ba\/pf\/wp-json\/wp\/v2\/pages\/223"}],"wp:attachment":[{"href":"https:\/\/pfsa.unsa.ba\/pf\/wp-json\/wp\/v2\/media?parent=568"}],"curies":[{"name":"wp","href":"https:\/\/api.w.org\/{rel}","templated":true}]}}