{"id":575,"date":"2014-08-25T13:57:17","date_gmt":"2014-08-25T11:57:17","guid":{"rendered":"http:\/\/www.pfsa.unsa.ba\/pf\/?page_id=575"},"modified":"2021-01-16T21:14:01","modified_gmt":"2021-01-16T20:14:01","slug":"treca-godina","status":"publish","type":"page","link":"https:\/\/pfsa.unsa.ba\/pf\/nastava\/ciklus-1\/treca-godina\/","title":{"rendered":"Tre\u0107a godina"},"content":{"rendered":"<div class=\"large-6 columns\">\n<div class=\"service-div clearfix\">\n<div class=\"icon-container bg\"><i class=\"fa fa-th-large fa-2\"><\/i><\/div>\n<h3>Predmeti<\/h3>\n<p><a href=\"\/pf\/category\/iii-god-krivicno-procesno-pravo-i-i-ii\/\" class=\"icon-container yellow-bg small\"><br \/>\n<br \/><i class=\"fa fa-info fa-2\"><\/i><br \/>\n<span>Krivi\u010dno procesno pravo I i II<\/span><br \/>\n<\/a><a href=\"\/pf\/category\/iii-god-obligaciono-pravo-i-i-ii\/\" class=\"icon-container orange-bg small\"><br \/>\n<br \/><i class=\"fa fa-info fa-2\"><\/i><br \/>\n<span>Obligaciono pravo I i II<\/span><br \/>\n<\/a><br \/>\n<a href=\"\/pf\/category\/iii-god-finansije-i-finansijsko-pravo\/\" class=\"icon-container red-bg small\"><br \/>\n<br \/><i class=\"fa fa-info fa-2\"><\/i><br \/>\n<span>Finansije i finansijsko pravo<\/span><br \/>\n<\/a><br \/>\n<a href=\"\/pf\/category\/iii-god-medunarodno-javno-pravo-i-i-ii\/\" class=\"icon-container darkred-bg small\"><br \/>\n<br \/><i class=\"fa fa-info fa-2\"><\/i><br \/>\n<span>Me\u0111unarodno javno pravo I i II<\/span><br \/>\n<\/a><br \/>\n<a href=\"\/pf\/category\/iii-god-radno-pravo-i-socijalno-pravo\/\" class=\"icon-container lightblue-bg small\"><br \/>\n<br \/><i class=\"fa fa-info fa-2\"><\/i><br \/>\n<span>Radno pravo i Socijalno pravo<\/span><br \/>\n<\/a><br \/>\n<a href=\"\/pf\/category\/iii-god-medunarodno-krivicno-pravo\/\" class=\"icon-container blue-bg small\"><br \/>\n<br \/><i class=\"fa fa-info fa-2\"><\/i><br \/>\n<span>Kriminalistika i Me\u0111unarodno krivi\u010dno pravo<\/span><br \/>\n<\/a><br \/>\n<a href=\"\/pf\/category\/iii-god-osnovi-prava-evropske-unije\/\" class=\"icon-container lila-bg small\"><br \/>\n<br \/><i class=\"fa fa-info fa-2\"><\/i><br \/>\n<span>Osnovi prava Evropske unije<\/span><br \/>\n<\/a><br \/>\n<a href=\"\/pf\/category\/iii-god-osnove-evropskog-privatnog-prava\/\" class=\"icon-container lila-dark small\"><br \/>\n<br \/><i class=\"fa fa-info fa-2\"><\/i><br \/>\n<span>Osnove Evropskog privatnog prava<\/span><br \/>\n<\/a><br \/>\n<a href=\"\/pf\/nastava\/ciklus-1\/treca-godina\/izborni-predmeti\/\" class=\"icon-container grey-bg small\"><br \/>\n<br \/><i class=\"fa fa-info fa-2\"><\/i><br \/>\n<span>Izborni predmeti<\/span><br \/>\n<\/a>\n<\/div>\n<\/div>\n<div class=\"large-6 columns\">\n<div class=\"service-div clearfix\">\n<div class=\"icon-container bg\"><i class=\"fa fa-th-large fa-2\"><\/i><\/div>\n<h3>Raspored nastave, ispita i termini konsultacija<\/h3>\n<p><a href=\"\/pf\/category\/iii-god-raspored-nastave\/\" class=\"icon-container green-bg small\"><br \/>\n<br \/><i class=\"fa fa-info fa-2\"><\/i><br \/>\n<span>Raspored nastave i termini konsultacija<\/span><br \/>\n<\/a><a href=\"\/pf\/category\/iii-god-raspored-ispita\/\" class=\"icon-container darkgreen-bg small\"><br \/>\n<br \/><i class=\"fa fa-info fa-2\"><\/i><br \/>\n<span>Raspored ispita<\/span><br \/>\n<\/a>\n<\/div>\n<\/div>\n","protected":false},"excerpt":{"rendered":"<p>Predmeti Krivi\u010dno procesno pravo I i II Obligaciono pravo I i II Finansije i finansijsko pravo Me\u0111unarodno javno pravo I i II Radno pravo i Socijalno pravo Kriminalistika i Me\u0111unarodno krivi\u010dno pravo Osnovi prava Evropske unije Osnove Evropskog privatnog prava Izborni predmeti Raspored nastave, ispita i termini konsultacija Raspored nastave i termini konsultacija Raspored ispita<\/p>\n","protected":false},"author":1,"featured_media":0,"parent":223,"menu_order":28,"comment_status":"open","ping_status":"open","template":"","meta":{"_eb_attr":"","jetpack_post_was_ever_published":false,"footnotes":""},"class_list":["post-575","page","type-page","status-publish","hentry","node node-blog clearfix"],"jetpack_shortlink":"https:\/\/wp.me\/P9i2Az-9h","jetpack_sharing_enabled":true,"post_mailing_queue_ids":[],"_links":{"self":[{"href":"https:\/\/pfsa.unsa.ba\/pf\/wp-json\/wp\/v2\/pages\/575","targetHints":{"allow":["GET"]}}],"collection":[{"href":"https:\/\/pfsa.unsa.ba\/pf\/wp-json\/wp\/v2\/pages"}],"about":[{"href":"https:\/\/pfsa.unsa.ba\/pf\/wp-json\/wp\/v2\/types\/page"}],"author":[{"embeddable":true,"href":"https:\/\/pfsa.unsa.ba\/pf\/wp-json\/wp\/v2\/users\/1"}],"replies":[{"embeddable":true,"href":"https:\/\/pfsa.unsa.ba\/pf\/wp-json\/wp\/v2\/comments?post=575"}],"version-history":[{"count":48,"href":"https:\/\/pfsa.unsa.ba\/pf\/wp-json\/wp\/v2\/pages\/575\/revisions"}],"predecessor-version":[{"id":49708,"href":"https:\/\/pfsa.unsa.ba\/pf\/wp-json\/wp\/v2\/pages\/575\/revisions\/49708"}],"up":[{"embeddable":true,"href":"https:\/\/pfsa.unsa.ba\/pf\/wp-json\/wp\/v2\/pages\/223"}],"wp:attachment":[{"href":"https:\/\/pfsa.unsa.ba\/pf\/wp-json\/wp\/v2\/media?parent=575"}],"curies":[{"name":"wp","href":"https:\/\/api.w.org\/{rel}","templated":true}]}}