{"id":582,"date":"2014-08-25T14:03:36","date_gmt":"2014-08-25T12:03:36","guid":{"rendered":"http:\/\/www.pfsa.unsa.ba\/pf\/?page_id=582"},"modified":"2018-02-10T15:25:29","modified_gmt":"2018-02-10T14:25:29","slug":"cetvrta-godina","status":"publish","type":"page","link":"https:\/\/pfsa.unsa.ba\/pf\/nastava\/ciklus-1\/cetvrta-godina\/","title":{"rendered":"\u010cetvrta godina"},"content":{"rendered":"<div class=\"large-6 columns\">\n<div class=\"service-div clearfix\">\n<div class=\"icon-container bg\"><i class=\"fa fa-th-large fa-2\"><\/i><\/div>\n<h3>Predmeti<\/h3>\n<p><a href=\"\/pf\/category\/iv-god-osnovi-prava-intelektualnog-vlasnistva\/\"class=\"icon-container yellow-bg small\"><br \/>\n<br \/><i class=\"fa fa-info fa-2\"><\/i><br \/>\n<span>Osnovi prava intelektualnog vlasni\u0161tva<\/span><br \/>\n<\/a><a href=\"\/pf\/category\/iv-god-gradansko-procesno-pravo-i-i-ii\/\" class=\"icon-container orange-bg small\"><br \/>\n<br \/><i class=\"fa fa-info fa-2\"><\/i><br \/>\n<span>Gra\u0111ansko procesno pravo I i II<\/span><br \/>\n<\/a><br \/>\n<a href=\"\/pf\/category\/iv-god-medunarodno-privatno-pravo\/\" class=\"icon-container red-bg small\"><br \/>\n<br \/><i class=\"fa fa-info fa-2\"><\/i><br \/>\n<span>Me\u0111unarodno privatno pravo I i II<\/span><br \/>\n<\/a><br \/>\n<a href=\"\/pf\/category\/iv-pravo-privrednih-drustava-i-poslovno-pravo\/\" class=\"icon-container darkred-bg small\"><br \/>\n<br \/><i class=\"fa fa-info fa-2\"><\/i><br \/>\n<span>Pravo privrednih dru\u0161tava i Poslovno pravo<\/span><br \/>\n<\/a><br \/>\n<a href=\"\/pf\/category\/iv-god-filozofija-prava\/\" class=\"icon-container lightblue-bg small\"><br \/>\n<br \/><i class=\"fa fa-info fa-2\"><\/i><br \/>\n<span>Filozofija prava<\/span><br \/>\n<\/a><br \/>\n<a href=\"\/pf\/category\/iv-medunarodno-finansijsko-pravo\/\" class=\"icon-container blue-bg small\"><br \/>\n<br \/><i class=\"fa fa-info fa-2\"><\/i><br \/>\n<span>Me\u0111unarodno finansijsko pravo<\/span><br \/>\n<\/a><br \/>\n<a href=\"\/pf\/category\/iv-upravno-pravo-i-i-ii\/\" class=\"icon-container lila-bg small\"><br \/>\n<br \/><i class=\"fa fa-info fa-2\"><\/i><br \/>\n<span>Upravno pravo I i II<\/span><br \/>\n<\/a><br \/>\n<a href=\"\/pf\/category\/iv-god-penologija\/\" class=\"icon-container lila-dark small\"><br \/>\n<br \/><i class=\"fa fa-info fa-2\"><\/i><br \/>\n<span>Penologija<\/span><br \/>\n<\/a><br \/>\n<a href=\"\/pf\/category\/iv-god-pravo-zastite-potrosaca\/\" class=\"icon-container lightblue-bg small\"><br \/>\n<br \/><i class=\"fa fa-info fa-2\"><\/i><br \/>\n<span>Pravo za\u0161tite potro\u0161a\u010da<\/span><br \/>\n<\/a><br \/>\n<a href=\"\/pf\/nastava\/ciklus-1\/cetvrta-godina\/izborni-predmeti\/\" class=\"icon-container greyright-bg small\"><br \/>\n<br \/><i class=\"fa fa-info fa-2\"><\/i><br \/>\n<span>Izborni predmeti<\/span><br \/>\n<\/a>\n<\/div>\n<\/div>\n<div class=\"large-6 columns\">\n<div class=\"service-div clearfix\">\n<div class=\"icon-container bg\"><i class=\"fa fa-th-large fa-2\"><\/i><\/div>\n<h3>Raspored nastave, ispita i termini konsultacija<\/h3>\n<p><a href=\"\/pf\/category\/iv-god-raspored-nastave\/\" class=\"icon-container green-bg small\"><br \/>\n<br \/><i class=\"fa fa-info fa-2\"><\/i><br \/>\n<span>Raspored nastave i termini konsultacija<\/span><br \/>\n<\/a><a href=\"\/pf\/category\/iv-god-raspored-ispita\/\" class=\"icon-container darkgreen-bg small\"><br \/>\n<br \/><i class=\"fa fa-info fa-2\"><\/i><br \/>\n<span>Raspored ispita<\/span><br \/>\n<\/a><\/p>\n<\/div>\n<\/div>\n","protected":false},"excerpt":{"rendered":"<p>Predmeti Osnovi prava intelektualnog vlasni\u0161tva Gra\u0111ansko procesno pravo I i II Me\u0111unarodno privatno pravo I i II Pravo privrednih dru\u0161tava i Poslovno pravo Filozofija prava Me\u0111unarodno finansijsko pravo Upravno pravo I i II Penologija Pravo za\u0161tite potro\u0161a\u010da Izborni predmeti Raspored nastave, ispita i termini konsultacija Raspored nastave i termini konsultacija Raspored ispita<\/p>\n","protected":false},"author":1,"featured_media":0,"parent":223,"menu_order":30,"comment_status":"open","ping_status":"open","template":"","meta":{"_eb_attr":"","jetpack_post_was_ever_published":false,"footnotes":""},"class_list":["post-582","page","type-page","status-publish","hentry","node node-blog clearfix"],"jetpack_shortlink":"https:\/\/wp.me\/P9i2Az-9o","jetpack_sharing_enabled":true,"post_mailing_queue_ids":[],"_links":{"self":[{"href":"https:\/\/pfsa.unsa.ba\/pf\/wp-json\/wp\/v2\/pages\/582","targetHints":{"allow":["GET"]}}],"collection":[{"href":"https:\/\/pfsa.unsa.ba\/pf\/wp-json\/wp\/v2\/pages"}],"about":[{"href":"https:\/\/pfsa.unsa.ba\/pf\/wp-json\/wp\/v2\/types\/page"}],"author":[{"embeddable":true,"href":"https:\/\/pfsa.unsa.ba\/pf\/wp-json\/wp\/v2\/users\/1"}],"replies":[{"embeddable":true,"href":"https:\/\/pfsa.unsa.ba\/pf\/wp-json\/wp\/v2\/comments?post=582"}],"version-history":[{"count":56,"href":"https:\/\/pfsa.unsa.ba\/pf\/wp-json\/wp\/v2\/pages\/582\/revisions"}],"predecessor-version":[{"id":21728,"href":"https:\/\/pfsa.unsa.ba\/pf\/wp-json\/wp\/v2\/pages\/582\/revisions\/21728"}],"up":[{"embeddable":true,"href":"https:\/\/pfsa.unsa.ba\/pf\/wp-json\/wp\/v2\/pages\/223"}],"wp:attachment":[{"href":"https:\/\/pfsa.unsa.ba\/pf\/wp-json\/wp\/v2\/media?parent=582"}],"curies":[{"name":"wp","href":"https:\/\/api.w.org\/{rel}","templated":true}]}}