{"id":62914,"date":"2023-03-05T13:44:49","date_gmt":"2023-03-05T12:44:49","guid":{"rendered":"https:\/\/www.pfsa.unsa.ba\/pf\/?page_id=62914"},"modified":"2023-03-06T09:55:50","modified_gmt":"2023-03-06T08:55:50","slug":"usluge","status":"publish","type":"page","link":"https:\/\/pfsa.unsa.ba\/pf\/biblioteka\/usluge\/","title":{"rendered":"Usluge"},"content":{"rendered":"<div class=\"service-div clearfix\">\n<h4 style=\"color: #666666\"><strong>Narud\u017eba publikacija<\/strong><\/h4>\n<p>Dostupna ud\u017ebeni\u010dka gra\u0111a preuzima se radnim danima od 10.00 do 14.00. Ostalu gra\u0111u smje\u0161tenu u depoima Biblioteke potrebno je naru\u010diti najkasnije dan prije dolaska u Biblioteku. Gra\u0111u mo\u017eete naru\u010divati preko mailova osoblja Biblioteke, telefonom ili putem usluge Moj COBISS.<\/p>\n<h4 style=\"color: #666666\"><strong>Pitanja za bibliotekarke\u00a0<\/strong><\/h4>\n<p>Sve upite iz djelokruga rada Biblioteke, uklju\u010duju\u0107i i pitanja vezana za izradu selektivnih bibliografija (npr. pitanja o literaturi potrebnoj za izradu razli\u010ditih studentskih radova), mo\u017eete poslati mailom na adresu: <a href=\"mailto:biblioteka@pfsa.unsa.ba\">biblioteka@pfsa.unsa.ba<\/a><\/p>\n<h4><strong>Edukacija korisnika\u00a0<\/strong><\/h4>\n<p>Rukovoditeljica Biblioteke educira korisnice i korisnike o vrstama i na\u010dinu kori\u0161tenja razli\u010ditih informacijskih resursa. Edukacija se obavlja na sva tri ciklusa studija, te kroz svakodnevne upute i pomo\u0107 pri pretra\u017eivanju u prostorijama Biblioteke radnim danima od 10.00 do 14.00 sati. Korisne informacije mogu se na\u0107i i u na\u0161em <a href=\"https:\/\/pfsa.unsa.ba\/pf\/wp-content\/uploads\/2022\/09\/Priru\u010dnik-katalozi-i-baze.pdf\">Priru\u010dniku.<\/a><\/p>\n<h4><strong>Me\u0111ubibliote\u010dka posudba<\/strong><\/h4>\n<p>Biblioteke kojima je potrebna gra\u0111a koju posjeduje Biblioteka Univerziteta u Sarajevu \u2013 Pravnog fakulteta svoje upite s osnovnim bibliografskim podacima o tra\u017eenoj publikaciji \u0161alju na e-mail adresu: <a href=\"mailto:m.rozajac@pfsa.unsa.ba\">m.rozajac@pfsa.unsa.ba<\/a><\/p>\n<p>&nbsp;<\/p>\n<p>&nbsp;<\/p>\n<\/div>\n","protected":false},"excerpt":{"rendered":"<p>Narud\u017eba publikacija Dostupna ud\u017ebeni\u010dka gra\u0111a preuzima se radnim danima od 10.00 do 14.00. Ostalu gra\u0111u smje\u0161tenu u depoima Biblioteke potrebno je naru\u010diti najkasnije dan prije dolaska u Biblioteku. Gra\u0111u mo\u017eete naru\u010divati preko mailova osoblja Biblioteke, telefonom ili putem usluge Moj COBISS. Pitanja za bibliotekarke\u00a0 Sve upite iz djelokruga rada Biblioteke, uklju\u010duju\u0107i i pitanja vezana za [&hellip;]<\/p>\n","protected":false},"author":1,"featured_media":0,"parent":131,"menu_order":0,"comment_status":"closed","ping_status":"closed","template":"","meta":{"_eb_attr":"","jetpack_post_was_ever_published":false,"footnotes":""},"class_list":["post-62914","page","type-page","status-publish","hentry","node node-blog clearfix"],"jetpack_shortlink":"https:\/\/wp.me\/P9i2Az-gmK","jetpack_sharing_enabled":true,"post_mailing_queue_ids":[],"_links":{"self":[{"href":"https:\/\/pfsa.unsa.ba\/pf\/wp-json\/wp\/v2\/pages\/62914","targetHints":{"allow":["GET"]}}],"collection":[{"href":"https:\/\/pfsa.unsa.ba\/pf\/wp-json\/wp\/v2\/pages"}],"about":[{"href":"https:\/\/pfsa.unsa.ba\/pf\/wp-json\/wp\/v2\/types\/page"}],"author":[{"embeddable":true,"href":"https:\/\/pfsa.unsa.ba\/pf\/wp-json\/wp\/v2\/users\/1"}],"replies":[{"embeddable":true,"href":"https:\/\/pfsa.unsa.ba\/pf\/wp-json\/wp\/v2\/comments?post=62914"}],"version-history":[{"count":6,"href":"https:\/\/pfsa.unsa.ba\/pf\/wp-json\/wp\/v2\/pages\/62914\/revisions"}],"predecessor-version":[{"id":62938,"href":"https:\/\/pfsa.unsa.ba\/pf\/wp-json\/wp\/v2\/pages\/62914\/revisions\/62938"}],"up":[{"embeddable":true,"href":"https:\/\/pfsa.unsa.ba\/pf\/wp-json\/wp\/v2\/pages\/131"}],"wp:attachment":[{"href":"https:\/\/pfsa.unsa.ba\/pf\/wp-json\/wp\/v2\/media?parent=62914"}],"curies":[{"name":"wp","href":"https:\/\/api.w.org\/{rel}","templated":true}]}}