{"id":65513,"date":"2023-10-10T12:25:33","date_gmt":"2023-10-10T10:25:33","guid":{"rendered":"https:\/\/www.pfsa.unsa.ba\/pf\/?page_id=65513"},"modified":"2024-12-02T15:46:26","modified_gmt":"2024-12-02T14:46:26","slug":"pristup-informacijama","status":"publish","type":"page","link":"https:\/\/pfsa.unsa.ba\/pf\/pristup-informacijama\/","title":{"rendered":"Pristup informacijama"},"content":{"rendered":"<div class=\"large-12 columns\">\n<div class=\"service-div clearfix\">\n<h4>Pristup informacijama<\/h4>\n<p>Slu\u017ebenik za informiranje: Sekretar fakulteta Haris Starhoni\u0107, BA iur<br \/>\nKontakt e-mail: <a style=\"color: #800000\" href=\"mailto:h.starhonic@pfsa.unsa.ba\">h.starhonic@pfsa.unsa.ba<\/a><\/span><\/p>\n<ul>\n<li><span style=\"color: #800000\"><a style=\"color: #800000\" href=\"https:\/\/pfsa.unsa.ba\/pf\/wp-content\/uploads\/2021\/02\/Odluka-o-donosenju-Vodica-za-pristup-informacijama.pdf\"><strong>Odluka o dono\u0161enju Vodi\u010da za pristup informacijama<\/strong><\/a><\/span><\/li>\n<li><span style=\"color: #800000\"><a style=\"color: #800000\" href=\"https:\/\/pfsa.unsa.ba\/pf\/wp-content\/uploads\/2021\/02\/Misljenje-uz-Odluku-o-donosenju-Vodica.pdf\"><strong>Mi\u0161ljenje uz Odluku o dono\u0161enju Vodi\u010da<\/strong><\/a><\/span><\/li>\n<li><span style=\"color: #800000\"><a style=\"color: #800000\" href=\"https:\/\/pfsa.unsa.ba\/pf\/wp-content\/uploads\/2021\/02\/Vodic-za-pristup-informacijama-koje-su-pod-kontrolom-PFSA.pdf\"><strong>Vodi\u010d za pristup informacijama koje su pod kontrolom PFSA<\/strong><\/a><\/span><\/li>\n<li><span style=\"color: #800000\"><a style=\"color: #800000\" href=\"https:\/\/pfsa.unsa.ba\/pf\/wp-content\/uploads\/2021\/02\/Indeks-registar-informacija.pdf\"><strong>Indeks registar informacija<\/strong><\/a><\/span><\/li>\n<li><span style=\"color: #800000\"><a style=\"color: #800000\" href=\"https:\/\/pfsa.unsa.ba\/pf\/wp-content\/uploads\/2021\/02\/Obrazac-zahtjeva-za-pristup-informacijama.pdf\"><strong>Obrazac zahtjeva za pristup informacijama<\/strong><\/a><\/span><\/li>\n<\/ul>\n<\/div>\n<\/div>\n","protected":false},"excerpt":{"rendered":"<p>Pristup informacijama Slu\u017ebenik za informiranje: Sekretar fakulteta Haris Starhoni\u0107, BA iur Kontakt e-mail: <a href=\"mailto:h.starhonic@pfsa.unsa.ba\" class=\"autohyperlink\">h.starhonic@pfsa.unsa.ba<\/a> Odluka o dono\u0161enju Vodi\u010da za pristup informacijama Mi\u0161ljenje uz Odluku o dono\u0161enju Vodi\u010da Vodi\u010d za pristup informacijama koje su pod kontrolom PFSA Indeks registar informacija Obrazac zahtjeva za pristup informacijama<\/p>\n","protected":false},"author":1,"featured_media":0,"parent":0,"menu_order":0,"comment_status":"closed","ping_status":"closed","template":"","meta":{"_eb_attr":"","jetpack_post_was_ever_published":false,"footnotes":""},"class_list":["post-65513","page","type-page","status-publish","hentry","node node-blog clearfix"],"jetpack_shortlink":"https:\/\/wp.me\/P9i2Az-h2F","jetpack_sharing_enabled":true,"post_mailing_queue_ids":[],"_links":{"self":[{"href":"https:\/\/pfsa.unsa.ba\/pf\/wp-json\/wp\/v2\/pages\/65513","targetHints":{"allow":["GET"]}}],"collection":[{"href":"https:\/\/pfsa.unsa.ba\/pf\/wp-json\/wp\/v2\/pages"}],"about":[{"href":"https:\/\/pfsa.unsa.ba\/pf\/wp-json\/wp\/v2\/types\/page"}],"author":[{"embeddable":true,"href":"https:\/\/pfsa.unsa.ba\/pf\/wp-json\/wp\/v2\/users\/1"}],"replies":[{"embeddable":true,"href":"https:\/\/pfsa.unsa.ba\/pf\/wp-json\/wp\/v2\/comments?post=65513"}],"version-history":[{"count":11,"href":"https:\/\/pfsa.unsa.ba\/pf\/wp-json\/wp\/v2\/pages\/65513\/revisions"}],"predecessor-version":[{"id":70782,"href":"https:\/\/pfsa.unsa.ba\/pf\/wp-json\/wp\/v2\/pages\/65513\/revisions\/70782"}],"wp:attachment":[{"href":"https:\/\/pfsa.unsa.ba\/pf\/wp-json\/wp\/v2\/media?parent=65513"}],"curies":[{"name":"wp","href":"https:\/\/api.w.org\/{rel}","templated":true}]}}