{"id":75297,"date":"2026-01-22T10:22:05","date_gmt":"2026-01-22T09:22:05","guid":{"rendered":"https:\/\/www.pfsa.unsa.ba\/pf\/?page_id=75297"},"modified":"2026-01-22T10:25:52","modified_gmt":"2026-01-22T09:25:52","slug":"zastita-licnih-podataka","status":"publish","type":"page","link":"https:\/\/pfsa.unsa.ba\/pf\/zastita-licnih-podataka\/","title":{"rendered":"Za\u0161tita li\u010dnih podataka"},"content":{"rendered":"<div class=\"large-12 columns\">\n<div class=\"service-div clearfix\">\nU skladu sa \u010dlanom 39. Zakona o za\u0161titi li\u010dnih podataka (\u201eSlu\u017ebeni glasnik BiH\u201c, broj 12\/2025), Univerzitet u Sarajevu \u2013 Pravni fakultet imenovao je slu\u017ebenika za za\u0161titu li\u010dnih podataka.<\/p>\n<p><strong>Kontakt podaci slu\u017ebenika za za\u0161titu li\u010dnih podataka:<\/strong><br \/>\nE-mail: <strong><a href=\"mailto:sluzbenik.zzlp@pfsa.unsa.ba\">sluzbenik.zzlp@pfsa.unsa.ba<\/a>\u00a0<\/strong><\/p>\n<p><strong>Napomena:<\/strong><br \/>\nSlu\u017ebenik za za\u0161titu li\u010dnih podataka na Univerzitetu u Sarajevu \u2013 Pravni fakultet pru\u017ea preporuke i savjete u vezi sa obradom li\u010dnih podataka rukovodstvu i zaposlenima Univerziteta u Sarajevu \u2013 Pravni fakultet koji u\u010destvuju u poslovima obrade li\u010dnih podataka, kao i nosiocima li\u010dnih podataka \u010diji se podaci obra\u0111uju od strane Univerziteta u Sarajevu \u2013 Pravni fakultet.<\/p>\n<p>Slu\u017ebenik za za\u0161titu li\u010dnih podataka ne pru\u017ea pravne savjete drugim kontrolorima i obra\u0111iva\u010dima li\u010dnih podataka.<\/p>\n<\/div>\n<\/div>\n","protected":false},"excerpt":{"rendered":"<p>U skladu sa \u010dlanom 39. Zakona o za\u0161titi li\u010dnih podataka (\u201eSlu\u017ebeni glasnik BiH\u201c, broj 12\/2025), Univerzitet u Sarajevu \u2013 Pravni fakultet imenovao je slu\u017ebenika za za\u0161titu li\u010dnih podataka. Kontakt podaci slu\u017ebenika za za\u0161titu li\u010dnih podataka: E-mail: <a href=\"mailto:sluzbenik.zzlp@pfsa.unsa.ba\" class=\"autohyperlink\">sluzbenik.zzlp@pfsa.unsa.ba<\/a>\u00a0 Napomena: Slu\u017ebenik za za\u0161titu li\u010dnih podataka na Univerzitetu u Sarajevu \u2013 Pravni fakultet pru\u017ea preporuke i savjete u [&hellip;]<\/p>\n","protected":false},"author":1,"featured_media":0,"parent":0,"menu_order":0,"comment_status":"closed","ping_status":"closed","template":"","meta":{"_eb_attr":"","jetpack_post_was_ever_published":false,"footnotes":""},"class_list":["post-75297","page","type-page","status-publish","hentry","node node-blog clearfix"],"jetpack_shortlink":"https:\/\/wp.me\/P9i2Az-jAt","jetpack_sharing_enabled":true,"post_mailing_queue_ids":[],"_links":{"self":[{"href":"https:\/\/pfsa.unsa.ba\/pf\/wp-json\/wp\/v2\/pages\/75297","targetHints":{"allow":["GET"]}}],"collection":[{"href":"https:\/\/pfsa.unsa.ba\/pf\/wp-json\/wp\/v2\/pages"}],"about":[{"href":"https:\/\/pfsa.unsa.ba\/pf\/wp-json\/wp\/v2\/types\/page"}],"author":[{"embeddable":true,"href":"https:\/\/pfsa.unsa.ba\/pf\/wp-json\/wp\/v2\/users\/1"}],"replies":[{"embeddable":true,"href":"https:\/\/pfsa.unsa.ba\/pf\/wp-json\/wp\/v2\/comments?post=75297"}],"version-history":[{"count":4,"href":"https:\/\/pfsa.unsa.ba\/pf\/wp-json\/wp\/v2\/pages\/75297\/revisions"}],"predecessor-version":[{"id":75301,"href":"https:\/\/pfsa.unsa.ba\/pf\/wp-json\/wp\/v2\/pages\/75297\/revisions\/75301"}],"wp:attachment":[{"href":"https:\/\/pfsa.unsa.ba\/pf\/wp-json\/wp\/v2\/media?parent=75297"}],"curies":[{"name":"wp","href":"https:\/\/api.w.org\/{rel}","templated":true}]}}