{"id":945,"date":"2014-09-08T10:12:37","date_gmt":"2014-09-08T08:12:37","guid":{"rendered":"http:\/\/www.pfsa.unsa.ba\/pf\/?page_id=945"},"modified":"2015-10-02T15:22:47","modified_gmt":"2015-10-02T13:22:47","slug":"historijat","status":"publish","type":"page","link":"https:\/\/pfsa.unsa.ba\/pf\/fakultet\/historijat\/","title":{"rendered":"Historijat fakulteta"},"content":{"rendered":"<div class=\"large-12 columns\">\n<div class=\"service-div clearfix\">\n<p><img decoding=\"async\" class=\"alignnone size-full wp-image-1221\" src=\"http:\/\/www.pfsa.unsa.ba\/pf\/wp-content\/uploads\/2014\/09\/uni1.png\" alt=\"uni\" width=\"100%\" height=\"220\" srcset=\"https:\/\/pfsa.unsa.ba\/pf\/wp-content\/uploads\/2014\/09\/uni1.png 988w, https:\/\/pfsa.unsa.ba\/pf\/wp-content\/uploads\/2014\/09\/uni1-300x66.png 300w\" sizes=\"(max-width: 988px) 100vw, 988px\" \/><\/p>\n<p>Pravni fakultet u Sarajevu je javna ustanova koja djelatnost visokog obrazovanja obavlja organiziranjem nastavnog, nau\u010dno-istra\u017eiva\u010dkog i stru\u010dnog rada kroz dodiplomski i postdiplomski studij. U cilju ostvarivanja zadataka u okviru svoje djelatnosti, na unutra\u0161njem planu Fakultet je organiziran putem: katedri, nastavnih predmeta, Centra za nau\u010dno istra\u017eiva\u010dki rad, izdava\u010dku djelatnost i pravne klinike, instituta, seminara, biblioteke i slu\u017ebi zajedni\u010dkih poslova &#8211; Sekretarijata Fakulteta.<\/p>\n<h5>Mati\u010dari Pravnog fakulteta u Sarajevu su bili:<\/h5>\n<h5>1. akademik prof. dr Mehmed Begovi\u0107<\/h5>\n<p>&#8211; redovni profesor Pravnog fakulteta u Beogradu,<\/p>\n<h5>2. akademik prof. dr Gorazd Ku\u0161ej<\/h5>\n<p>&#8211; redovni profesor Pravnog fakulteta u Ljubljani i<\/p>\n<h5>3. prof. dr Pavao Rastov\u010dan<\/h5>\n<p>&#8211; redovni profesor Pravnog fakulteta u Zagrebu.<\/p>\n<p>Izbor prvih nastavnika Pravnog fakulteta u Sarajevu izvr\u0161ili su njegovi mati\u010dari, odnosno izabrali su dva redovna profesora za historijsko-pravne predmete: dr Aleksandra Solovjeva i dr Branislava Nedeljkovi\u0107a, dva vanredna profesora: dr Milo\u0161a Baji\u0107a za Rimsko pravo i dr Hamdiju \u0106emreli\u0107a za Ustavno pravo, te dva honorarna nastavnika: Dragomira Krndiju za Politi\u010dku ekonomiju i Dragu Ljubibrati\u0107a za Teoriju dr\u017eave i prava. Ovi nastavnici su docnije birali druge nastavnike.\u00a0Danas su nastavnici Pravnog fakulteta doktori nauka u zvanjima redovnih i vanrednih profesora i docenata, a ve\u0107ina nastavnika i saradnika je zavr\u0161ila Pravni fakultet u Sarajevu.<\/p>\n<p>U prvoj akademskoj godini 1946\/47. godine, nastava je po\u010dela 6. Februara 1947. godine, a bilo je upisano ukupno 334 studenta (121 redovnih i 213 vanrednih). Od \u0161kolske godine 1963\/64. broj upisanih studenta raste, odnosno te godine je upisano preko 1000 studenata. Do danas upisano je oko 64.000 studenata, a diplomu Pravnog fakulteta u Sarajevu primilo je dosad 14.170 studenata (podatak iz septembra 2015).<\/p>\n<p>Od svog osnivanja, Pravni fakultet u Sarajevu je pro\u0161ao kroz vi\u0161e pravnih re\u017eima u skladu sa tada\u0161njim saveznim i republi\u010dkim zakonima o visoko\u0161kolskom obrazovanju. Za sve to vrijeme, Pravni fakultet u Sarajevu ostao je samostalna javna ustanova \u010dija je djelatnost vezana za organizovanje nastavnog, nau\u010dno-istra\u017eiva\u010dkog i stru\u010dnog rada. U postdejtonskoj BiH pravo osniva\u010da prema Fakultetu vr\u0161i Kanton Sarajevo u skladu sa donesenim kantonalnim Zakonom o visokom obrazovanju.\u00a0Na Fakultetu se organizuje i izvodi nastava na I ciklusu studija za sticanje visoke stru\u010dne spreme u trajanju od \u010detiri godine (osam semestara), te nastava na II ciklusu studija za sticanje stru\u010dnog stepena mastera prava (dva semestra), te doktorski studija za sticanje nau\u010dnog stepena doktora pravnih nauka.<\/p>\n<p>Nastavni program i plan na Pravnom fakultetu u Sarajevu je uvijek bio koncipiran tako da ima za cilj razvijanje pravni\u010dkog mi\u0161ljenja i op\u0107e pravni\u010dke kulture studenata, obuhvatanjem \u0161irokog spektra razli\u010ditih nau\u010dnih disciplina.\u00a0Te\u017enja je bila da student razumije porijeklo, uzroke nastanka i funkcioniranja pravnog sistema, njegove osnovne principe i odnos prava prema stvarnim odnosima u \u017eivotu kao i drugim nau\u010dnim disciplinama. Zahvaljuju\u0107i \u0161iroko postavljenom nastavnom planu, studenti Pravnog fakulteta u Sarajevu, uspje\u0161no su se zapo\u0161ljavali ne samo na poslovima u sudovima, advokaturi, upravi i drugim dr\u017eavnim organima, nego i u privredi, diplomatiji, politici, bankarstvu i sl.<\/p>\n<p>Rezultate nau\u010dnog rada Fakultet je u po\u010detku objavljivao u \u00ab Istorijsko-pravnom zborniku\u00bb koji je izlazio do 1952. godine, a od 1953. godine u svom zborniku \u00abGodi\u0161njak\u00bb. Pored Godi\u0161njaka Pravnog fakulteta u Sarajevu koji ulazi u 50-tu godinu izdavanja, Fakultet od 2000. godine, putem Instituta za ljudska prava, izdaje i Ljudska prava-Revija za ljudska prava. Do danas je na Fakultetu objavljen i veliki broj ud\u017ebenika, monografija i skripti iz mnogih pravnih disciplina, koje su napisali nastavnici Fakulteta.<\/p>\n<p>Posebno je vrijedna Biblioteka Pravnog fakulteta u Sarajevu kao dragocjena osnova za nau\u010dni i stru\u010dni rad. Danas se u njoj, kao najbogatijoj i najbolje opremljenoj pravnoj biblioteci BiH, nalazi gotovo 200.000 bibliote\u010dkih naslova , me\u0111u njima i mnogi rariteti, koji pokrivaju sva pravna podru\u010dja.<\/p>\n<p>Pravni fakultet u Sarajevu kao najstariji pravni fakultet u dr\u017eavi, svestrano je pomagao osnivanje i razvoj drugih visoko\u0161kolskih ustanova u BiH, a pravni fakulteti u Mostaru i Banja Luci, prije svog osnivanja bili su odjeljenja Pravnog fakulteta u Sarajevu. Istovremeno Pravni fakultet u Sarajevu razvija i ja\u010da i me\u0111unarodnu nau\u010dnu saradnju. Njegovi \u010dlanovi sudjeluju u radu mnogih me\u0111unarodnih institucija i tijela, a Fakultet njeguje saradnju sa drugim pravnim fakultetima kao i nau\u010dnicima u drugim dr\u017eavama. Nastavnici Pravnog fakulteta u Sarajevu uvjek su bili anga\u017eovani kao istaknuti stru\u010dnjaci u radu raznih dr\u017eavnih organa i tijela, a danas daju veliki doprinos stvaranju bosansko-hercegova\u010dkog pravnog sistema, uspostavi pravne dr\u017eave i odgajanju novih nara\u0161taja pravnika na najboljim evropskim pravnim tradicijama.<\/p>\n<\/div>\n<\/div>\n","protected":false},"excerpt":{"rendered":"<p>Pravni fakultet u Sarajevu je javna ustanova koja djelatnost visokog obrazovanja obavlja organiziranjem nastavnog, nau\u010dno-istra\u017eiva\u010dkog i stru\u010dnog rada kroz dodiplomski i postdiplomski studij. U cilju ostvarivanja zadataka u okviru svoje djelatnosti, na unutra\u0161njem planu Fakultet je organiziran putem: katedri, nastavnih predmeta, Centra za nau\u010dno istra\u017eiva\u010dki rad, izdava\u010dku djelatnost i pravne klinike, instituta, seminara, biblioteke i [&hellip;]<\/p>\n","protected":false},"author":1,"featured_media":0,"parent":123,"menu_order":0,"comment_status":"open","ping_status":"open","template":"","meta":{"_eb_attr":"","jetpack_post_was_ever_published":false,"footnotes":""},"class_list":["post-945","page","type-page","status-publish","hentry","node node-blog clearfix"],"jetpack_shortlink":"https:\/\/wp.me\/P9i2Az-ff","jetpack_sharing_enabled":true,"post_mailing_queue_ids":[],"_links":{"self":[{"href":"https:\/\/pfsa.unsa.ba\/pf\/wp-json\/wp\/v2\/pages\/945","targetHints":{"allow":["GET"]}}],"collection":[{"href":"https:\/\/pfsa.unsa.ba\/pf\/wp-json\/wp\/v2\/pages"}],"about":[{"href":"https:\/\/pfsa.unsa.ba\/pf\/wp-json\/wp\/v2\/types\/page"}],"author":[{"embeddable":true,"href":"https:\/\/pfsa.unsa.ba\/pf\/wp-json\/wp\/v2\/users\/1"}],"replies":[{"embeddable":true,"href":"https:\/\/pfsa.unsa.ba\/pf\/wp-json\/wp\/v2\/comments?post=945"}],"version-history":[{"count":24,"href":"https:\/\/pfsa.unsa.ba\/pf\/wp-json\/wp\/v2\/pages\/945\/revisions"}],"predecessor-version":[{"id":7069,"href":"https:\/\/pfsa.unsa.ba\/pf\/wp-json\/wp\/v2\/pages\/945\/revisions\/7069"}],"up":[{"embeddable":true,"href":"https:\/\/pfsa.unsa.ba\/pf\/wp-json\/wp\/v2\/pages\/123"}],"wp:attachment":[{"href":"https:\/\/pfsa.unsa.ba\/pf\/wp-json\/wp\/v2\/media?parent=945"}],"curies":[{"name":"wp","href":"https:\/\/api.w.org\/{rel}","templated":true}]}}