{"id":955,"date":"2014-09-08T10:27:53","date_gmt":"2014-09-08T08:27:53","guid":{"rendered":"http:\/\/www.pfsa.unsa.ba\/pf\/?page_id=955"},"modified":"2023-06-21T10:43:01","modified_gmt":"2023-06-21T08:43:01","slug":"model-studija","status":"publish","type":"page","link":"https:\/\/pfsa.unsa.ba\/pf\/studenti\/model-studija\/","title":{"rendered":"Model studija"},"content":{"rendered":"<div class=\"large-6 columns\">\n<div class=\"service-div clearfix\">\n<h2>Nastavni plan I ciklusa studija<\/h2>\n<p>Pravni fakultet u Sarajevu, u skladu sa Zakonom o visokom obrazovanju Kantona Sarajevo organizira i izvodi dodiplomsku nastavu za sticanje visoke stru\u010dne spreme i postdiplomsku nastavu za sticanje stru\u010dnog stepena specijaliste i nau\u010dnog stepena magistra, odnosno doktora pravnih nauka.Nastava se izvodi prema utvr\u0111enom nastavnom planu i nastavnim programima. Nastava za redovne studente se izvodi u prijepodnevnim i popodnevnim satima, a za vanredne studente u popodnevnim satima i to u prostorijama Fakulteta.<\/p>\n<p>Nastavni plan za sticanje visoke stru\u010dne spreme diplomiranog pravnika obuhvata nastavne predmete, ukupan broj \u010dasova predavanja, vje\u017ebi i drugih obaveznih oblika nastavnog rada.<br \/>\nNastavni plan i program stru\u010dnih i fakultativnih predmeta donosi Nau\u010dno-nastavno vije\u0107e uz prethodnu saglasnost Univerziteta u Sarajevu. Nastavni plan sadr\u017ei op\u0107e, stru\u010dne i fakultativne predmete. Op\u0107i i stru\u010dni predmeti su obavezni, a fakultativni predmet postaje obavezan nakon \u0161to ih student odabere.<\/p>\n<p>Dodiplomski studij za sticanje visoke stru\u010dne spreme traje 4 (\u010detiri) godine.<\/p>\n<p>Nastava i ispiti obavljaju se u toku \u0161kolske godine, koja po\u010dinje 1. oktobra teku\u0107e godine, a zavr\u0161ava se 30.septembra naredne kalendarske godine. Dijeli se na ljetni i zimski semestar. Zimski semestar po\u010dinje 1. oktobra teku\u0107e godine i zavr\u0161ava se 31. januara naredne kalendarske godine, a ljetni semestar po\u010dinje 1. februara i zavr\u0161ava se 30. septembra teku\u0107e godine.<br \/>\nNastava u jednom semestru traje 15 (petnaest) sedmica. Sedmi\u010dni broj \u010dasova nastave za studente iznosi najmanje 20, a najvi\u0161e 30 \u010dasova u ovisnosti od nastavnog plana za odre\u0111enu godinu studija.<\/p>\n<h4>Model I ciklusa studija<\/h4>\n<table border=\"1\">\n<tbody>\n<tr>\n<th scope=\"col\" width=\"35%\">Godina<br \/>\nstudija<\/th>\n<th scope=\"col\" width=\"35%\">NASTAVNI PREDMETI Obavezni<\/th>\n<th scope=\"col\" width=\"35%\">Izborni\/<br \/>\nfakultativni<\/th>\n<\/tr>\n<tr>\n<td><em>PRVA<\/em><br \/>\n<strong><em>I + II semestar<\/em><\/strong><\/td>\n<td>\u00a05 + 5 = 10<\/td>\n<td>\u00a00<\/td>\n<\/tr>\n<tr>\n<td><em>DRUGA<\/em><br \/>\n<strong><em>III + IV semestar<\/em><\/strong><\/td>\n<td>\u00a05 + 5 = 10<\/td>\n<td><strong>1<\/strong>\/student bira jedan predmet sa Liste izbornih\/fakultativnih predmeta I\/<\/td>\n<\/tr>\n<tr>\n<td><em>TRE\u0106A<\/em><br \/>\n<strong><em>V + VI semestar<\/em><\/strong><\/td>\n<td>\u00a06 + 5 = 11<\/td>\n<td><strong>1<\/strong>\/student bira jedan predmet sa Liste izbornih\/fakultativnih predmeta II\/<\/td>\n<\/tr>\n<tr>\n<td><em>\u010cETVRTA<\/em><br \/>\n<strong><em>VII + VIII semestar<\/em><\/strong><\/td>\n<td>6 + 5 = 11<\/td>\n<td><strong>1<\/strong>\/student bira jedan predmet sa Liste izbornih\/fakultativnih predmeta III\/<\/td>\n<\/tr>\n<tr>\n<td>\u00a0<strong><em>Ukupno: <\/em><\/strong><\/td>\n<td>\u00a042<\/td>\n<td>\u00a03<\/td>\n<\/tr>\n<tr>\n<td> <strong><em>Ukupno: <\/em><\/strong><\/td>\n<td> 45<\/td>\n<\/tr>\n<\/tbody>\n<\/table>\n<p>Dodiplomski univerzitetski studij prava &#8211; I ciklus studija na snazi od studijske 2023\/2024. godine. Osim osnovnog  teksta iz aprila 2018. godine (Odluka Senata Univerziteta u Sarajevu broj: 01-420\/18 od 25.04.2018. godine) sadr\u017ei i: Izmjene i dopune (Odluka Senata Univerziteta u Sarajevu broj: 01-7-41\/23 od 29.03.2023. godine) i Osavremenjavanje studijskog programa (Odluka Nastavno-nau\u010dnog vije\u0107a UNSA &#8211; Pravnog fakulteta broj: 01-810-1\/23 od 10.05.2023. godine) &#8211; <a href=\"https:\/\/pfsa.unsa.ba\/pf\/wp-content\/uploads\/2023\/06\/Studijski-program-Dodiplomski-univerzitetski-studij-prava-I-ciklus-studija-.pdf\" target=\"_blank\" rel=\"noopener\">Pregled<\/a><\/p>\n<p>Napomena: Nastavno-nau\u010dno vije\u0107e Fakulteta prije po\u010detke svake akademske\/studijske godine donosi odluku o <em>najmanje pet izbornih predmeta<\/em> sa liste izbornih predmeta na kojima \u0107e se izvoditi nastava za teku\u0107u akademsku\/studijsku godinu na osnovu broja studenata, prostornih i kadrovskih mogu\u0107nosti.<\/p>\n<p>Na osnovu prijedloga Nastavno-nau\u010dnog vije\u0107a Pravnog fakuleta broj: 01-464\/18 od 05.04.2018.god. i Odluke Senata Univerziteta u Sarajevu broj: 01-420\/18 od 25.04.2018. godine od akademske 2018\/19 godine studij I ciklusa se organizira i izvodi po Studijskom programu za I ciklus studija &#8211; Dodiplomski univerzitetski studij prava &#8211; <a href=\"https:\/\/pfsa.unsa.ba\/pf\/wp-content\/uploads\/2021\/04\/STUDIJSKI-PROGRAM-DODIPLOMSKI-UNIVERZITETSKI-STUDIJ-PRAVA.pdf\" target=\"_blank\" rel=\"noopener\">Pregled<\/a><\/p>\n<p>Studijski program I ciklusa studija do kraja akademske 2017\/18 godine &#8211; <a href=\"http:\/\/www.pfsa.unsa.ba\/pf\/wp-content\/uploads\/2014\/09\/Nastavni-plan-i-program-1.pdf\" target=\"_blank\" rel=\"noopener\">Pregled<\/a><\/p>\n<h2>Nastavni plan II ciklusa studija<\/h2>\n<h4>Opis studija<\/h4>\n<p>Pravni osnov za organiziranje II ciklusa studija sadr\u017ean je u Zakonu o visokom obrazovanju Kantona Sarajevo, te odredbama Pravilnika za drugi (II) ciklus studija Univerziteta u Sarajevu u kojem je utvr\u0111eno da II ciklus studija traje najmanje dva semestra. Ukupan broj bodova na studiju je 60 ECTS, \u010dime student\/ica zavr\u0161etkom I i II ciklusa studija sti\u010de ukupno 300 ECTS bodova.<\/p>\n<h4>Trajanje studija<\/h4>\n<p>Studij traje jednu akademsku godinu, odnosno dva semestra.<\/p>\n<h4>Uvjeti upisa na studij<\/h4>\n<p>Pravo upisa na studij imaju kandidati\/kandidatkinje koji\/e ispunjavaju kriterij zavr\u0161enog I ciklusa studija koji nosi 240 ECTS bodova.<\/p>\n<h4>Stru\u010dni naziv<\/h4>\n<p>Zavr\u0161etkom II ciklusa studija sti\u010de se naziv magistar prava \u2013 (naziv zavr\u0161nog smjera). Skra\u0107enica stepena magistra prava je MA i stoji iza imena kandidata\/kinje (\u010dl. 4. Pravilnika o kori\u0161tenju akademskih titula i sticanju nau\u010dnih i stru\u010dnih zvanja na visoko\u0161kolskim ustanovama u Kantonu Sarajevo, Sl. novine Kantona Sarajevo br. 34\/08).<\/p>\n<h4>Struktura II ciklusa studija i obaveze polaznika<\/h4>\n<p>Nastava u I semestru traje 15 sedmica i odr\u017eava se u popodnevnim satima od 16 do 20 sati. Nastava je obavezna, a opravdati se mo\u017ee izostanak najvi\u0161e 30% \u010dasova iz pojedinog predmeta. Urednost poha\u0111anja nastave potvr\u0111uju nastavnici\/ce potpisom u indeks.<br \/>\nNastava iz pojedinog obaveznog nastavnog predmeta traje 30 \u010dasova, a konsultacije traju 15 \u010dasova. Nastava iz izbornih predmeta traje 15 \u010dasova, a konsultacije traju 7 \u010dasova. U zavisnosti od potrebe odgovorni nastavnik\/ca mo\u017ee odrediti dodatne sate kansultacija.<br \/>\nIspiti se pola\u017eu u januarsko-februarskom, junsko-julskom i septembarskom ispitnom roku i ocjenjuju ocjenom od pet (5) do deset (10).<br \/>\nStudij se zavr\u0161ava izradom i odbranom pisanog zavr\u0161nog rada obima izme\u0111u 60 i 80 stranica. Zavr\u0161ni rad treba biti pisan u stilu Times New Roman, font 12, prored 1,5.<\/p>\n<h4>Maksimalna du\u017eina razdoblja od po\u010detka do zavr\u0161etka studiranja<\/h4>\n<p>Maksimalna du\u017eina razdoblja od po\u010detka do zavr\u0161etka studiranja iznosi dvije akademske godine (jednu tokom koje student\/ica poha\u0111a nastavu i jo\u0161 maksimalno jednu akademsku godinu tokom koje dovr\u0161ava svoje obaveze).<\/p>\n<h4>Mjesto realizacije studijskog programa<\/h4>\n<p>Studij se realizira u Sarajevu, u prostorijama Pravnog fakulteta, a u zavisnosti od ciljne skupine i u drugim institucijama.<\/p>\n<h4>Model II ciklusa studija<\/h4>\n<h4>I semestar<\/h4>\n<table border=\"1\">\n<tbody>\n<tr>\n<th scope=\"col\" width=\"35%\"><strong>Nastavni predmet<\/strong><\/th>\n<th scope=\"col\" width=\"35%\"><strong>Kontakt sati<\/strong><\/th>\n<th scope=\"col\" width=\"35%\"><strong>ECTS<\/strong><\/th>\n<\/tr>\n<tr>\n<td>1. Metodologija istra\u017eivanja<\/td>\n<td>1 (20)<\/td>\n<td>5<\/td>\n<\/tr>\n<tr>\n<td>2. Obavezni predmet smjera<\/td>\n<td>2 (30)<\/td>\n<td>10<\/td>\n<\/tr>\n<tr>\n<td><em>3. Obavezni predmet smjera<\/em><\/td>\n<td>2 (30)<\/td>\n<td>10<\/td>\n<\/tr>\n<tr>\n<td>4. Izborni predmet\u2013seminar smjera<strong><strong>[1]<\/strong><\/strong><\/td>\n<td>1 (15)<\/td>\n<td>5<\/td>\n<\/tr>\n<tr>\n<td><strong><em><strong>I semestar ukupno<\/strong><\/em><\/strong><\/td>\n<td><strong>6 (95)<\/strong><\/td>\n<td>30<\/td>\n<\/tr>\n<\/tbody>\n<\/table>\n<h4>II semestar<\/h4>\n<table border=\"1\">\n<tbody>\n<tr>\n<th scope=\"col\" width=\"35%\"><strong>Nastavni predmet<\/strong><\/th>\n<th scope=\"col\" width=\"35%\"><strong>Kontakt sati<\/strong><\/th>\n<th scope=\"col\" width=\"35%\"><strong>ECTS<\/strong><\/th>\n<\/tr>\n<tr>\n<td>1. Obavezni predmet smjera<strong><em><br \/>\n<\/em><\/strong><\/td>\n<td>2 (30)<\/td>\n<td>10<\/td>\n<\/tr>\n<tr>\n<td>2. Izrada magistarskog rada \/ zavr\u0161ni rad<\/td>\n<td>(***)<\/td>\n<td>20<\/td>\n<\/tr>\n<tr>\n<td><strong><em><strong>II semestar ukupno<\/strong><\/em><\/strong><\/td>\n<td>2 (30)<\/td>\n<td>30<\/td>\n<\/tr>\n<\/tbody>\n<\/table>\n<table border=\"1\">\n<tbody>\n<tr>\n<th scope=\"col\" width=\"21%\"><strong>Ukupno na studiju<\/strong>:<\/th>\n<th scope=\"col\" width=\"22%\">125<\/th>\n<th scope=\"col\" width=\"20%\">60<\/th>\n<\/tr>\n<\/tbody>\n<\/table>\n<p>[1]Student\/ica bira samo jedan od tri ponu\u0111ena izborna predmeta &#8211; seminara iz oblasti iz koje \u0107e raditi magistarski rad.<\/p>\n<p>Studijski program Master univerzitetski studij prava &#8211; II ciklus studija, na snazi od studijske 2023\/2024. godine. Osim osnovnog teksta iz aprila 2018. godine (Odluka Senata Univerziteta u Sarajevu broj: 01-420\/18 od 25.04.2018. godine) sadr\u017ei i: <strong>dvije Izmjene i dopune<\/strong> (Odluka Senata Univerziteta u Sarajevu o izmjenama i dopunama studijskog programa Master univerzitetski studij prava \u2013 II ciklus studija, broj: 01-4-115\/22 od 30.03.2022. godine i Odluka Senata Univerziteta u Sarajevu o izmjenama o dopunama studijskog programa Master univerzitetski studij prava \u2013 II ciklus studija broj: 01-7-41\/23 od 29.03.2023. godine), te <strong>osavremenjavanje studijskog programa<\/strong> (Odluka Nastavno-nau\u010dnog vije\u0107a UNSA &#8211; Pravnog fakulteta broj: 01-811-1-23 od 10.05.2023. godine). &#8211; <a href=\"https:\/\/pfsa.unsa.ba\/pf\/wp-content\/uploads\/2023\/06\/Studijski-program-Master-univerzitetski-studij-prava-II-ciklus-studija.pdf\" target=\"_blank\" rel=\"noopener\">Pregled<\/a><\/p>\n<\/div>\n<\/div>\n<div class=\"large-6 columns\">\n<div class=\"service-div clearfix\">\n<h2>Nastavni plan III ciklusa studija<\/h2>\n<h4>Opis studija<\/h4>\n<p>Tre\u0107i ciklus vodi do akademskog zvanja doktora ili ekvivalenta, traje tri godine i vrednuje se sa 180 ECTS. Prema tome, tre\u0107i ciklus studija je sastavni dio i zavr\u0161na faza visokog obrazovanja, odnosno obrazovanja na osmom, najvi\u0161em nivou. Nakon zavr\u0161etka tre\u0107eg ciklusa studija na Pravnom fakultetu u Sarajevu student:<\/p>\n<ul>\n<li>pokazuje sposobnost samostalnog istra\u017eiva\u010dkog rada u oblasti pravnih nauka, te<\/li>\n<li>samostalne primjene vje\u0161tina i metoda istra\u017eivanja u toj oblasti;<\/li>\n<li>pokazuje sposobnost sintetiziranja, primjenjivanja i prihvatanja procesa zasnovanih na<\/li>\n<li>nau\u010dnim saznanjima;<\/li>\n<li>originalnim istra\u017eivanjem doprinosi pro\u0161irenju granica znanja nau\u010dnim radom \u010diji neki<\/li>\n<li>dijelovi zaslu\u017euju objavljivanje u doma\u0107im i me\u0111unarodno referentnim publikacijama;<\/li>\n<li>promovira, u akademskom i profesionalnim kontekstu, napredak u oblasti pravnih<\/li>\n<li>nauka i prakse i samim tim op\u0161ti napredak u dru\u0161tvu<\/li>\n<\/ul>\n<h4>Trajanje studija<\/h4>\n<p>Doktorski studij na Pravnom fakultetu u Sarajevu traje tri godine, odnosno \u0161est semestara, a organiziran je u ECTS bodovnom sistemu. U odnosu na tipove doktorskog studija, radi se o doktorskom studiju mentorskog tipa koji omogu\u0107uje individualizaciju studija, shodno nau\u010dno \u2013 istra\u017eiva\u010dkim interesima svakog studenta\/ice. Studij zavr\u0161ava izradom i odbranom doktorske disertacije.<\/p>\n<h4>Uvjeti upisa<\/h4>\n<p style=\"text-align: center;\">I<\/p>\n<p>Na doktorski studij mogu se prijaviti kandidati koji ispunjavaju slijede\u0107e uslove:<br \/>\n1) diplomirani pravnik\/ica  sa na\u010dnim stepenom magistra pravnih nauka  uz uslov objavljena najmanje dva nau\u010dna ili  stru\u010dna rada u oblasti prava (studenti sa 360 ECTS bodova);<br \/>\n2) diplomirani pravnik\/ica  sa na\u010dnim stepenom magistra nauka  drugih fakulteta dru\u0161tevnih nauka uz uslov objavljena najmanje dva nau\u010dna ili  stru\u010dna rad u oblasti prava (studenti sa 360 ECTS bodova);<br \/>\n3) magistri  pravnih nauka sa diplomom drugih fakulteta dru\u0161tvenih nauka uz uslov objavljena najmanje dva nau\u010dna ili  stru\u010dna rada u oblasti prava (studenti sa 360 ECTS bodova);<br \/>\n4) bakalaureat prava sa zvanjem magistra prava (studenti sa 300 ECTS bodova);<br \/>\n5) bakalaureat prava  sa zvanjem magistra iz oblasti  drugih  dru\u0161tevnih nauka (studenti sa 300 ECTS bodova);<br \/>\n6) magistar prava sa diplomom fakulteta dru\u0161tvenih nauka (studenti sa 300 ECTS bodova);<br \/>\n7) kandidati koji su stekli ekvivalent akademskom zvanju magistra (specijalisti), a u prvom ili  drugom ciklusu, su zavr\u0161ili pravni fakultet ili stekli ekvivalent na II ciklusu na pravnim fakultetima;<br \/>\n8) kandidati koji su zavr\u0161ili prvi i drugi ciklus studija iz podru\u010dja dru\u0161tvenih i humanisti\u010dkih nauka (studenti sa najmanje 300 ECTS).<\/p>\n<p>Kandidati koji ispunjavaju uslove iz ta\u010dke 1) ,2), i 3 ) upisuju tre\u0107i semestar doktorskog studija, odnosno kandidatima koji su stekli titulu magistra nauka prije uvo\u0111enja bolonjskog trocikli\u010dnog studija priznaje se 60 ECTS bodova .<\/p>\n<p style=\"text-align: center;\">II<\/p>\n<p>U slu\u010daju da kandidat ne ispunjava uslove u pogledu nau\u010dnih ili stru\u010dnih radova u oblasti prava uvodi se ekvivalencija odnosno supstitucija sa tri referata\/saop\u0107enja  na nau\u010dnim ili stru\u010dnim skupovim, okruglim stolovima i seminarima.<\/p>\n<p style=\"text-align: center;\">III<\/p>\n<p>Kandidati koji ne ispunjavaju uslove u pogledu nau\u010dnih i stru\u010dnih radova, referata\/saop\u0107enja  na nau\u010dnim ili stru\u010dnim skupovim, okruglim stolovima i seminarima upisuju drugi semestar doktorskog studija odnosno na osnovu zavr\u0161enih postdiplomskih studija po predbolonjskim nastavnim planovima i programima priznaje im se 30 ECTS bodova.<br \/>\nSvi ostali kandidati upisuju prvi semestar doktorskog studija.<\/p>\n<h4>Akademski naziv<\/h4>\n<p>Zavr\u0161etkom studija i odbranom doktorske disertacije studenti sti\u010du diplomu i akademski stepen doktora\/ice nauka sa naznakom nau\u010dne oblasti \u201edoktor\/ica pravnih nauka\u201c. Skra\u0107enica zvanja Doktor pravnih nauka ozna\u010dava se sa \u201eDr\u201c i stavlja se ispred imena i prezimena osobe koja ga je stekla<\/p>\n<h4>Model III ciklusa studija<\/h4>\n<p>Struktura doktorskog studija oslanja se na:<br \/>\n1) nau\u010dno \u2013 nastavni dio, koji se izvodi u funkciji istra\u017eiva\u010dkog rada;<br \/>\n2) nau\u010dno \u2013 istra\u017eiva\u010dki dio, koji je u funkciji izrade doktorske disertacije.<\/p>\n<p>Nau\u010dno \u2013 nastavni dio programa doktorskog studija u funkciji je istra\u017eiva\u010dkog rada,<br \/>\na obuhva\u0107a:<br \/>\na) op\u0107i studij, i<br \/>\nb) studij smjera<\/p>\n<p>Nau\u010dno \u2013 istra\u017eiva\u010dki dio studija obuhva\u0107a nau\u010dno \u2013 istra\u017eiva\u010dki i prakti\u010dni rad, izdavanje i objavljivanje radova, javnu prezentaciju rezultata istra\u017eivanja, te izradu i obranu doktorske disertacije.<\/p>\n<p>Model nastavnog plana doktorskog studija &#8211; <a href=\"http:\/\/www.pfsa.unsa.ba\/pf\/wp-content\/uploads\/2018\/05\/Model-nastavnog-plana-doktorskog-studija.pdf\" target=\"_blank\" rel=\"noopener\">Pregled<\/a><\/p>\n<p>Na osnovu prijedloga Nastavno-nau\u010dnog vije\u0107a Pravnog fakuleta broj: 01-464\/18 od 05.04.2018.god. i Odluke Senata Univerziteta u Sarajevu broj: 01-420\/18 od 25.04.2018. godine od akademske 2018\/19 godine studij III ciklusa se organizira i izvodi po Studijskom programu za III ciklus studija &#8211; Doktorski univerzitetski studij prava &#8211; <a href=\"http:\/\/www.pfsa.unsa.ba\/pf\/wp-content\/uploads\/2020\/02\/doktorski-studij-prava-elaborat-25.2.18..pdf\" target=\"_blank\" rel=\"noopener\">Pregled<\/a><\/p>\n<\/div>\n<\/div>\n","protected":false},"excerpt":{"rendered":"<p>Nastavni plan I ciklusa studija Pravni fakultet u Sarajevu, u skladu sa Zakonom o visokom obrazovanju Kantona Sarajevo organizira i izvodi dodiplomsku nastavu za sticanje visoke stru\u010dne spreme i postdiplomsku nastavu za sticanje stru\u010dnog stepena specijaliste i nau\u010dnog stepena magistra, odnosno doktora pravnih nauka.Nastava se izvodi prema utvr\u0111enom nastavnom planu i nastavnim programima. Nastava za [&hellip;]<\/p>\n","protected":false},"author":1,"featured_media":0,"parent":133,"menu_order":39,"comment_status":"open","ping_status":"open","template":"","meta":{"_eb_attr":"","jetpack_post_was_ever_published":false,"footnotes":""},"class_list":["post-955","page","type-page","status-publish","hentry","node node-blog clearfix"],"jetpack_shortlink":"https:\/\/wp.me\/P9i2Az-fp","jetpack_sharing_enabled":true,"post_mailing_queue_ids":[],"_links":{"self":[{"href":"https:\/\/pfsa.unsa.ba\/pf\/wp-json\/wp\/v2\/pages\/955","targetHints":{"allow":["GET"]}}],"collection":[{"href":"https:\/\/pfsa.unsa.ba\/pf\/wp-json\/wp\/v2\/pages"}],"about":[{"href":"https:\/\/pfsa.unsa.ba\/pf\/wp-json\/wp\/v2\/types\/page"}],"author":[{"embeddable":true,"href":"https:\/\/pfsa.unsa.ba\/pf\/wp-json\/wp\/v2\/users\/1"}],"replies":[{"embeddable":true,"href":"https:\/\/pfsa.unsa.ba\/pf\/wp-json\/wp\/v2\/comments?post=955"}],"version-history":[{"count":66,"href":"https:\/\/pfsa.unsa.ba\/pf\/wp-json\/wp\/v2\/pages\/955\/revisions"}],"predecessor-version":[{"id":63820,"href":"https:\/\/pfsa.unsa.ba\/pf\/wp-json\/wp\/v2\/pages\/955\/revisions\/63820"}],"up":[{"embeddable":true,"href":"https:\/\/pfsa.unsa.ba\/pf\/wp-json\/wp\/v2\/pages\/133"}],"wp:attachment":[{"href":"https:\/\/pfsa.unsa.ba\/pf\/wp-json\/wp\/v2\/media?parent=955"}],"curies":[{"name":"wp","href":"https:\/\/api.w.org\/{rel}","templated":true}]}}